{"id":10871,"date":"2025-09-19T13:44:33","date_gmt":"2025-09-19T11:44:33","guid":{"rendered":"https:\/\/magiiik.netstory.com.pl\/produkt\/sleeper-by-eoin-ohare\/"},"modified":"2025-09-19T13:44:55","modified_gmt":"2025-09-19T11:44:55","slug":"sleeper-by-eoin-ohare","status":"publish","type":"product","link":"https:\/\/magiiik.netstory.com.pl\/?product=sleeper-by-eoin-ohare","title":{"rendered":"SLEEPER by Eoin O&#8217;Hare"},"content":{"rendered":"<p style=\"text-align: center;\"><strong>RISING CARD DECK NA ZUPE\u0141NIE INNYM POZIOMIE!<\/strong><\/p>\n<p style=\"text-align: center;\">W przeciwie\u0144stwie do poprzednich metod, SLEEPER jest niezwykle praktyczny i ma znacz\u0105ce zalety w<\/p>\n<p style=\"text-align: center;\">stosunku do innych rosn\u0105cych efekt\u00f3w kartowych. Talia mo\u017ce by\u0107 tasowana, rozk\u0142adana na stole i trzymana w r\u0119kach widza.<\/p>\n<p style=\"text-align: center;\">OBEJRZYJ FILM:<\/p>\n<p style=\"text-align: center;\"><a href=\"https:\/\/magiiik.netstory.com.pl\/7\">https:\/\/www.youtube.com\/watch?v=Hw1aBxCfazo<\/a><\/p>\n","protected":false},"excerpt":{"rendered":"<p>Efekt wysuwaj\u0105cej si\u0119 karty z talii na zupe\u0142nie innym poziomie!<\/p>\n<p>Talia mo\u017ce by\u0107 tasowana i trzymana w r\u0119kach widza.<\/p>\n","protected":false},"featured_media":10872,"comment_status":"closed","ping_status":"open","template":"","meta":[],"product_brand":[],"product_cat":[41],"product_tag":[],"class_list":{"0":"post-10871","1":"product","2":"type-product","3":"status-publish","4":"has-post-thumbnail","6":"product_cat-mikro-iluzja-close-up-efekty-z-kartami","8":"first","9":"instock","10":"purchasable","11":"product-type-simple"},"_links":{"self":[{"href":"https:\/\/magiiik.netstory.com.pl\/index.php?rest_route=\/wp\/v2\/product\/10871","targetHints":{"allow":["GET"]}}],"collection":[{"href":"https:\/\/magiiik.netstory.com.pl\/index.php?rest_route=\/wp\/v2\/product"}],"about":[{"href":"https:\/\/magiiik.netstory.com.pl\/index.php?rest_route=\/wp\/v2\/types\/product"}],"replies":[{"embeddable":true,"href":"https:\/\/magiiik.netstory.com.pl\/index.php?rest_route=%2Fwp%2Fv2%2Fcomments&post=10871"}],"wp:featuredmedia":[{"embeddable":true,"href":"https:\/\/magiiik.netstory.com.pl\/index.php?rest_route=\/wp\/v2\/media\/10872"}],"wp:attachment":[{"href":"https:\/\/magiiik.netstory.com.pl\/index.php?rest_route=%2Fwp%2Fv2%2Fmedia&parent=10871"}],"wp:term":[{"taxonomy":"product_brand","embeddable":true,"href":"https:\/\/magiiik.netstory.com.pl\/index.php?rest_route=%2Fwp%2Fv2%2Fproduct_brand&post=10871"},{"taxonomy":"product_cat","embeddable":true,"href":"https:\/\/magiiik.netstory.com.pl\/index.php?rest_route=%2Fwp%2Fv2%2Fproduct_cat&post=10871"},{"taxonomy":"product_tag","embeddable":true,"href":"https:\/\/magiiik.netstory.com.pl\/index.php?rest_route=%2Fwp%2Fv2%2Fproduct_tag&post=10871"}],"curies":[{"name":"wp","href":"https:\/\/api.w.org\/{rel}","templated":true}]}}