{"id":10864,"date":"2025-09-19T13:44:33","date_gmt":"2025-09-19T11:44:33","guid":{"rendered":"https:\/\/magiiik.netstory.com.pl\/produkt\/turbo-stick\/"},"modified":"2025-09-19T13:44:50","modified_gmt":"2025-09-19T11:44:50","slug":"turbo-stick","status":"publish","type":"product","link":"https:\/\/magiiik.netstory.com.pl\/?product=turbo-stick","title":{"rendered":"Turbo Stick"},"content":{"rendered":"<div class=\"jhH5U r-isM7JfC1fzyo\" data-rtid=\"isM7JfC1fzyo\">\n<div id=\"tw-ob\" class=\"tw-src-ltr\">\n<div class=\"oSioSc\">\n<div id=\"tw-target\">\n<div id=\"kAz1tf\" class=\"g9WsWb\">\n<div id=\"tw-target-text-container\" class=\"tw-ta-container tw-nfl\">\n<pre id=\"tw-target-text\" class=\"tw-data-text tw-ta tw-text-small\" dir=\"ltr\" data-placeholder=\"T\u0142umaczenie\"><span lang=\"pl\" tabindex=\"0\">X  12 chwil wow za nieca\u0142\u0105 minut\u0119. X znika, pojawia si\u0119, transponuje i mno\u017cy si\u0119 szybko, ko\u0144cz\u0105c si\u0119 niesamowit\u0105 wizualn\u0105 produkcj\u0105 znacznika, kt\u00f3rego u\u017cy\u0142e\u015b na pocz\u0105tku efektu. <br \/>Zaczynasz i ko\u0144czysz czyszczenie.    G\u0105bka  Czerwone kropki pojawiaj\u0105 si\u0119, znikaj\u0105 i mno\u017c\u0105 si\u0119, ko\u0144cz\u0105c na ogl\u0105daniu jednej z kropek widocznie przekszta\u0142caj\u0105cych si\u0119 w g\u0105bczast\u0105 kulk\u0119, <br \/>kt\u00f3ra jest powtarzana za pomoc\u0105 drugiej g\u0105bki w jeszcze bardziej wizualny spos\u00f3b, pozostawiaj\u0105c Ci\u0119 idealnie czystego na ko\u0144cu ze wszystkim mo\u017cliwym do zbadania. <br \/>  Nazwa gry  Litery narysowane na Turbo Stick zaczynaj\u0105 znika\u0107 i zmienia\u0107 si\u0119, ko\u0144cz\u0105c na literach widocznie przekszta\u0142caj\u0105cych si\u0119 w imi\u0119 w\u0142asne widza! <br \/>Po raz kolejny wszystko jest natychmiast wytarte, pozostawiaj\u0105c ci\u0119 w czysto\u015bci i natychmiast zresetowa\u0107 na kolejny wyst\u0119p!    Hot Rod za ka\u017cdym razem  Narysuj sze\u015b\u0107 obiekt\u00f3w na swoim Turbo Stick i popro\u015b widza o wybranie jednego. <br \/>Magia zaczyna si\u0119 dzia\u0107, gdy obiekty zaczynaj\u0105 znika\u0107, jeden po drugim, pozostawiaj\u0105c ci\u0119 tylko wybranym obiektem. <br \/>Jako szalony kicker, Paddle natychmiast zostaje wype\u0142nione wybranym obiektem po obu stronach! Jedno przesuni\u0119cie palc\u00f3w i wszystko zmywa si\u0119 do ko\u0144ca!<\/span><\/pre>\n<pre class=\"tw-ta tw-text-small\" lang=\"pl\">\u00a0<\/pre>\n<\/p><\/div>\n<div id=\"z6maec\" class=\"tw-ta-container tw-nfl\">\u00a0<\/div>\n<div id=\"tw-tmenu\" class=\"tw-menu\">\u00a0<\/div><\/div><\/div><\/div><\/div>\n<div class=\"dURPtb\">\u00a0<\/div>\n<div class=\"iTm8fGigJYy4-pvVKlfEP0Yk\">\u00a0<\/div><\/div>\n","protected":false},"excerpt":{"rendered":"<p>X 12 chwil wow za nieca\u0142\u0105 minut\u0119. X znika, pojawia si\u0119, transponuje i mno\u017cy si\u0119 szybko, ko\u0144cz\u0105c si\u0119 niesamowit\u0105 wizualn\u0105 produkcj\u0105 znacznika, kt\u00f3rego u\u017cy\u0142e\u015b na pocz\u0105tku efektu. Zaczynasz i ko\u0144czysz&#8230;<\/p>\n","protected":false},"featured_media":10865,"comment_status":"closed","ping_status":"open","template":"","meta":[],"product_brand":[],"product_cat":[34],"product_tag":[],"class_list":{"0":"post-10864","1":"product","2":"type-product","3":"status-publish","4":"has-post-thumbnail","6":"product_cat-mikro-iluzja-close-up-inne","8":"first","9":"instock","10":"purchasable","11":"product-type-simple"},"_links":{"self":[{"href":"https:\/\/magiiik.netstory.com.pl\/index.php?rest_route=\/wp\/v2\/product\/10864","targetHints":{"allow":["GET"]}}],"collection":[{"href":"https:\/\/magiiik.netstory.com.pl\/index.php?rest_route=\/wp\/v2\/product"}],"about":[{"href":"https:\/\/magiiik.netstory.com.pl\/index.php?rest_route=\/wp\/v2\/types\/product"}],"replies":[{"embeddable":true,"href":"https:\/\/magiiik.netstory.com.pl\/index.php?rest_route=%2Fwp%2Fv2%2Fcomments&post=10864"}],"wp:featuredmedia":[{"embeddable":true,"href":"https:\/\/magiiik.netstory.com.pl\/index.php?rest_route=\/wp\/v2\/media\/10865"}],"wp:attachment":[{"href":"https:\/\/magiiik.netstory.com.pl\/index.php?rest_route=%2Fwp%2Fv2%2Fmedia&parent=10864"}],"wp:term":[{"taxonomy":"product_brand","embeddable":true,"href":"https:\/\/magiiik.netstory.com.pl\/index.php?rest_route=%2Fwp%2Fv2%2Fproduct_brand&post=10864"},{"taxonomy":"product_cat","embeddable":true,"href":"https:\/\/magiiik.netstory.com.pl\/index.php?rest_route=%2Fwp%2Fv2%2Fproduct_cat&post=10864"},{"taxonomy":"product_tag","embeddable":true,"href":"https:\/\/magiiik.netstory.com.pl\/index.php?rest_route=%2Fwp%2Fv2%2Fproduct_tag&post=10864"}],"curies":[{"name":"wp","href":"https:\/\/api.w.org\/{rel}","templated":true}]}}