{"id":10862,"date":"2025-09-19T13:44:33","date_gmt":"2025-09-19T11:44:33","guid":{"rendered":"https:\/\/magiiik.netstory.com.pl\/produkt\/diminishing-cards-jumbo\/"},"modified":"2025-09-19T13:44:50","modified_gmt":"2025-09-19T11:44:50","slug":"diminishing-cards-jumbo","status":"publish","type":"product","link":"https:\/\/magiiik.netstory.com.pl\/?product=diminishing-cards-jumbo","title":{"rendered":"Diminishing Cards (Jumbo)"},"content":{"rendered":"<pre id=\"tw-target-text\" class=\"tw-data-text tw-ta tw-text-small\" dir=\"ltr\" data-placeholder=\"T\u0142umaczenie\"><span lang=\"pl\" tabindex=\"0\">Jest to bardzo ciekawy, zabawny i zabawny efekt, pod warunkiem, \u017ce zostanie wykonany p\u0142ynnie ...    Dzi\u0119ki temu produktowi b\u0119dziesz m\u00f3g\u0142 trzyma\u0107 kilka kart jumbo w wachlarzu, a nast\u0119pnie powoli zmniejsza\u0107 rozmiar, a\u017c karty b\u0119d\u0105 tak ma\u0142e, \u017ce znikn\u0105 ca\u0142kowicie.<\/span><\/pre>\n","protected":false},"excerpt":{"rendered":"<p>Jest to bardzo ciekawy, zabawny i zabawny efekt, pod warunkiem, \u017ce zostanie wykonany p\u0142ynnie &#8230; Dzi\u0119ki temu produktowi b\u0119dziesz m\u00f3g\u0142 trzyma\u0107 kilka kart jumbo w wachlarzu, a nast\u0119pnie powoli zmniejsza\u0107&#8230;<\/p>\n","protected":false},"featured_media":10863,"comment_status":"closed","ping_status":"open","template":"","meta":[],"product_brand":[],"product_cat":[34],"product_tag":[],"class_list":{"0":"post-10862","1":"product","2":"type-product","3":"status-publish","4":"has-post-thumbnail","6":"product_cat-mikro-iluzja-close-up-inne","8":"first","9":"instock","10":"purchasable","11":"product-type-simple"},"_links":{"self":[{"href":"https:\/\/magiiik.netstory.com.pl\/index.php?rest_route=\/wp\/v2\/product\/10862","targetHints":{"allow":["GET"]}}],"collection":[{"href":"https:\/\/magiiik.netstory.com.pl\/index.php?rest_route=\/wp\/v2\/product"}],"about":[{"href":"https:\/\/magiiik.netstory.com.pl\/index.php?rest_route=\/wp\/v2\/types\/product"}],"replies":[{"embeddable":true,"href":"https:\/\/magiiik.netstory.com.pl\/index.php?rest_route=%2Fwp%2Fv2%2Fcomments&post=10862"}],"wp:featuredmedia":[{"embeddable":true,"href":"https:\/\/magiiik.netstory.com.pl\/index.php?rest_route=\/wp\/v2\/media\/10863"}],"wp:attachment":[{"href":"https:\/\/magiiik.netstory.com.pl\/index.php?rest_route=%2Fwp%2Fv2%2Fmedia&parent=10862"}],"wp:term":[{"taxonomy":"product_brand","embeddable":true,"href":"https:\/\/magiiik.netstory.com.pl\/index.php?rest_route=%2Fwp%2Fv2%2Fproduct_brand&post=10862"},{"taxonomy":"product_cat","embeddable":true,"href":"https:\/\/magiiik.netstory.com.pl\/index.php?rest_route=%2Fwp%2Fv2%2Fproduct_cat&post=10862"},{"taxonomy":"product_tag","embeddable":true,"href":"https:\/\/magiiik.netstory.com.pl\/index.php?rest_route=%2Fwp%2Fv2%2Fproduct_tag&post=10862"}],"curies":[{"name":"wp","href":"https:\/\/api.w.org\/{rel}","templated":true}]}}