{"id":10853,"date":"2025-09-19T13:44:33","date_gmt":"2025-09-19T11:44:33","guid":{"rendered":"https:\/\/magiiik.netstory.com.pl\/produkt\/the-case-grey-dvd-and-gimmick\/"},"modified":"2025-09-19T13:44:43","modified_gmt":"2025-09-19T11:44:43","slug":"the-case-grey-dvd-and-gimmick","status":"publish","type":"product","link":"https:\/\/magiiik.netstory.com.pl\/?product=the-case-grey-dvd-and-gimmick","title":{"rendered":"The Case (Grey) DVD and Gimmick"},"content":{"rendered":"<p>Precyzyjnie zaprojektowane urz\u0105dzenie, kt\u00f3re znika telefon w najbardziej niemo\u017cliwy spos\u00f3b. Zaprojektowany dla modeli iPhone 4 &#8222;, takich jak seria 5 i 5s. Trzy lata w doskonaleniu sztuczki, SansMinds Creative Lab z dum\u0105 prezentuje Ci \u201eThe Case\u201d. Precyzyjnie zaprojektowane urz\u0105dzenie, kt\u00f3re pozwala na znikni\u0119cie telefonu w mo\u017cliwie najczystszy spos\u00f3b. Zosta\u0142 zaprojektowany tak, aby ukrywa\u0142 si\u0119 jako zwyk\u0142y futera\u0142 na iPhone&#8217;a, aby zawsze by\u0142 na tobie i gotowy do zadziwienia. Zesp\u00f3\u0142 SansMinds Creative Lab przetestowa\u0142 to urz\u0105dzenie w ka\u017cdym mo\u017cliwym ustawieniu. Pakuje ma\u0142e i du\u017ce. Jest \u0142atwy w u\u017cyciu, dzi\u0119ki czemu mo\u017cesz skupi\u0107 si\u0119 na prezentacji. Etui ma eleganckie matowe czarne wyko\u0144czenie.<\/p>\n","protected":false},"excerpt":{"rendered":"<p>Precyzyjnie zaprojektowane urz\u0105dzenie, kt\u00f3re znika telefon w najbardziej niemo\u017cliwy spos\u00f3b. Zaprojektowany dla modeli iPhone 4 &#8222;, takich jak seria 5 i 5s. Trzy lata w doskonaleniu sztuczki, SansMinds Creative Lab&#8230;<\/p>\n","protected":false},"featured_media":10854,"comment_status":"closed","ping_status":"open","template":"","meta":[],"product_brand":[],"product_cat":[34],"product_tag":[],"class_list":{"0":"post-10853","1":"product","2":"type-product","3":"status-publish","4":"has-post-thumbnail","6":"product_cat-mikro-iluzja-close-up-inne","8":"first","9":"instock","10":"purchasable","11":"product-type-simple"},"_links":{"self":[{"href":"https:\/\/magiiik.netstory.com.pl\/index.php?rest_route=\/wp\/v2\/product\/10853","targetHints":{"allow":["GET"]}}],"collection":[{"href":"https:\/\/magiiik.netstory.com.pl\/index.php?rest_route=\/wp\/v2\/product"}],"about":[{"href":"https:\/\/magiiik.netstory.com.pl\/index.php?rest_route=\/wp\/v2\/types\/product"}],"replies":[{"embeddable":true,"href":"https:\/\/magiiik.netstory.com.pl\/index.php?rest_route=%2Fwp%2Fv2%2Fcomments&post=10853"}],"wp:featuredmedia":[{"embeddable":true,"href":"https:\/\/magiiik.netstory.com.pl\/index.php?rest_route=\/wp\/v2\/media\/10854"}],"wp:attachment":[{"href":"https:\/\/magiiik.netstory.com.pl\/index.php?rest_route=%2Fwp%2Fv2%2Fmedia&parent=10853"}],"wp:term":[{"taxonomy":"product_brand","embeddable":true,"href":"https:\/\/magiiik.netstory.com.pl\/index.php?rest_route=%2Fwp%2Fv2%2Fproduct_brand&post=10853"},{"taxonomy":"product_cat","embeddable":true,"href":"https:\/\/magiiik.netstory.com.pl\/index.php?rest_route=%2Fwp%2Fv2%2Fproduct_cat&post=10853"},{"taxonomy":"product_tag","embeddable":true,"href":"https:\/\/magiiik.netstory.com.pl\/index.php?rest_route=%2Fwp%2Fv2%2Fproduct_tag&post=10853"}],"curies":[{"name":"wp","href":"https:\/\/api.w.org\/{rel}","templated":true}]}}