{"id":10848,"date":"2025-09-19T13:44:33","date_gmt":"2025-09-19T11:44:33","guid":{"rendered":"https:\/\/magiiik.netstory.com.pl\/produkt\/magnetic-bug-writer-pencil-lead\/"},"modified":"2025-09-19T13:44:40","modified_gmt":"2025-09-19T11:44:40","slug":"magnetic-bug-writer-pencil-lead","status":"publish","type":"product","link":"https:\/\/magiiik.netstory.com.pl\/?product=magnetic-bug-writer-pencil-lead","title":{"rendered":"Magnetic BUG Writer (Pencil Lead)"},"content":{"rendered":"<p>Model Magnetic BUG Writer zosta\u0142 specjalnie zaprojektowany i wyprodukowany do u\u017cycia z uchwytem magnetycznym \u201eVernet Magnetic BUG\u201d. Po wielu latach profesjonalnych wyst\u0119p\u00f3w przed prawdziw\u0105 publiczno\u015bci\u0105, jak r\u00f3wnie\u017c w nieformalnych lub improwizowanych przedstawieniach, stworzyli\u015bmy idealny uchwyt dla twojego BUG Writer. Uchwyt magnetyczny \u201eVernet Magnetic BUG\u201d pozwala mie\u0107 pisarza pod r\u0119k\u0105, zawsze gotowego do u\u017cycia i zawsze w doskona\u0142ych warunkach. \u0141atwo \u0142adujesz i roz\u0142adowujesz sztuczk\u0119 przed publiczno\u015bci\u0105.<\/p>\n","protected":false},"excerpt":{"rendered":"<p>Model Magnetic BUG Writer zosta\u0142 specjalnie zaprojektowany i wyprodukowany do u\u017cycia z uchwytem magnetycznym \u201eVernet Magnetic BUG\u201d. Po wielu latach profesjonalnych wyst\u0119p\u00f3w przed prawdziw\u0105 publiczno\u015bci\u0105, jak r\u00f3wnie\u017c w nieformalnych lub&#8230;<\/p>\n","protected":false},"featured_media":10849,"comment_status":"closed","ping_status":"open","template":"","meta":[],"product_brand":[],"product_cat":[24],"product_tag":[],"class_list":{"0":"post-10848","1":"product","2":"type-product","3":"status-publish","4":"has-post-thumbnail","6":"product_cat-mentalizm","8":"first","9":"instock","10":"purchasable","11":"product-type-simple"},"_links":{"self":[{"href":"https:\/\/magiiik.netstory.com.pl\/index.php?rest_route=\/wp\/v2\/product\/10848","targetHints":{"allow":["GET"]}}],"collection":[{"href":"https:\/\/magiiik.netstory.com.pl\/index.php?rest_route=\/wp\/v2\/product"}],"about":[{"href":"https:\/\/magiiik.netstory.com.pl\/index.php?rest_route=\/wp\/v2\/types\/product"}],"replies":[{"embeddable":true,"href":"https:\/\/magiiik.netstory.com.pl\/index.php?rest_route=%2Fwp%2Fv2%2Fcomments&post=10848"}],"wp:featuredmedia":[{"embeddable":true,"href":"https:\/\/magiiik.netstory.com.pl\/index.php?rest_route=\/wp\/v2\/media\/10849"}],"wp:attachment":[{"href":"https:\/\/magiiik.netstory.com.pl\/index.php?rest_route=%2Fwp%2Fv2%2Fmedia&parent=10848"}],"wp:term":[{"taxonomy":"product_brand","embeddable":true,"href":"https:\/\/magiiik.netstory.com.pl\/index.php?rest_route=%2Fwp%2Fv2%2Fproduct_brand&post=10848"},{"taxonomy":"product_cat","embeddable":true,"href":"https:\/\/magiiik.netstory.com.pl\/index.php?rest_route=%2Fwp%2Fv2%2Fproduct_cat&post=10848"},{"taxonomy":"product_tag","embeddable":true,"href":"https:\/\/magiiik.netstory.com.pl\/index.php?rest_route=%2Fwp%2Fv2%2Fproduct_tag&post=10848"}],"curies":[{"name":"wp","href":"https:\/\/api.w.org\/{rel}","templated":true}]}}