{"id":10845,"date":"2025-09-19T13:44:33","date_gmt":"2025-09-19T11:44:33","guid":{"rendered":"https:\/\/magiiik.netstory.com.pl\/produkt\/vernet-band-writer-grease\/"},"modified":"2025-09-19T13:44:38","modified_gmt":"2025-09-19T11:44:38","slug":"vernet-band-writer-grease","status":"publish","type":"product","link":"https:\/\/magiiik.netstory.com.pl\/?product=vernet-band-writer-grease","title":{"rendered":"Vernet Band Writer (Grease)"},"content":{"rendered":"<pre id=\"tw-target-text\" class=\"tw-data-text tw-ta tw-text-small\" dir=\"ltr\" data-placeholder=\"T\u0142umaczenie\"><span lang=\"pl\" tabindex=\"0\">Najpot\u0119\u017cniejsze narz\u0119dzie, kt\u00f3rego mag mo\u017ce u\u017cy\u0107, teraz w NOWYM modelu.    ULTRA WYGODNY  ULTRA STABILNY  ULTRA GRIP    Vernet Band Writer zosta\u0142 specjalnie zaprojektowany, aby mocno trzyma\u0107 si\u0119 mi\u0119sistej podk\u0142adki kciuka i zachowa\u0107 go ca\u0142kowicie niewidocznym dla publiczno\u015bci.    Vernet Band Writer jest idealnym rozwi\u0105zaniem dla tych, kt\u00f3rzy nie mogliby znale\u017a\u0107 sobie komfortu z innymi \u201episarzami\u201d.<\/span><\/pre>\n","protected":false},"excerpt":{"rendered":"<p>Najpot\u0119\u017cniejsze narz\u0119dzie, kt\u00f3rego mag mo\u017ce u\u017cy\u0107, teraz w NOWYM modelu. ULTRA WYGODNY ULTRA STABILNY ULTRA GRIP Vernet Band Writer zosta\u0142 specjalnie zaprojektowany, aby mocno trzyma\u0107 si\u0119 mi\u0119sistej podk\u0142adki kciuka i&#8230;<\/p>\n","protected":false},"featured_media":10846,"comment_status":"closed","ping_status":"open","template":"","meta":[],"product_brand":[],"product_cat":[24],"product_tag":[],"class_list":{"0":"post-10845","1":"product","2":"type-product","3":"status-publish","4":"has-post-thumbnail","6":"product_cat-mentalizm","8":"first","9":"instock","10":"purchasable","11":"product-type-simple"},"_links":{"self":[{"href":"https:\/\/magiiik.netstory.com.pl\/index.php?rest_route=\/wp\/v2\/product\/10845","targetHints":{"allow":["GET"]}}],"collection":[{"href":"https:\/\/magiiik.netstory.com.pl\/index.php?rest_route=\/wp\/v2\/product"}],"about":[{"href":"https:\/\/magiiik.netstory.com.pl\/index.php?rest_route=\/wp\/v2\/types\/product"}],"replies":[{"embeddable":true,"href":"https:\/\/magiiik.netstory.com.pl\/index.php?rest_route=%2Fwp%2Fv2%2Fcomments&post=10845"}],"wp:featuredmedia":[{"embeddable":true,"href":"https:\/\/magiiik.netstory.com.pl\/index.php?rest_route=\/wp\/v2\/media\/10846"}],"wp:attachment":[{"href":"https:\/\/magiiik.netstory.com.pl\/index.php?rest_route=%2Fwp%2Fv2%2Fmedia&parent=10845"}],"wp:term":[{"taxonomy":"product_brand","embeddable":true,"href":"https:\/\/magiiik.netstory.com.pl\/index.php?rest_route=%2Fwp%2Fv2%2Fproduct_brand&post=10845"},{"taxonomy":"product_cat","embeddable":true,"href":"https:\/\/magiiik.netstory.com.pl\/index.php?rest_route=%2Fwp%2Fv2%2Fproduct_cat&post=10845"},{"taxonomy":"product_tag","embeddable":true,"href":"https:\/\/magiiik.netstory.com.pl\/index.php?rest_route=%2Fwp%2Fv2%2Fproduct_tag&post=10845"}],"curies":[{"name":"wp","href":"https:\/\/api.w.org\/{rel}","templated":true}]}}