{"id":10843,"date":"2025-09-19T13:44:33","date_gmt":"2025-09-19T11:44:33","guid":{"rendered":"https:\/\/magiiik.netstory.com.pl\/produkt\/vanishing-queens-card-trick\/"},"modified":"2025-09-19T13:44:37","modified_gmt":"2025-09-19T11:44:37","slug":"vanishing-queens-card-trick","status":"publish","type":"product","link":"https:\/\/magiiik.netstory.com.pl\/?product=vanishing-queens-card-trick","title":{"rendered":"Vanishing Queens Card Trick"},"content":{"rendered":"<pre id=\"tw-target-text\" class=\"tw-data-text tw-ta tw-text-small\" dir=\"ltr\" data-placeholder=\"T\u0142umaczenie\"><span lang=\"pl\" tabindex=\"0\">Spraw, aby karty magicznie znika\u0142y z Vanishing Queens!  Znikaj\u0105ce Kr\u00f3lowe  Jeden z najstarszych i najbardziej tajnych sztuczek magicznych le\u017cy w Znikaj\u0105cych Kr\u00f3lowych.    W ramach tych specjalnych kart b\u0119dziesz m\u00f3g\u0142 sprawi\u0107, \u017ce Kr\u00f3lowe znikn\u0105 tu\u017c przed oczami twoich widz\u00f3w. Materia\u0142y szkoleniowe krok po kroku s\u0105 do\u0142\u0105czone do \u0142atwego uczenia si\u0119. Ty te\u017c mo\u017cesz wykona\u0107 wielk\u0105 tajemnic\u0119 znikaj\u0105cych kr\u00f3lowych.    Specjalne magiczne karty Bicycle w zestawie!  Do wykonania tego efektu wymagana b\u0119dzie talia Standardowych Bicycle (dopasowany kolor). NIE s\u0105 one uwzgl\u0119dnione.<\/span><\/pre>\n","protected":false},"excerpt":{"rendered":"<p>Spraw, aby karty magicznie znika\u0142y z Vanishing Queens! Znikaj\u0105ce Kr\u00f3lowe Jeden z najstarszych i najbardziej tajnych sztuczek magicznych le\u017cy w Znikaj\u0105cych Kr\u00f3lowych. W ramach tych specjalnych kart b\u0119dziesz m\u00f3g\u0142 sprawi\u0107,&#8230;<\/p>\n","protected":false},"featured_media":10844,"comment_status":"closed","ping_status":"open","template":"","meta":[],"product_brand":[],"product_cat":[47],"product_tag":[],"class_list":{"0":"post-10843","1":"product","2":"type-product","3":"status-publish","4":"has-post-thumbnail","6":"product_cat-ksiazki-dvd-download-filmy-dvd","8":"first","9":"instock","10":"purchasable","11":"product-type-simple"},"_links":{"self":[{"href":"https:\/\/magiiik.netstory.com.pl\/index.php?rest_route=\/wp\/v2\/product\/10843","targetHints":{"allow":["GET"]}}],"collection":[{"href":"https:\/\/magiiik.netstory.com.pl\/index.php?rest_route=\/wp\/v2\/product"}],"about":[{"href":"https:\/\/magiiik.netstory.com.pl\/index.php?rest_route=\/wp\/v2\/types\/product"}],"replies":[{"embeddable":true,"href":"https:\/\/magiiik.netstory.com.pl\/index.php?rest_route=%2Fwp%2Fv2%2Fcomments&post=10843"}],"wp:featuredmedia":[{"embeddable":true,"href":"https:\/\/magiiik.netstory.com.pl\/index.php?rest_route=\/wp\/v2\/media\/10844"}],"wp:attachment":[{"href":"https:\/\/magiiik.netstory.com.pl\/index.php?rest_route=%2Fwp%2Fv2%2Fmedia&parent=10843"}],"wp:term":[{"taxonomy":"product_brand","embeddable":true,"href":"https:\/\/magiiik.netstory.com.pl\/index.php?rest_route=%2Fwp%2Fv2%2Fproduct_brand&post=10843"},{"taxonomy":"product_cat","embeddable":true,"href":"https:\/\/magiiik.netstory.com.pl\/index.php?rest_route=%2Fwp%2Fv2%2Fproduct_cat&post=10843"},{"taxonomy":"product_tag","embeddable":true,"href":"https:\/\/magiiik.netstory.com.pl\/index.php?rest_route=%2Fwp%2Fv2%2Fproduct_tag&post=10843"}],"curies":[{"name":"wp","href":"https:\/\/api.w.org\/{rel}","templated":true}]}}