{"id":10837,"date":"2025-09-19T13:44:33","date_gmt":"2025-09-19T11:44:33","guid":{"rendered":"https:\/\/magiiik.netstory.com.pl\/produkt\/kinetic-pk-ring-silver-beveled-size-10\/"},"modified":"2025-09-19T13:44:33","modified_gmt":"2025-09-19T11:44:33","slug":"kinetic-pk-ring-silver-beveled-size-10","status":"publish","type":"product","link":"https:\/\/magiiik.netstory.com.pl\/?product=kinetic-pk-ring-silver-beveled-size-10","title":{"rendered":"Kinetic PK Ring (Silver) Beveled size 10"},"content":{"rendered":"<p>Pier\u015bcie\u0144 Kinetic to podstawa magii, kt\u00f3ra osi\u0105gn\u0119\u0142a kolejny poziom ewolucji i in\u017cynierii. Wykonany z oryginalnego, pojedynczego magnesu z neodymowego metalu ziem rzadkich i fachowo przebrany za eleganck\u0105, wygodn\u0105 opask\u0119. Zamie\u0144 o\u015bwiadczenie o modzie w niszcz\u0105co skuteczne magiczne urz\u0105dzenie, kt\u00f3re mo\u017cesz przygotowa\u0107 w ka\u017cdej chwili. Nikt nie wie, \u017ce masz na sobie arsena\u0142 magii. Ukryj sw\u00f3j sekret na widoku.\u00a0 Pier\u015bcienie Kinetyczne powinny by\u0107 kamieniem w\u0119gielnym ka\u017cdego zestawu narz\u0119dzi mag\u00f3w, poniewa\u017c pozwalaj\u0105 ci na posiadanie wszech\u015bwiata magii, wszystko w jednym niezale\u017cnym pier\u015bcieniu. Funkcje: 25% Wi\u0119cej mocy przyci\u0105gania. Bardziej odporne na rozbicie. Dost\u0119pne w dw\u00f3ch stylach: zakrzywiony pasek i \u015bci\u0119ty pasek. Wyst\u0119puje w trzech kolorach: czarnym, srebrnym i z\u0142otym. Osiem sprawdzonych sztuczek i procedur. Dostarczany w bezp\u0142atnym magazynie i pude\u0142ku upominkowym. Rozwi\u0105zywanie problem\u00f3w, piel\u0119gnacja i konserwacja. Aby zacz\u0105\u0107, dodali\u015bmy kilka \u015bwietnych sztuczek, kt\u00f3re dzia\u0142aj\u0105 w dowolnym miejscu i czasie: Zakr\u0119\u0107 zwyk\u0142ym pisakiem Zmie\u0144 p\u00f3\u0142 dolara na grosz Ustaw tali\u0119 kart samodzielnie Wci\u015bnij \u0107wiartk\u0119 w \u015bcian\u0119 butelki z wod\u0105 Magicznie obracaj \u0142y\u017cki, no\u017ce i widelce Stopi\u0107 monet\u0119 przez st\u00f3\u0142 Zatrzymaj czas swoim umys\u0142em Spraw, by monety znikn\u0119\u0142y, pojawi\u0105 si\u0119 ponownie &#8230; i wiele wi\u0119cej!<\/p>\n","protected":false},"excerpt":{"rendered":"<p>Pier\u015bcie\u0144 Kinetic to podstawa magii, kt\u00f3ra osi\u0105gn\u0119\u0142a kolejny poziom ewolucji i in\u017cynierii. Wykonany z oryginalnego, pojedynczego magnesu z neodymowego metalu ziem rzadkich i fachowo przebrany za eleganck\u0105, wygodn\u0105 opask\u0119. Zamie\u0144&#8230;<\/p>\n","protected":false},"featured_media":10838,"comment_status":"closed","ping_status":"open","template":"","meta":[],"product_brand":[],"product_cat":[34],"product_tag":[],"class_list":{"0":"post-10837","1":"product","2":"type-product","3":"status-publish","4":"has-post-thumbnail","6":"product_cat-mikro-iluzja-close-up-inne","8":"first","9":"instock","10":"purchasable","11":"product-type-simple"},"_links":{"self":[{"href":"https:\/\/magiiik.netstory.com.pl\/index.php?rest_route=\/wp\/v2\/product\/10837","targetHints":{"allow":["GET"]}}],"collection":[{"href":"https:\/\/magiiik.netstory.com.pl\/index.php?rest_route=\/wp\/v2\/product"}],"about":[{"href":"https:\/\/magiiik.netstory.com.pl\/index.php?rest_route=\/wp\/v2\/types\/product"}],"replies":[{"embeddable":true,"href":"https:\/\/magiiik.netstory.com.pl\/index.php?rest_route=%2Fwp%2Fv2%2Fcomments&post=10837"}],"wp:featuredmedia":[{"embeddable":true,"href":"https:\/\/magiiik.netstory.com.pl\/index.php?rest_route=\/wp\/v2\/media\/10838"}],"wp:attachment":[{"href":"https:\/\/magiiik.netstory.com.pl\/index.php?rest_route=%2Fwp%2Fv2%2Fmedia&parent=10837"}],"wp:term":[{"taxonomy":"product_brand","embeddable":true,"href":"https:\/\/magiiik.netstory.com.pl\/index.php?rest_route=%2Fwp%2Fv2%2Fproduct_brand&post=10837"},{"taxonomy":"product_cat","embeddable":true,"href":"https:\/\/magiiik.netstory.com.pl\/index.php?rest_route=%2Fwp%2Fv2%2Fproduct_cat&post=10837"},{"taxonomy":"product_tag","embeddable":true,"href":"https:\/\/magiiik.netstory.com.pl\/index.php?rest_route=%2Fwp%2Fv2%2Fproduct_tag&post=10837"}],"curies":[{"name":"wp","href":"https:\/\/api.w.org\/{rel}","templated":true}]}}