{"id":10831,"date":"2025-09-19T13:44:04","date_gmt":"2025-09-19T11:44:04","guid":{"rendered":"https:\/\/magiiik.netstory.com.pl\/produkt\/purse-frames-goshman\/"},"modified":"2025-09-19T13:44:26","modified_gmt":"2025-09-19T11:44:26","slug":"purse-frames-goshman","status":"publish","type":"product","link":"https:\/\/magiiik.netstory.com.pl\/?product=purse-frames-goshman","title":{"rendered":"Purse Frames Goshman"},"content":{"rendered":"<pre id=\"tw-target-text\" class=\"tw-data-text tw-ta tw-text-small\" dir=\"ltr\" data-placeholder=\"T\u0142umaczenie\"><span lang=\"pl\" tabindex=\"0\">Wyobra\u017a sobie wygl\u0105d twarzy widz\u00f3w, gdy wy\u015bwietlasz swoj\u0105 \u201emagiczn\u0105 torebk\u0119 z monetami\u201d (to, co widz\u0105 wyra\u017anie, jest po prostu ramk\u0105), si\u0119gnij do \u015brodka i wyci\u0105gnij monety, biszkopty, prawie wszystko!<\/span><\/pre>\n","protected":false},"excerpt":{"rendered":"<p>Wyobra\u017a sobie wygl\u0105d twarzy widz\u00f3w, gdy wy\u015bwietlasz swoj\u0105 \u201emagiczn\u0105 torebk\u0119 z monetami\u201d (to, co widz\u0105 wyra\u017anie, jest po prostu ramk\u0105), si\u0119gnij do \u015brodka i wyci\u0105gnij monety, biszkopty, prawie wszystko!<\/p>\n","protected":false},"featured_media":10832,"comment_status":"closed","ping_status":"open","template":"","meta":[],"product_brand":[],"product_cat":[37],"product_tag":[],"class_list":{"0":"post-10831","1":"product","2":"type-product","3":"status-publish","4":"has-post-thumbnail","6":"product_cat-mikro-iluzja-close-up-monety","8":"first","9":"instock","10":"purchasable","11":"product-type-simple"},"_links":{"self":[{"href":"https:\/\/magiiik.netstory.com.pl\/index.php?rest_route=\/wp\/v2\/product\/10831","targetHints":{"allow":["GET"]}}],"collection":[{"href":"https:\/\/magiiik.netstory.com.pl\/index.php?rest_route=\/wp\/v2\/product"}],"about":[{"href":"https:\/\/magiiik.netstory.com.pl\/index.php?rest_route=\/wp\/v2\/types\/product"}],"replies":[{"embeddable":true,"href":"https:\/\/magiiik.netstory.com.pl\/index.php?rest_route=%2Fwp%2Fv2%2Fcomments&post=10831"}],"wp:featuredmedia":[{"embeddable":true,"href":"https:\/\/magiiik.netstory.com.pl\/index.php?rest_route=\/wp\/v2\/media\/10832"}],"wp:attachment":[{"href":"https:\/\/magiiik.netstory.com.pl\/index.php?rest_route=%2Fwp%2Fv2%2Fmedia&parent=10831"}],"wp:term":[{"taxonomy":"product_brand","embeddable":true,"href":"https:\/\/magiiik.netstory.com.pl\/index.php?rest_route=%2Fwp%2Fv2%2Fproduct_brand&post=10831"},{"taxonomy":"product_cat","embeddable":true,"href":"https:\/\/magiiik.netstory.com.pl\/index.php?rest_route=%2Fwp%2Fv2%2Fproduct_cat&post=10831"},{"taxonomy":"product_tag","embeddable":true,"href":"https:\/\/magiiik.netstory.com.pl\/index.php?rest_route=%2Fwp%2Fv2%2Fproduct_tag&post=10831"}],"curies":[{"name":"wp","href":"https:\/\/api.w.org\/{rel}","templated":true}]}}