{"id":10829,"date":"2025-09-19T13:44:04","date_gmt":"2025-09-19T11:44:04","guid":{"rendered":"https:\/\/magiiik.netstory.com.pl\/produkt\/coin-purse-vinyl-magic-by-gosh\/"},"modified":"2025-09-19T13:44:25","modified_gmt":"2025-09-19T11:44:25","slug":"coin-purse-vinyl-magic-by-gosh","status":"publish","type":"product","link":"https:\/\/magiiik.netstory.com.pl\/?product=coin-purse-vinyl-magic-by-gosh","title":{"rendered":"Coin Purse Vinyl Magic by Gosh"},"content":{"rendered":"<p>Klasyczny portfel w stylu Goshmana ma 2,25 cala wysoko\u015bci i 3 cale szeroko\u015bci u podstawy. Torba winylowa jest wystarczaj\u0105co du\u017ca, aby pomie\u015bci\u0107 du\u017c\u0105 ilo\u015b\u0107 prawie ka\u017cdej wielko\u015bci monety w obiegu &#8211; p\u00f3\u0142 dolar\u00f3w, dolar\u00f3w i wi\u0119kszych. \u015awietnie nadaje si\u0119 r\u00f3wnie\u017c do pi\u0142ek g\u0105bkowych i sztucznych monet.<\/p>\n","protected":false},"excerpt":{"rendered":"<p>Klasyczny portfel w stylu Goshmana ma 2,25 cala wysoko\u015bci i 3 cale szeroko\u015bci u podstawy. Torba winylowa jest wystarczaj\u0105co du\u017ca, aby pomie\u015bci\u0107 du\u017c\u0105 ilo\u015b\u0107 prawie ka\u017cdej wielko\u015bci monety w obiegu&#8230;<\/p>\n","protected":false},"featured_media":10830,"comment_status":"closed","ping_status":"open","template":"","meta":[],"product_brand":[],"product_cat":[37],"product_tag":[],"class_list":{"0":"post-10829","1":"product","2":"type-product","3":"status-publish","4":"has-post-thumbnail","6":"product_cat-mikro-iluzja-close-up-monety","8":"first","9":"instock","10":"purchasable","11":"product-type-simple"},"_links":{"self":[{"href":"https:\/\/magiiik.netstory.com.pl\/index.php?rest_route=\/wp\/v2\/product\/10829","targetHints":{"allow":["GET"]}}],"collection":[{"href":"https:\/\/magiiik.netstory.com.pl\/index.php?rest_route=\/wp\/v2\/product"}],"about":[{"href":"https:\/\/magiiik.netstory.com.pl\/index.php?rest_route=\/wp\/v2\/types\/product"}],"replies":[{"embeddable":true,"href":"https:\/\/magiiik.netstory.com.pl\/index.php?rest_route=%2Fwp%2Fv2%2Fcomments&post=10829"}],"wp:featuredmedia":[{"embeddable":true,"href":"https:\/\/magiiik.netstory.com.pl\/index.php?rest_route=\/wp\/v2\/media\/10830"}],"wp:attachment":[{"href":"https:\/\/magiiik.netstory.com.pl\/index.php?rest_route=%2Fwp%2Fv2%2Fmedia&parent=10829"}],"wp:term":[{"taxonomy":"product_brand","embeddable":true,"href":"https:\/\/magiiik.netstory.com.pl\/index.php?rest_route=%2Fwp%2Fv2%2Fproduct_brand&post=10829"},{"taxonomy":"product_cat","embeddable":true,"href":"https:\/\/magiiik.netstory.com.pl\/index.php?rest_route=%2Fwp%2Fv2%2Fproduct_cat&post=10829"},{"taxonomy":"product_tag","embeddable":true,"href":"https:\/\/magiiik.netstory.com.pl\/index.php?rest_route=%2Fwp%2Fv2%2Fproduct_tag&post=10829"}],"curies":[{"name":"wp","href":"https:\/\/api.w.org\/{rel}","templated":true}]}}