{"id":10818,"date":"2025-09-19T13:44:04","date_gmt":"2025-09-19T11:44:04","guid":{"rendered":"https:\/\/magiiik.netstory.com.pl\/produkt\/single-coin-purse-jerry-oconnel\/"},"modified":"2025-09-19T13:44:19","modified_gmt":"2025-09-19T11:44:19","slug":"single-coin-purse-jerry-oconnel","status":"publish","type":"product","link":"https:\/\/magiiik.netstory.com.pl\/?product=single-coin-purse-jerry-oconnel","title":{"rendered":"Single Coin Purse Jerry O&#8217;Connel"},"content":{"rendered":"<pre id=\"tw-target-text\" class=\"tw-data-text tw-ta tw-text-small\" dir=\"ltr\" data-placeholder=\"T\u0142umaczenie\"><span lang=\"pl\">Jerry O'Connell Single Coin Purse to idealne rozwi\u0105zanie do noszenia i zabezpieczania zwyk\u0142ych i sztucznych monet lub chwytnych pier\u015bcieni. <br \/>R\u0119cznie wykonana z najwy\u017cszej jako\u015bci sk\u00f3ry futera\u0142 ochroni Twoje monety, a tak\u017ce zapobiegnie ich wydawaniu, gdy ich nie u\u017cywasz.    Obudowa jest wystarczaj\u0105co du\u017ca, aby pomie\u015bci\u0107 do 4 monet z efektem muszli lub z\u0142o\u017conym efektem pieni\u0119\u017cnym, i jest doskona\u0142ym sposobem na dodanie profesjonalnego wygl\u0105du do Twojego wykonania.    Wymiary: 50 mm x 50 mm<\/span><\/pre>\n","protected":false},"excerpt":{"rendered":"<pre id=\"tw-target-text\" class=\"tw-data-text tw-ta tw-text-small\" dir=\"ltr\" data-placeholder=\"T\u0142umaczenie\"><span lang=\"pl\">R\u0119cznie wykonana z najwy\u017cszej jako\u015bci sk\u00f3ry futera\u0142 ochroni Twoje monety, a tak\u017ce zapobiegnie ich wydawaniu, gdy ich nie u\u017cywasz.  <\/span><\/pre>\n","protected":false},"featured_media":10819,"comment_status":"closed","ping_status":"open","template":"","meta":[],"product_brand":[],"product_cat":[37],"product_tag":[],"class_list":{"0":"post-10818","1":"product","2":"type-product","3":"status-publish","4":"has-post-thumbnail","6":"product_cat-mikro-iluzja-close-up-monety","8":"first","9":"instock","10":"purchasable","11":"product-type-simple"},"_links":{"self":[{"href":"https:\/\/magiiik.netstory.com.pl\/index.php?rest_route=\/wp\/v2\/product\/10818","targetHints":{"allow":["GET"]}}],"collection":[{"href":"https:\/\/magiiik.netstory.com.pl\/index.php?rest_route=\/wp\/v2\/product"}],"about":[{"href":"https:\/\/magiiik.netstory.com.pl\/index.php?rest_route=\/wp\/v2\/types\/product"}],"replies":[{"embeddable":true,"href":"https:\/\/magiiik.netstory.com.pl\/index.php?rest_route=%2Fwp%2Fv2%2Fcomments&post=10818"}],"wp:featuredmedia":[{"embeddable":true,"href":"https:\/\/magiiik.netstory.com.pl\/index.php?rest_route=\/wp\/v2\/media\/10819"}],"wp:attachment":[{"href":"https:\/\/magiiik.netstory.com.pl\/index.php?rest_route=%2Fwp%2Fv2%2Fmedia&parent=10818"}],"wp:term":[{"taxonomy":"product_brand","embeddable":true,"href":"https:\/\/magiiik.netstory.com.pl\/index.php?rest_route=%2Fwp%2Fv2%2Fproduct_brand&post=10818"},{"taxonomy":"product_cat","embeddable":true,"href":"https:\/\/magiiik.netstory.com.pl\/index.php?rest_route=%2Fwp%2Fv2%2Fproduct_cat&post=10818"},{"taxonomy":"product_tag","embeddable":true,"href":"https:\/\/magiiik.netstory.com.pl\/index.php?rest_route=%2Fwp%2Fv2%2Fproduct_tag&post=10818"}],"curies":[{"name":"wp","href":"https:\/\/api.w.org\/{rel}","templated":true}]}}