{"id":10816,"date":"2025-09-19T13:44:04","date_gmt":"2025-09-19T11:44:04","guid":{"rendered":"https:\/\/magiiik.netstory.com.pl\/produkt\/szyjka-do-znikajacej-butelki\/"},"modified":"2025-09-19T13:44:17","modified_gmt":"2025-09-19T11:44:17","slug":"szyjka-do-znikajacej-butelki","status":"publish","type":"product","link":"https:\/\/magiiik.netstory.com.pl\/?product=szyjka-do-znikajacej-butelki","title":{"rendered":"Szyjka do znikaj\u0105cej butelki"},"content":{"rendered":"<p>G\u00f3rny element do znikaj\u0105cej butelki. Mo\u017cna na niego na\u0142o\u017cy\u0107 kapsel. Element wykonany zosta\u0142 z plastiku. Po uderzeniu wydaje d\u017awi\u0119ki jak ze szklanej butelki.<\/p>\n<p>Dost\u0119pne w 3 kolorach : br\u0105zowy, zielony, prze\u017aroczysty.<\/p>\n","protected":false},"excerpt":{"rendered":"<p>G\u00f3rny element do znikaj\u0105cej butelki. Mo\u017cna na niego na\u0142o\u017cy\u0107 kapsel. Element wykonany zosta\u0142 z plastiku. Po uderzeniu wydaje d\u017awi\u0119ki jak ze szklanej butelki.<\/p>\n<p>Dost\u0119pne w 3 kolorach : br\u0105zowy, zielony, prze\u017aroczysty.<\/p>\n","protected":false},"featured_media":10817,"comment_status":"closed","ping_status":"open","template":"","meta":[],"product_brand":[],"product_cat":[60],"product_tag":[],"class_list":{"0":"post-10816","1":"product","2":"type-product","3":"status-publish","4":"has-post-thumbnail","6":"product_cat-akcesoria-zele-pudry-snowstorm-refile-i-inne","8":"first","9":"instock","10":"purchasable","11":"product-type-simple"},"_links":{"self":[{"href":"https:\/\/magiiik.netstory.com.pl\/index.php?rest_route=\/wp\/v2\/product\/10816","targetHints":{"allow":["GET"]}}],"collection":[{"href":"https:\/\/magiiik.netstory.com.pl\/index.php?rest_route=\/wp\/v2\/product"}],"about":[{"href":"https:\/\/magiiik.netstory.com.pl\/index.php?rest_route=\/wp\/v2\/types\/product"}],"replies":[{"embeddable":true,"href":"https:\/\/magiiik.netstory.com.pl\/index.php?rest_route=%2Fwp%2Fv2%2Fcomments&post=10816"}],"wp:featuredmedia":[{"embeddable":true,"href":"https:\/\/magiiik.netstory.com.pl\/index.php?rest_route=\/wp\/v2\/media\/10817"}],"wp:attachment":[{"href":"https:\/\/magiiik.netstory.com.pl\/index.php?rest_route=%2Fwp%2Fv2%2Fmedia&parent=10816"}],"wp:term":[{"taxonomy":"product_brand","embeddable":true,"href":"https:\/\/magiiik.netstory.com.pl\/index.php?rest_route=%2Fwp%2Fv2%2Fproduct_brand&post=10816"},{"taxonomy":"product_cat","embeddable":true,"href":"https:\/\/magiiik.netstory.com.pl\/index.php?rest_route=%2Fwp%2Fv2%2Fproduct_cat&post=10816"},{"taxonomy":"product_tag","embeddable":true,"href":"https:\/\/magiiik.netstory.com.pl\/index.php?rest_route=%2Fwp%2Fv2%2Fproduct_tag&post=10816"}],"curies":[{"name":"wp","href":"https:\/\/api.w.org\/{rel}","templated":true}]}}