{"id":10802,"date":"2025-09-19T13:44:04","date_gmt":"2025-09-19T11:44:04","guid":{"rendered":"https:\/\/magiiik.netstory.com.pl\/produkt\/gypsy-balloon-by-tony-clark-dvd\/"},"modified":"2025-09-19T13:44:12","modified_gmt":"2025-09-19T11:44:12","slug":"gypsy-balloon-by-tony-clark-dvd","status":"publish","type":"product","link":"https:\/\/magiiik.netstory.com.pl\/?product=gypsy-balloon-by-tony-clark-dvd","title":{"rendered":"Gypsy Balloon by Tony Clark DVD"},"content":{"rendered":"<pre id=\"tw-target-text\" class=\"tw-data-text tw-ta tw-text-small\" dir=\"ltr\" data-placeholder=\"T\u0142umaczenie\"><span lang=\"pl\" style=\"font-family: arial, helvetica, sans-serif;\">Opis:    \u201eTo \u015bwietna wersja Gypsy Thread, kt\u00f3ra jest odpowiednia dla rodzinnego artysty\u201d - Fredrick Turner, MyLovelyAssistant    Pe\u0142na recenzja Klasyczna Gypsy Thread zosta\u0142a podniesiona na nowe wy\u017cyny!    \u201eTo jeden z najsilniejszych kawa\u0142k\u00f3w, jakie kiedykolwiek stworzy\u0142em. Po prostu u\u017cy\u0142em go do zamkni\u0119cia mojego hitu\u201e Masters of Magic \u201dw 1200-osobowym teatrze Montbleu w Lake Tahoe!\u201d  - Tony Clark    \u201eGdy zobaczy\u0142em Tony'ego, kt\u00f3ry wykona\u0142 swoj\u0105 Gypsy Balloon Routine, by\u0142em zachwycony. Tony znalaz\u0142 spos\u00f3b na zmotywowanie i podniesienie klasycznej i pot\u0119\u017cnej sztuczki Gypsy Thread do naprawd\u0119 pot\u0119\u017cnego kawa\u0142ka magii i teatru. Jego rutyna jest zbyt dobra, by j\u0105 wypu\u015bci\u0107 i Chcia\u0142bym mie\u0107 wy\u0142\u0105czne prawa do tego. To jest co\u015b, co natychmiast umie\u015bci\u0142bym w moim programie i przewiduj\u0119, \u017ce wielu ludzi to zrobi \u201d.  - Danny Cole    \u201eThe Gypsy Thread to klasyczna rutyna, kt\u00f3ra wymaga\u0142a liftingu, a Tony to zrobi\u0142! Ma taki efekt wizualny dla wszystkich odbiorc\u00f3w, zar\u00f3wno m\u0142odych, jak i starych. Je\u015bli szukasz NOWYCH ekscytuj\u0105cych rutyn, to jest to! z muzyk\u0105 - Balon Gypsy to droga do wyj\u015bcia \u201d  - Brent Geris    ** Obejmuje 30 st\u00f3p nici - (nie zawiera helu i balon\u00f3w)    Czas pracy Oko\u0142o: 9 min<\/span><\/pre>\n","protected":false},"excerpt":{"rendered":"<p>Opis: \u201eTo \u015bwietna wersja Gypsy Thread, kt\u00f3ra jest odpowiednia dla rodzinnego artysty\u201d &#8211; Fredrick Turner, MyLovelyAssistant Pe\u0142na recenzja Klasyczna Gypsy Thread zosta\u0142a podniesiona na nowe wy\u017cyny! \u201eTo jeden z najsilniejszych&#8230;<\/p>\n","protected":false},"featured_media":10803,"comment_status":"closed","ping_status":"open","template":"","meta":[],"product_brand":[],"product_cat":[47],"product_tag":[],"class_list":{"0":"post-10802","1":"product","2":"type-product","3":"status-publish","4":"has-post-thumbnail","6":"product_cat-ksiazki-dvd-download-filmy-dvd","8":"first","9":"instock","10":"purchasable","11":"product-type-simple"},"_links":{"self":[{"href":"https:\/\/magiiik.netstory.com.pl\/index.php?rest_route=\/wp\/v2\/product\/10802","targetHints":{"allow":["GET"]}}],"collection":[{"href":"https:\/\/magiiik.netstory.com.pl\/index.php?rest_route=\/wp\/v2\/product"}],"about":[{"href":"https:\/\/magiiik.netstory.com.pl\/index.php?rest_route=\/wp\/v2\/types\/product"}],"replies":[{"embeddable":true,"href":"https:\/\/magiiik.netstory.com.pl\/index.php?rest_route=%2Fwp%2Fv2%2Fcomments&post=10802"}],"wp:featuredmedia":[{"embeddable":true,"href":"https:\/\/magiiik.netstory.com.pl\/index.php?rest_route=\/wp\/v2\/media\/10803"}],"wp:attachment":[{"href":"https:\/\/magiiik.netstory.com.pl\/index.php?rest_route=%2Fwp%2Fv2%2Fmedia&parent=10802"}],"wp:term":[{"taxonomy":"product_brand","embeddable":true,"href":"https:\/\/magiiik.netstory.com.pl\/index.php?rest_route=%2Fwp%2Fv2%2Fproduct_brand&post=10802"},{"taxonomy":"product_cat","embeddable":true,"href":"https:\/\/magiiik.netstory.com.pl\/index.php?rest_route=%2Fwp%2Fv2%2Fproduct_cat&post=10802"},{"taxonomy":"product_tag","embeddable":true,"href":"https:\/\/magiiik.netstory.com.pl\/index.php?rest_route=%2Fwp%2Fv2%2Fproduct_tag&post=10802"}],"curies":[{"name":"wp","href":"https:\/\/api.w.org\/{rel}","templated":true}]}}