{"id":10800,"date":"2025-09-19T13:44:04","date_gmt":"2025-09-19T11:44:04","guid":{"rendered":"https:\/\/magiiik.netstory.com.pl\/produkt\/extreme-burn-2-0-locked-loaded-by-richard-sanders-dvd\/"},"modified":"2025-09-19T13:44:12","modified_gmt":"2025-09-19T11:44:12","slug":"extreme-burn-2-0-locked-loaded-by-richard-sanders-dvd","status":"publish","type":"product","link":"https:\/\/magiiik.netstory.com.pl\/?product=extreme-burn-2-0-locked-loaded-by-richard-sanders-dvd","title":{"rendered":"Extreme Burn 2.0: Locked &#038; Loaded by Richard Sanders DVD"},"content":{"rendered":"<pre class=\"tw-data-text tw-ta tw-text-small\" dir=\"ltr\" data-placeholder=\"T\u0142umaczenie\"><span lang=\"pl\" style=\"font-family: arial, helvetica, sans-serif;\">Opis:    NAJBARDZIEJ WIZUALNY system wymiany Bill EVER ... i teraz z wbudowanym SYSTEMEM BLOKADY!    Dzi\u0119ki genialnemu nowemu pomys\u0142owi Justina Tocko z dodatkowymi udoskonaleniami Justina Alana, Extreme Burn w\u0142a\u015bnie sta\u0142 si\u0119 NAJWY\u017bSZY!  Nowy system blokowania Extreme Burn pozwala na OCZEKIWNIEJSZE, \u0141ATWIEJSZE I BARDZIEJ MOCNIEJ\u0104CE obchodzenie si\u0119 z rachunkami i zmianami ... plus TO ZABAWA!    WYOBRA\u0179 TO SOBIE:  Poka\u017c 4-5 czystych rachunk\u00f3w, po jednym na raz, po obu stronach.  Po\u0142\u00f3\u017c je FLAT OUT w d\u0142oni. Bez jakiejkolwiek op\u0142aty, potrz\u0105\u015bnij rachunkami.  Natychmiast si\u0119 zmieniaj\u0105. to jest to! Bez sk\u0142adania. \u017badnych zabawnych ruch\u00f3w. Nic.  Rachunki po prostu ZMIENIAJ!  Twoi widzowie przysi\u0119gaj\u0105, \u017ce w\u0142a\u015bnie zobaczyli hollywoodzki efekt specjalny!    Richard Sanders na nowo odkry\u0142 zmian\u0119 wielu rachunk\u00f3w.  Pracuj\u0105c od podstaw, zmieni\u0142 efekt wizualny efektu i zrewolucjonizowa\u0142 ca\u0142\u0105 technik\u0119.  Extreme Burn to przebieg\u0142y przepis \u0142\u0105cz\u0105cy technik\u0119 jednocz\u0119\u015bciow\u0105 i sztuczk\u0119 jednocz\u0119\u015bciow\u0105, kt\u00f3ra pozwala na WIZUALNE zmiany rachunk\u00f3w bez pokrycia.    Najlepsz\u0105 cz\u0119\u015bci\u0105 Extreme Burn, opr\u00f3cz hiper-wizualnych zmian, jest fakt, \u017ce jest to \u0142atwe do zrobienia.  Sztuczka wykonuje wi\u0119kszo\u015b\u0107 pracy dla Ciebie, dzi\u0119ki czemu mo\u017cesz skoncentrowa\u0107 si\u0119 na niszczeniu odbiorc\u00f3w.  Extreme Burn to ewolucyjny krok naprz\u00f3d w dziedzinie techniki i efekt\u00f3w.<\/span><\/pre>\n<pre id=\"tw-target-text\" class=\"tw-data-text tw-ta tw-text-small\" dir=\"ltr\" data-placeholder=\"T\u0142umaczenie\"><span lang=\"pl\" style=\"font-family: arial, helvetica, sans-serif;\">CZEGO OCZEKIWA\u0106:  Dowiesz si\u0119 10 wyj\u0105tkowych, hiper-wizualnych zmian; daj\u0105c ci armi\u0119 niszcz\u0105cych zmian w ustawieniach, w dos\u0142ownie ka\u017cdej mo\u017cliwej sytuacji.  \u017baden kamie\u0144 nie jest odwr\u00f3cony, od ustawienia rachunk\u00f3w po dokonanie zmian, a tak\u017ce wszystkie wskaz\u00f3wki dotycz\u0105ce obs\u0142ugi i subtelno\u015bci pomi\u0119dzy nimi. Wkr\u00f3tce b\u0119dziesz gotowy do pracy. I jako specjalny BONUS dowiesz si\u0119 o podziemnym cudu Richarda, Slow Burn. B\u0119d\u0105 odchyla\u0107 si\u0119, gdy ogl\u0105daj\u0105 rachunki wizualnie zmieniaj\u0105ce si\u0119, podczas gdy ty powoli przesuwasz nad nimi r\u0119k\u0119! PLUS 75 MINUT NOWYCH MATERIA\u0141\u00d3W, kt\u00f3re pozwol\u0105 ci zmieni\u0107 rachunki, a nast\u0119pnie przekaza\u0107 je do badania, wyda\u0107 itp.  \u0141\u0105cznie prawie 3 godziny magicznej magii na jednym niezwyk\u0142ym DVD.    DOWIEDZ SI\u0118 W TAJEMNICACH WEWN\u0118TRZNYCH:  TECHNIKI R\u0118CZNE: (Naucz si\u0119 technik zab\u00f3jczych, kt\u00f3re pozwol\u0105 ci wykona\u0107 Extreme Burn, a nast\u0119pnie natychmiast rozdaj rachunki za pe\u0142ne badanie. PLUS: \u015amiertelne pomys\u0142y i techniki, kt\u00f3re pozwol\u0105 ci AUTOMATYCZNIE ZEROWA\u0106 nawet po fazie rozdania. Zmie\u0144 ca\u0142y stos 1 na stos 20 lub 100. Niebo jest limitem! Najlepsze jest to, \u017ce NIE JEST WYMAGANE.  ZAAWANSOWANE ZMIANY PODZIEMNE: Shake, The Snap, Cervon i inne.  MAGAZYN DO WARSZTAT\u00d3W PIENI\u0118DZY: Naucz si\u0119 prawdziwej pracy nad integracj\u0105 papieru i kawa\u0142k\u00f3w czasopisma z systemem Extreme Burn.  PRO WSKAZ\u00d3WKI: Psychologia, przeskakiwanie tabeli, resetowanie i WI\u0118CEJ!  PLUS: BRAND NEW ULTRA THIN Gimmick (Zaprojektowany cie\u0144szy i bardziej elegancki dla maksymalnej wydajno\u015bci.)  PLUS: Extreme Burn HOLDER. Cienki portfel do przechowywania rachunk\u00f3w.  DODATKOWE PUNKTY:  Proste do zrobienia.  Natychmiast powtarzalny, NIC DO ZEROWANIA.  Bez palmingu i niczego, czego mo\u017cna si\u0119 pozby\u0107.  P\u0142a\u0107 za przedmioty po zmianie pieni\u0119dzy.  Wsp\u00f3\u0142pracuje z ka\u017cd\u0105 walut\u0105.  Zmie\u0144 1 na 100, przekszta\u0142\u0107 papier na pieni\u0105dze, zagraniczne pieni\u0105dze na lokaln\u0105 walut\u0119, mo\u017cliwo\u015bci s\u0105 nieograniczone.  No\u015b go w kieszeni i zawsze jeste\u015b gotowy na cud!<\/span><\/pre>\n<pre id=\"tw-target-text\" class=\"tw-data-text tw-ta tw-text-small\" dir=\"ltr\" data-placeholder=\"T\u0142umaczenie\">\u00a0<\/pre>\n","protected":false},"excerpt":{"rendered":"<p>Opis: NAJBARDZIEJ WIZUALNY system wymiany Bill EVER &#8230; i teraz z wbudowanym SYSTEMEM BLOKADY! Dzi\u0119ki genialnemu nowemu pomys\u0142owi Justina Tocko z dodatkowymi udoskonaleniami Justina Alana, Extreme Burn w\u0142a\u015bnie sta\u0142 si\u0119&#8230;<\/p>\n","protected":false},"featured_media":10801,"comment_status":"closed","ping_status":"open","template":"","meta":[],"product_brand":[],"product_cat":[47],"product_tag":[],"class_list":{"0":"post-10800","1":"product","2":"type-product","3":"status-publish","4":"has-post-thumbnail","6":"product_cat-ksiazki-dvd-download-filmy-dvd","8":"first","9":"instock","10":"purchasable","11":"product-type-simple"},"_links":{"self":[{"href":"https:\/\/magiiik.netstory.com.pl\/index.php?rest_route=\/wp\/v2\/product\/10800","targetHints":{"allow":["GET"]}}],"collection":[{"href":"https:\/\/magiiik.netstory.com.pl\/index.php?rest_route=\/wp\/v2\/product"}],"about":[{"href":"https:\/\/magiiik.netstory.com.pl\/index.php?rest_route=\/wp\/v2\/types\/product"}],"replies":[{"embeddable":true,"href":"https:\/\/magiiik.netstory.com.pl\/index.php?rest_route=%2Fwp%2Fv2%2Fcomments&post=10800"}],"wp:featuredmedia":[{"embeddable":true,"href":"https:\/\/magiiik.netstory.com.pl\/index.php?rest_route=\/wp\/v2\/media\/10801"}],"wp:attachment":[{"href":"https:\/\/magiiik.netstory.com.pl\/index.php?rest_route=%2Fwp%2Fv2%2Fmedia&parent=10800"}],"wp:term":[{"taxonomy":"product_brand","embeddable":true,"href":"https:\/\/magiiik.netstory.com.pl\/index.php?rest_route=%2Fwp%2Fv2%2Fproduct_brand&post=10800"},{"taxonomy":"product_cat","embeddable":true,"href":"https:\/\/magiiik.netstory.com.pl\/index.php?rest_route=%2Fwp%2Fv2%2Fproduct_cat&post=10800"},{"taxonomy":"product_tag","embeddable":true,"href":"https:\/\/magiiik.netstory.com.pl\/index.php?rest_route=%2Fwp%2Fv2%2Fproduct_tag&post=10800"}],"curies":[{"name":"wp","href":"https:\/\/api.w.org\/{rel}","templated":true}]}}