{"id":10797,"date":"2025-09-19T13:44:04","date_gmt":"2025-09-19T11:44:04","guid":{"rendered":"https:\/\/magiiik.netstory.com.pl\/produkt\/confessions-of-a-needle-swallower-dvd\/"},"modified":"2025-09-19T13:44:11","modified_gmt":"2025-09-19T11:44:11","slug":"confessions-of-a-needle-swallower-dvd","status":"publish","type":"product","link":"https:\/\/magiiik.netstory.com.pl\/?product=confessions-of-a-needle-swallower-dvd","title":{"rendered":"Confessions Of A Needle Swallower DVD"},"content":{"rendered":"<pre id=\"tw-target-text\" class=\"tw-data-text tw-ta tw-text-small\" dir=\"ltr\" data-placeholder=\"T\u0142umaczenie\"><span lang=\"pl\" style=\"font-family: arial, helvetica, sans-serif;\">opis:    \u201ePo\u0142kni\u0119cie i przywracanie igie\u0142 nie jest oczywiste dla wszystkich, ale od 25 lat Steve Spill jest niesamowit\u0105 i zabawn\u0105 publiczno\u015bci\u0105 swoj\u0105 wersj\u0105 tego dobrze znanego efektu\u2026 wszystko, co Steve Spill wykonuje, jest zwyci\u0119zc\u0105\u201d - Wayne Kawamoto , Magic.About.com    Pe\u0142na recenzja Od ponad 25 lat Steve Spill jest niesamowit\u0105 publiczno\u015bci\u0105 na ca\u0142ym \u015bwiecie dzi\u0119ki swojej fantastycznej wersji klasycznej gry Needle Swallowing. Akt jest bez w\u0105tpienia ostateczn\u0105 rutyn\u0105 dla wymagaj\u0105cego wykonawcy. To wszystko!    Po pierwsze, metoda jest \u0142atwa do wykonania, aby ka\u017cdy m\u00f3g\u0142 to zrobi\u0107. Pozwala to wykonawcy skoncentrowa\u0107 si\u0119 na ich wydajno\u015bci. ale ukryta w metodzie jest diabelska strategia, kt\u00f3ra oszuka\u0142a publiczno\u015b\u0107 od dziesi\u0119cioleci.    Po drugie, prezentacja Steve'a jest zabawna. Skrypt zosta\u0142 wykorzystany do tysi\u0119cy pokaz\u00f3w, a dowcipy zawsze wywo\u0142uj\u0105 wielki \u015bmiech. Rutyna jest krystalicznie czysta i pe\u0142na rozrywki. Zabra\u0142 Steve na ca\u0142ym \u015bwiecie!    Po trzecie, akt pakuje p\u0142asko i gra GDZIEKOLWIEK! Mo\u017cesz wykonywa\u0107 t\u0119 rutyn\u0119 na scenie, w salonach, nawet z bliska. Ca\u0142y akt wa\u017cy uncj\u0119!    Steve to wszystko. Trening przechodzi w niesamowit\u0105 szczeg\u00f3\u0142owo\u015b\u0107, kt\u00f3ra obejmuje wszystkie drobne punkty, kt\u00f3re oddzielaj\u0105 rutyn\u0119 Stevena od reszty. Nic nie zosta\u0142o pomini\u0119te. U\u017cywaj sprawdzonego przez s\u0142owo s\u0142owa Steve'a na s\u0142owo, a dostaniesz sapni\u0119cia, \u015bmiechy i owacje, kt\u00f3re mo\u017ce dostarczy\u0107 tylko profesjonalna rutyna tego kalibru!    To DVD zawiera 3 wyst\u0119py na \u017cywo, kt\u00f3re s\u0105 klasy mistrzowskiej w komedii!  1988 Show telewizyjny  1998 Klub komediowy  2008 Magicopolis  Ten produkt jest dostarczany w formie zestawu. W zestawie znajduj\u0105 si\u0119 niesamowite DVD treningowe i specjalny gaff! Nabywca musi dostarczy\u0107 Ig\u0142y, Nici i Latark\u0119.    OSTRZE\u017bENIE: Ta p\u0142yta szkoleniowa zawiera instrukcje, kt\u00f3re, je\u015bli nie zostan\u0105 w pe\u0142ni przestrzegane, mog\u0105 spowodowa\u0107 obra\u017cenia, a nawet \u015bmier\u0107 u\u017cytkownika. U\u017cycie zgodnie z instrukcj\u0105 spowoduje owacje na stoj\u0105co! U\u017cytkownik musi wyrazi\u0107 zgod\u0119 na nasze zrzeczenie si\u0119 odpowiedzialno\u015bci przed ogl\u0105daniem pokaz\u00f3w i instrukcji. Nabywca musi mie\u0107 uko\u0144czone 18 lat.    Czas pracy Oko\u0142o 59 minut<\/span><\/pre>\n","protected":false},"excerpt":{"rendered":"<p>opis: \u201ePo\u0142kni\u0119cie i przywracanie igie\u0142 nie jest oczywiste dla wszystkich, ale od 25 lat Steve Spill jest niesamowit\u0105 i zabawn\u0105 publiczno\u015bci\u0105 swoj\u0105 wersj\u0105 tego dobrze znanego efektu\u2026 wszystko, co Steve&#8230;<\/p>\n","protected":false},"featured_media":10798,"comment_status":"closed","ping_status":"open","template":"","meta":[],"product_brand":[],"product_cat":[47],"product_tag":[],"class_list":{"0":"post-10797","1":"product","2":"type-product","3":"status-publish","4":"has-post-thumbnail","6":"product_cat-ksiazki-dvd-download-filmy-dvd","8":"first","9":"instock","10":"purchasable","11":"product-type-simple"},"_links":{"self":[{"href":"https:\/\/magiiik.netstory.com.pl\/index.php?rest_route=\/wp\/v2\/product\/10797","targetHints":{"allow":["GET"]}}],"collection":[{"href":"https:\/\/magiiik.netstory.com.pl\/index.php?rest_route=\/wp\/v2\/product"}],"about":[{"href":"https:\/\/magiiik.netstory.com.pl\/index.php?rest_route=\/wp\/v2\/types\/product"}],"replies":[{"embeddable":true,"href":"https:\/\/magiiik.netstory.com.pl\/index.php?rest_route=%2Fwp%2Fv2%2Fcomments&post=10797"}],"wp:featuredmedia":[{"embeddable":true,"href":"https:\/\/magiiik.netstory.com.pl\/index.php?rest_route=\/wp\/v2\/media\/10798"}],"wp:attachment":[{"href":"https:\/\/magiiik.netstory.com.pl\/index.php?rest_route=%2Fwp%2Fv2%2Fmedia&parent=10797"}],"wp:term":[{"taxonomy":"product_brand","embeddable":true,"href":"https:\/\/magiiik.netstory.com.pl\/index.php?rest_route=%2Fwp%2Fv2%2Fproduct_brand&post=10797"},{"taxonomy":"product_cat","embeddable":true,"href":"https:\/\/magiiik.netstory.com.pl\/index.php?rest_route=%2Fwp%2Fv2%2Fproduct_cat&post=10797"},{"taxonomy":"product_tag","embeddable":true,"href":"https:\/\/magiiik.netstory.com.pl\/index.php?rest_route=%2Fwp%2Fv2%2Fproduct_tag&post=10797"}],"curies":[{"name":"wp","href":"https:\/\/api.w.org\/{rel}","templated":true}]}}