{"id":10792,"date":"2025-09-19T13:44:04","date_gmt":"2025-09-19T11:44:04","guid":{"rendered":"https:\/\/magiiik.netstory.com.pl\/produkt\/liquid-metal-by-morgan-strebler-dvd\/"},"modified":"2025-09-19T13:44:09","modified_gmt":"2025-09-19T11:44:09","slug":"liquid-metal-by-morgan-strebler-dvd","status":"publish","type":"product","link":"https:\/\/magiiik.netstory.com.pl\/?product=liquid-metal-by-morgan-strebler-dvd","title":{"rendered":"Liquid Metal by Morgan Strebler &#8211; DVD"},"content":{"rendered":"<pre id=\"tw-target-text\" class=\"tw-data-text tw-ta tw-text-small\" dir=\"ltr\" data-placeholder=\"T\u0142umaczenie\"><span lang=\"pl\" style=\"font-family: arial, helvetica, sans-serif;\"><br \/>Opis:    Wszyscy s\u0142yszeli historie o wyj\u0105tkowych ludziach, kt\u00f3rzy potrafi\u0105 nagina\u0107 metal poprzez ekstremaln\u0105 koncentracj\u0119, ale nikt nie wydaje si\u0119 wiedzie\u0107 na pewno, \u017ce tak si\u0119 dzieje, czy te\u017c jest to mo\u017cliwe ... DO SPE\u0141NIENIA CIEBIE!    Za chwil\u0119 poznasz najbardziej WIZUALN\u0104 rutyn\u0119 gi\u0119cia metalu na \u015bwiecie. Rutyna obejmuje 2 WID\u0141Y i 6 FAZ OSTRZEGAWCZYCH! Ka\u017cda faza opiera si\u0119 na poprzedniej, a na ko\u0144cu widz pozostaje ZABAW\u0104 KILLERA.    Cechy p\u0142ynnego metalu:  Ponad 25 minut materia\u0142u na \u017cywo  Pe\u0142ne wyja\u015bnienia w stylu wyk\u0142ad\u00f3w  Specjalna sesja treningowa  Podsumuj Intensywne NAD RAM\u0104    Bonus specjalny:  Niemo\u017cliwe, rutynowe zginanie Morgana  Widelec U Widelec  Zakr\u0119t korkoci\u0105gu    Dowiesz si\u0119 pe\u0142nej rutyny od pocz\u0105tku do ko\u0144ca z niczym nie powstrzymanym, w tym wyczekiwanym zgi\u0119ciem wielu z\u0119b\u00f3w Morgana (przechylonym po raz pierwszy w historii)!    Jest to pe\u0142na i dopracowana procedura, kt\u00f3r\u0105 mo\u017cesz wykona\u0107 w 100% w otoczeniu. Wykonuj je na imprezach, nocnych klubach, barach, restauracjach i na ulicach.    Oto dok\u0142adna, rutynowa procedura, kt\u00f3rej Morgan u\u017cywa podczas przes\u0142ucha\u0144 do telewizji, film\u00f3w, pokaz\u00f3w i koncert\u00f3w. Jest TAK silny i dostaje NIESAMOWITE REAKCJE.    Gdzie widzisz t\u0119 rutyn\u0119 w akcji? Morgan wykonuje Liquid Metal ka\u017cdej nocy w swoim s\u0142ynnym filmie Bellagio w Las Vegas. Wykonuje r\u00f3wnie\u017c rutyn\u0119 w Hard Rock Hotel and Casino przed 2500 osobami za po\u015brednictwem monitor\u00f3w telewizyjnych.    Kto widzia\u0142 rutyn\u0119? Tom Hanks, Paris Hilton, Tara Reid, Carson Daly, Michael Jordan, Jason Biggs, Lisa Marie i Priscilla Presley, R. Kelly, Ice T, Anna Nicole Smith i setki innych os\u00f3b.    Czas pracy Oko\u0142o 100 min<\/span><\/pre>\n","protected":false},"excerpt":{"rendered":"<p>Opis: Wszyscy s\u0142yszeli historie o wyj\u0105tkowych ludziach, kt\u00f3rzy potrafi\u0105 nagina\u0107 metal poprzez ekstremaln\u0105 koncentracj\u0119, ale nikt nie wydaje si\u0119 wiedzie\u0107 na pewno, \u017ce tak si\u0119 dzieje, czy te\u017c jest to&#8230;<\/p>\n","protected":false},"featured_media":10793,"comment_status":"closed","ping_status":"open","template":"","meta":[],"product_brand":[],"product_cat":[47],"product_tag":[],"class_list":{"0":"post-10792","1":"product","2":"type-product","3":"status-publish","4":"has-post-thumbnail","6":"product_cat-ksiazki-dvd-download-filmy-dvd","8":"first","9":"instock","10":"purchasable","11":"product-type-simple"},"_links":{"self":[{"href":"https:\/\/magiiik.netstory.com.pl\/index.php?rest_route=\/wp\/v2\/product\/10792","targetHints":{"allow":["GET"]}}],"collection":[{"href":"https:\/\/magiiik.netstory.com.pl\/index.php?rest_route=\/wp\/v2\/product"}],"about":[{"href":"https:\/\/magiiik.netstory.com.pl\/index.php?rest_route=\/wp\/v2\/types\/product"}],"replies":[{"embeddable":true,"href":"https:\/\/magiiik.netstory.com.pl\/index.php?rest_route=%2Fwp%2Fv2%2Fcomments&post=10792"}],"wp:featuredmedia":[{"embeddable":true,"href":"https:\/\/magiiik.netstory.com.pl\/index.php?rest_route=\/wp\/v2\/media\/10793"}],"wp:attachment":[{"href":"https:\/\/magiiik.netstory.com.pl\/index.php?rest_route=%2Fwp%2Fv2%2Fmedia&parent=10792"}],"wp:term":[{"taxonomy":"product_brand","embeddable":true,"href":"https:\/\/magiiik.netstory.com.pl\/index.php?rest_route=%2Fwp%2Fv2%2Fproduct_brand&post=10792"},{"taxonomy":"product_cat","embeddable":true,"href":"https:\/\/magiiik.netstory.com.pl\/index.php?rest_route=%2Fwp%2Fv2%2Fproduct_cat&post=10792"},{"taxonomy":"product_tag","embeddable":true,"href":"https:\/\/magiiik.netstory.com.pl\/index.php?rest_route=%2Fwp%2Fv2%2Fproduct_tag&post=10792"}],"curies":[{"name":"wp","href":"https:\/\/api.w.org\/{rel}","templated":true}]}}