{"id":10789,"date":"2025-09-19T13:44:04","date_gmt":"2025-09-19T11:44:04","guid":{"rendered":"https:\/\/magiiik.netstory.com.pl\/produkt\/psychokinetic-silverware-by-gerry-and-banachek-dvd\/"},"modified":"2025-09-19T13:44:08","modified_gmt":"2025-09-19T11:44:08","slug":"psychokinetic-silverware-by-gerry-and-banachek-dvd","status":"publish","type":"product","link":"https:\/\/magiiik.netstory.com.pl\/?product=psychokinetic-silverware-by-gerry-and-banachek-dvd","title":{"rendered":"Psychokinetic Silverware by Gerry And Banachek &#8211; DVD"},"content":{"rendered":"<pre id=\"tw-target-text\" class=\"tw-data-text tw-ta tw-text-small\" dir=\"ltr\" data-placeholder=\"T\u0142umaczenie\"><span lang=\"pl\" style=\"font-family: arial, helvetica, sans-serif;\">Je\u015bli naprawd\u0119 potrafisz zgina\u0107 metal swoim umys\u0142em, Psychokinetic Silverware jest dok\u0142adnie taki, jak by wygl\u0105da\u0142. Uwa\u017caj, jak zimna, twarda stal topi si\u0119 jak mas\u0142o ... zgina si\u0119, skr\u0119ca, \u0142amie i porusza si\u0119 pozornie sama. Z\u0119by na wid\u0142ach skr\u0119caj\u0105 si\u0119 jak spaghetti i rozpo\u015bcieraj\u0105 si\u0119 jak kwitn\u0105cy kwiat. Sztu\u0107ce poruszaj\u0105 si\u0119 i zginaj\u0105 w d\u0142oni widza!    Metalowe zginanie Banacheka jest tak niesamowite i tak realistyczne, \u017ce cz\u0119sto oskar\u017cano go o bycie i robienie \u201eprawdziwych rzeczy\u201d. W rzeczywisto\u015bci, po przestudiowaniu metalu Banacheka, laboratorium McDonnell for Psychic Research z dum\u0105 og\u0142osi\u0142o spo\u0142eczno\u015bci naukowej, \u017ce odkryli kogo\u015b o prawdziwych zdolno\u015bciach psychicznych! National Inquirer i inne media og\u0142osi\u0142y r\u00f3wnie\u017c psychokinetyczne talenty Banacheka.    Na tej kasecie Gerry i Banachek wreszcie ujawniaj\u0105 prawdziwe tajemnice tych niesamowitych procedur. Nie tylko zobaczysz, jak wszystko wygl\u0105da w wydajno\u015bci, ale tak\u017ce nauczysz si\u0119 prawdziwej pracy wewn\u0105trz, delikatnych punkt\u00f3w i psychologii gi\u0119cia metalu. To s\u0105 tajemnice, kt\u00f3re by\u0142y bardzo \u015bci\u015ble strze\u017cone ... a\u017c do teraz.    Co ludzie m\u00f3wi\u0105:    \u201ePsychokinetic Silverware to wspania\u0142e \u017ar\u00f3d\u0142o informacji. Je\u015bli chcesz doda\u0107 rutyn\u0119 metalow\u0105 do swojego repertuaru, ta p\u0142yta DVD powinna by\u0107 twoim pierwszym przystankiem\u201d.  -Michael Close  Ta ta\u015bma ma \u015bwietne informacje na temat zginania sztu\u0107c\u00f3w od ludzi, kt\u00f3rzy robi\u0105 to na \u017cycie. W\u0142a\u015bnie zainteresowa\u0142em si\u0119 poznaniem tego aspektu naszej sztuki. Dzi\u0119kuj\u0119 Gerry i Banachek!  - Lance Burton    \u201eJest to najlepsza ta\u015bma zginaj\u0105ca metal, kt\u00f3r\u0105 widzia\u0142em. Zajmuje si\u0119 psychologicznymi akcentami i b\u0142\u0119dnym kierownictwem, kt\u00f3re sprawiaj\u0105, \u017ce ten efekt naprawd\u0119 dzia\u0142a. Zbyt wielu wykonawc\u00f3w podchodzi do tego jak do magicznej sztuczki i szuka nowo\u015bci i sprytnych gaf\u00f3w - ale to jest prawdziwe rzeczy, omawiane i brane pod uwag\u0119 w cennych szczeg\u00f3\u0142ach, z pewno\u015bci\u0105 ogromne zainteresowanie zar\u00f3wno dla profesjonalist\u00f3w, jak i dla pocz\u0105tkuj\u0105cych. Doskona\u0142a praca i gratulacje. \u201d  - Derren Brown    \u201eBanachek jest NAJBARDZIEJ najlepszy, jaki kiedykolwiek widzia\u0142em przy zginaniu metalu! Nikt si\u0119 nie zbli\u017ca!\u201d  - Mac King    \u201ePraca Banacheka z gi\u0119ciem metalu to stan techniki. To prawdziwa praca, psychologia i drobne akcenty, kt\u00f3re czyni\u0105 cuda!\u201d  - Ben Harris, autor Gellerism Revealed    \u201eJestem dumny z tego, \u017ce Banachek jest zdecydowanie jednym z najlepszych w dziedzinie gi\u0119cia metali\u201d.  - Guy Bavli<br \/><br \/>Gi\u0119cie metalu pozostaje najlepsz\u0105 psychiczn\u0105 iluzj\u0105 wszystkich, a Banachek pozostaje jego najlepszym wyk\u0142adnikiem i nauczycielem. \u201d <br \/>- Ian Rowland, autor ksi\u0105\u017cki Full Facts Book of Cold Reading \u201eBanachek nie przypomina \u017cadnej metalowej gi\u0119tarki, jak\u0105 kiedykolwiek widzia\u0142em. <br \/><br \/>Po prostu wydaje si\u0119 by\u0107 w pobli\u017cu, gdy widelce i \u0142y\u017cki nabieraj\u0105 niespodziewanego, w\u0142asnego \u017cycia\u201d. <br \/>- Richard Busch, Psychic Entertainer, Master Hypnotist, autor Peek Performances Zr\u00f3b umys\u0142 metalowym zgi\u0119ciem ... albo tak si\u0119 pojawi. <br \/><br \/>Czas pracy Oko\u0142o 1 godziny 10 minut<br \/><\/span><\/pre>\n","protected":false},"excerpt":{"rendered":"<p>Je\u015bli naprawd\u0119 potrafisz zgina\u0107 metal swoim umys\u0142em, Psychokinetic Silverware jest dok\u0142adnie taki, jak by wygl\u0105da\u0142. Uwa\u017caj, jak zimna, twarda stal topi si\u0119 jak mas\u0142o &#8230; zgina si\u0119, skr\u0119ca, \u0142amie i&#8230;<\/p>\n","protected":false},"featured_media":10790,"comment_status":"closed","ping_status":"open","template":"","meta":[],"product_brand":[],"product_cat":[47],"product_tag":[],"class_list":{"0":"post-10789","1":"product","2":"type-product","3":"status-publish","4":"has-post-thumbnail","6":"product_cat-ksiazki-dvd-download-filmy-dvd","8":"first","9":"instock","10":"purchasable","11":"product-type-simple"},"_links":{"self":[{"href":"https:\/\/magiiik.netstory.com.pl\/index.php?rest_route=\/wp\/v2\/product\/10789","targetHints":{"allow":["GET"]}}],"collection":[{"href":"https:\/\/magiiik.netstory.com.pl\/index.php?rest_route=\/wp\/v2\/product"}],"about":[{"href":"https:\/\/magiiik.netstory.com.pl\/index.php?rest_route=\/wp\/v2\/types\/product"}],"replies":[{"embeddable":true,"href":"https:\/\/magiiik.netstory.com.pl\/index.php?rest_route=%2Fwp%2Fv2%2Fcomments&post=10789"}],"wp:featuredmedia":[{"embeddable":true,"href":"https:\/\/magiiik.netstory.com.pl\/index.php?rest_route=\/wp\/v2\/media\/10790"}],"wp:attachment":[{"href":"https:\/\/magiiik.netstory.com.pl\/index.php?rest_route=%2Fwp%2Fv2%2Fmedia&parent=10789"}],"wp:term":[{"taxonomy":"product_brand","embeddable":true,"href":"https:\/\/magiiik.netstory.com.pl\/index.php?rest_route=%2Fwp%2Fv2%2Fproduct_brand&post=10789"},{"taxonomy":"product_cat","embeddable":true,"href":"https:\/\/magiiik.netstory.com.pl\/index.php?rest_route=%2Fwp%2Fv2%2Fproduct_cat&post=10789"},{"taxonomy":"product_tag","embeddable":true,"href":"https:\/\/magiiik.netstory.com.pl\/index.php?rest_route=%2Fwp%2Fv2%2Fproduct_tag&post=10789"}],"curies":[{"name":"wp","href":"https:\/\/api.w.org\/{rel}","templated":true}]}}