{"id":10787,"date":"2025-09-19T13:44:04","date_gmt":"2025-09-19T11:44:04","guid":{"rendered":"https:\/\/magiiik.netstory.com.pl\/produkt\/cm2-conscious-magic-episode-two-dvd\/"},"modified":"2025-09-19T13:44:06","modified_gmt":"2025-09-19T11:44:06","slug":"cm2-conscious-magic-episode-two-dvd","status":"publish","type":"product","link":"https:\/\/magiiik.netstory.com.pl\/?product=cm2-conscious-magic-episode-two-dvd","title":{"rendered":"CM2 (Conscious Magic Episode Two) DVD"},"content":{"rendered":"<pre class=\"tw-data-text tw-ta tw-text-small\" dir=\"ltr\" data-placeholder=\"T\u0142umaczenie\"><span lang=\"pl\" style=\"font-family: arial, helvetica, sans-serif;\">Kiedy widz\u0119 nazwisko Ran lub Andrew na produkcie, od razu chc\u0119 si\u0119 tego nauczy\u0107, poniewa\u017c wiem, \u017ce b\u0119dzie to dobrze przemy\u015blane, a przede wszystkim prawdziwy pracownik. Aby us\u0142ysze\u0107, \u017ce Ran and AG po\u0142\u0105czy\u0142y si\u0142y, seria produkt\u00f3w bardzo mnie podnieci\u0142a. Moje zam\u00f3wienie jest tak, jak powinno by\u0107! Ich procedury, metody, w\u0105tki i wskaz\u00f3wki s\u0105 idealne. Kiedy faceci lubi\u0105 t\u0119 ofert\u0119 dzieli\u0107 si\u0119 swoimi przemy\u015bleniami, ja na jeden nie mog\u0119 si\u0119 doczeka\u0107, aby s\u0142ucha\u0107! \u201d  - Peter Nardi    \u201eBy\u0107 mo\u017ce jest to projekt VERY BEST, kt\u00f3ry widzia\u0142em w dziedzinie mentalizmu. Nie ma mumbo-jumbo B # @% T - to jest prawdziwy materia\u0142.  - Paul Romhany - Redaktor VANISH MAGIC MAGAZINE    \u201eEfekty s\u0105 nie tylko silne, ale szczeg\u00f3lnie podoba mi si\u0119 dialog mi\u0119dzy nimi, a spostrze\u017cenia i subtelno\u015bci, kt\u00f3re daj\u0105, s\u0105 bezcenne\u201d.  - Haim Goldenberg    \u201eGerard mia\u0142 najwi\u0119kszy wp\u0142yw na moj\u0105 dotychczasow\u0105 karier\u0119 zawodow\u0105\u201d.  - Keith Barry    Od ponad dw\u00f3ch dekad Ran i Andrew tworz\u0105 i wykonuj\u0105 magi\u0119 w telewizji. W Conscious Magic, Episode 2, siedz\u0105 po raz pierwszy i otwarcie dyskutuj\u0105 i ujawniaj\u0105 swoje podej\u015bcie do wykonywania magii i mentalizmu w codziennym \u015brodowisku.    W tej serii Ran i Andrew ujawniaj\u0105 swoje procedury, kt\u00f3re wykonuj\u0105 w codziennych sytuacjach codziennych, takich jak bary, imprezy domowe i na ulicy. Nie tylko ucz\u0105 nowych efekt\u00f3w, ale tak\u017ce rozk\u0142adaj\u0105 je, omawiaj\u0105c ich proces tw\u00f3rczy i daj\u0105c wgl\u0105d, kt\u00f3ry pomo\u017ce uczyni\u0107 magi\u0119, kt\u00f3r\u0105 stworzysz jeszcze lepsz\u0105.    \u201eNasz\u0105 misj\u0105 w Conscious Magic jest podniesienie poziomu magii poprzez umo\u017cliwienie wykonawcy g\u0142\u0119bszego wgl\u0105du w proces tworzenia, wykonywania, a nawet my\u015blenia o magii na nowym poziomie\u201d.<br \/><\/span><\/pre>\n<pre id=\"tw-target-text\" class=\"tw-data-text tw-ta tw-text-small\" dir=\"ltr\" data-placeholder=\"T\u0142umaczenie\"><span lang=\"pl\" style=\"font-family: arial, helvetica, sans-serif;\">W tym odcinku    GET LUCKY  Pomys\u0142 rutynowych loterii i wybierania zwyci\u0119skich liczb by\u0142 rozgrywany przez wielu ludzi, przy u\u017cyciu szeregu metod z urz\u0105dze\u0144 elektronicznych, specjalnych pad\u00f3w i sztuczek. Ran Pink opracowa\u0142 pot\u0119\u017cn\u0105 rutyn\u0119 bez \u017cadnych sztuczek, tylko prawdziwe bilety na loteri\u0119 i odcinki. Podejd\u017a do sklepu, kup bilet na loteri\u0119 i odcinki, a b\u0119dziesz gotowy!    BECOMING  W tym efekcie widz spycha swoj\u0105 kart\u0119 w sw\u00f3j w\u0142asny palec. Ich podpisana karta przechodzi ze \u015brodka paczki na g\u00f3r\u0119, b\u0119d\u0105c w ich r\u0119kach, ale to nie jest twoja zwyk\u0142a ambitna rutyna. Andrew prowadzi widza przez podr\u00f3\u017c w poszukiwaniu siebie i inspiruje ich do znalezienia najlepszej wersji siebie.    RADIO  Widz my\u015bli o jakiejkolwiek piosence, zapisuje j\u0105 na karcie i trzyma w d\u0142oni. Ran nast\u0119pnie prosi ich, aby dotkn\u0119li jego skroni, aby mogli poczu\u0107 my\u015bl opuszczaj\u0105c\u0105 jego umys\u0142 i podr\u00f3\u017cowali do ich - wtedy zgaduj\u0105 jedn\u0105 nut\u0119 skali g\u0142\u00f3wnej. Teraz widz my\u015bli o swojej piosence w ten sam spos\u00f3b, ale tym razem jest w stanie przekaza\u0107 melodi\u0119 swojej przemy\u015blanej piosenki, kt\u00f3r\u0105 my\u015bleli o Ran. Piosenk\u0119 mo\u017cna ujawni\u0107, \u015bpiewaj\u0105c j\u0105 lub odtwarzaj\u0105c w mobilnej us\u0142udze muzycznej.    FIFTY 50  Efekty 50\/50 maj\u0105 znaczenie tylko wtedy, gdy na linii jest co\u015b warto\u015bciowego. W Fifty 50 Andrew stawia 100 $ na linii i obstawia, czy widz podniesie rachunek lew\u0105 czy praw\u0105 r\u0119k\u0105. On zawsze robi to dobrze! Jest to rutyna w dowolnym miejscu i czasie. We\u017a papier, o\u0142\u00f3wek i co\u015b do postawienia, i jeste\u015b gotowy do pracy.    \u201ePo pierwsze, materia\u0142 Andrew i Ran wyst\u0119puje i naucza jest cholernie silny! Ale je\u015bli jest jedna lekcja, kt\u00f3r\u0105 mo\u017cesz i powinna\u015b si\u0119 nauczy\u0107 podczas ogl\u0105dania, to w jaki spos\u00f3b bior\u0105 te kawa\u0142ki, aby nawi\u0105za\u0107 kontakt z lud\u017ami. prawdziwy sekret intymnego teatru. \u201d  - John Carey    \u201eGdybym mia\u0142 list\u0119 dziesi\u0119ciu tajemniczych artyst\u00f3w, kt\u00f3rych chcia\u0142bym zamkn\u0105\u0107 w pokoju, Andrew Gerard i Ran Pink znale\u017aliby si\u0119 na tej li\u015bcie. Ci\u0105gle inspiruj\u0105 mnie przez pozbywanie efekt\u00f3w do organicznych, p\u0142ynnych, uproszczonych moment\u00f3w zdziwienia . Mie\u0107 tych dw\u00f3ch wsp\u00f3\u0142czesnych mistrz\u00f3w burzy m\u00f3zg\u00f3w razem to okazja, kt\u00f3rej nie b\u0119d\u0119 t\u0119skni\u0107 i ty te\u017c nie b\u0119dziesz. \u201d  - Marc Spelmann    RUNTIME 1 godz. 20 min<\/span><\/pre>\n<pre id=\"tw-target-text\" class=\"tw-data-text tw-ta tw-text-small\" dir=\"ltr\" data-placeholder=\"T\u0142umaczenie\"><span style=\"font-family: arial, helvetica, sans-serif;\"><span lang=\"pl\">\u00a0<\/span><\/span><\/pre>\n","protected":false},"excerpt":{"rendered":"<p>Kiedy widz\u0119 nazwisko Ran lub Andrew na produkcie, od razu chc\u0119 si\u0119 tego nauczy\u0107, poniewa\u017c wiem, \u017ce b\u0119dzie to dobrze przemy\u015blane, a przede wszystkim prawdziwy pracownik. Aby us\u0142ysze\u0107, \u017ce Ran&#8230;<\/p>\n","protected":false},"featured_media":10788,"comment_status":"closed","ping_status":"open","template":"","meta":[],"product_brand":[],"product_cat":[47],"product_tag":[],"class_list":{"0":"post-10787","1":"product","2":"type-product","3":"status-publish","4":"has-post-thumbnail","6":"product_cat-ksiazki-dvd-download-filmy-dvd","8":"first","9":"instock","10":"purchasable","11":"product-type-simple"},"_links":{"self":[{"href":"https:\/\/magiiik.netstory.com.pl\/index.php?rest_route=\/wp\/v2\/product\/10787","targetHints":{"allow":["GET"]}}],"collection":[{"href":"https:\/\/magiiik.netstory.com.pl\/index.php?rest_route=\/wp\/v2\/product"}],"about":[{"href":"https:\/\/magiiik.netstory.com.pl\/index.php?rest_route=\/wp\/v2\/types\/product"}],"replies":[{"embeddable":true,"href":"https:\/\/magiiik.netstory.com.pl\/index.php?rest_route=%2Fwp%2Fv2%2Fcomments&post=10787"}],"wp:featuredmedia":[{"embeddable":true,"href":"https:\/\/magiiik.netstory.com.pl\/index.php?rest_route=\/wp\/v2\/media\/10788"}],"wp:attachment":[{"href":"https:\/\/magiiik.netstory.com.pl\/index.php?rest_route=%2Fwp%2Fv2%2Fmedia&parent=10787"}],"wp:term":[{"taxonomy":"product_brand","embeddable":true,"href":"https:\/\/magiiik.netstory.com.pl\/index.php?rest_route=%2Fwp%2Fv2%2Fproduct_brand&post=10787"},{"taxonomy":"product_cat","embeddable":true,"href":"https:\/\/magiiik.netstory.com.pl\/index.php?rest_route=%2Fwp%2Fv2%2Fproduct_cat&post=10787"},{"taxonomy":"product_tag","embeddable":true,"href":"https:\/\/magiiik.netstory.com.pl\/index.php?rest_route=%2Fwp%2Fv2%2Fproduct_tag&post=10787"}],"curies":[{"name":"wp","href":"https:\/\/api.w.org\/{rel}","templated":true}]}}