{"id":10776,"date":"2025-09-19T13:43:32","date_gmt":"2025-09-19T11:43:32","guid":{"rendered":"https:\/\/magiiik.netstory.com.pl\/produkt\/coin-tidy-6-pockets\/"},"modified":"2025-09-19T13:43:55","modified_gmt":"2025-09-19T11:43:55","slug":"coin-tidy-6-pockets","status":"publish","type":"product","link":"https:\/\/magiiik.netstory.com.pl\/?product=coin-tidy-6-pockets","title":{"rendered":"Coin Tidy ( 6 Pockets)"},"content":{"rendered":"<p>Jerry O&#8217;Connell Coin Tidy to idealne rozwi\u0105zanie do noszenia i zabezpieczania zwyk\u0142ych i sztucznych monet. R\u0119cznie wykonana z najwy\u017cszej jako\u015bci sk\u00f3ry futera\u0142 ochroni Twoje monety, a tak\u017ce zapobiegnie ich wydawaniu, gdy ich nie u\u017cywasz. Wewn\u0119trzny materia\u0142 tkaniny chroni te drogie monety przed uszkodzeniem. Obudowa ma sze\u015b\u0107 slot\u00f3w na monety i mo\u017ce z \u0142atwo\u015bci\u0105 pomie\u015bci\u0107 do 12 monet i jest \u015bwietnym sposobem na dodanie profesjonalnego akcentu do wykonania.<\/p>\n<p>Zamkni\u0119te wymiary: 50 mm x 50 mm Otwarte wymiary: 50 mm x 200 mm<\/p>\n","protected":false},"excerpt":{"rendered":"<p>Jerry O&#8217;Connell Coin Tidy to idealne rozwi\u0105zanie do noszenia i zabezpieczania zwyk\u0142ych i sztucznych monet. R\u0119cznie wykonana z najwy\u017cszej jako\u015bci sk\u00f3ry futera\u0142 ochroni Twoje monety, a tak\u017ce zapobiegnie ich wydawaniu,&#8230;<\/p>\n","protected":false},"featured_media":10777,"comment_status":"closed","ping_status":"open","template":"","meta":[],"product_brand":[],"product_cat":[34],"product_tag":[],"class_list":{"0":"post-10776","1":"product","2":"type-product","3":"status-publish","4":"has-post-thumbnail","6":"product_cat-mikro-iluzja-close-up-inne","8":"first","9":"instock","10":"purchasable","11":"product-type-simple"},"_links":{"self":[{"href":"https:\/\/magiiik.netstory.com.pl\/index.php?rest_route=\/wp\/v2\/product\/10776","targetHints":{"allow":["GET"]}}],"collection":[{"href":"https:\/\/magiiik.netstory.com.pl\/index.php?rest_route=\/wp\/v2\/product"}],"about":[{"href":"https:\/\/magiiik.netstory.com.pl\/index.php?rest_route=\/wp\/v2\/types\/product"}],"replies":[{"embeddable":true,"href":"https:\/\/magiiik.netstory.com.pl\/index.php?rest_route=%2Fwp%2Fv2%2Fcomments&post=10776"}],"wp:featuredmedia":[{"embeddable":true,"href":"https:\/\/magiiik.netstory.com.pl\/index.php?rest_route=\/wp\/v2\/media\/10777"}],"wp:attachment":[{"href":"https:\/\/magiiik.netstory.com.pl\/index.php?rest_route=%2Fwp%2Fv2%2Fmedia&parent=10776"}],"wp:term":[{"taxonomy":"product_brand","embeddable":true,"href":"https:\/\/magiiik.netstory.com.pl\/index.php?rest_route=%2Fwp%2Fv2%2Fproduct_brand&post=10776"},{"taxonomy":"product_cat","embeddable":true,"href":"https:\/\/magiiik.netstory.com.pl\/index.php?rest_route=%2Fwp%2Fv2%2Fproduct_cat&post=10776"},{"taxonomy":"product_tag","embeddable":true,"href":"https:\/\/magiiik.netstory.com.pl\/index.php?rest_route=%2Fwp%2Fv2%2Fproduct_tag&post=10776"}],"curies":[{"name":"wp","href":"https:\/\/api.w.org\/{rel}","templated":true}]}}