{"id":10774,"date":"2025-09-19T13:43:32","date_gmt":"2025-09-19T11:43:32","guid":{"rendered":"https:\/\/magiiik.netstory.com.pl\/produkt\/magic-coloring-book-blank-pages\/"},"modified":"2025-09-19T13:43:54","modified_gmt":"2025-09-19T11:43:54","slug":"magic-coloring-book-blank-pages","status":"publish","type":"product","link":"https:\/\/magiiik.netstory.com.pl\/?product=magic-coloring-book-blank-pages","title":{"rendered":"Magic Coloring book (blank pages)"},"content":{"rendered":"<pre id=\"tw-target-text\" class=\"tw-data-text tw-ta tw-text-small\" dir=\"ltr\" data-placeholder=\"T\u0142umaczenie\"><span lang=\"pl\" style=\"font-family: arial, helvetica, sans-serif;\">Dostarczana jest tylko ksi\u0105\u017cka z ca\u0142kowicie pustymi stronami.    \u015awietnie nadaje si\u0119 do u\u017cycia wraz z Magic Coloring Book - Large. <br \/>Ksi\u0105\u017ck\u0119 z pustymi stronami mo\u017cna przekaza\u0107 do zbadania przed lub po efekcie za pomoc\u0105 Magicznej Ksi\u0105\u017cki Kolorowanki - Du\u017cej, po prostu potajemnie wymieniaj\u0105c dwie ksi\u0105\u017cki. <br \/>W ten spos\u00f3b ka\u017cdy b\u0119dzie m\u00f3g\u0142 sprawdzi\u0107 ksi\u0105\u017ck\u0119 bez odkrywania tajemnicy!  Rozmiar: 21 x 28,5 cm (8 x 11 cali).<\/span><\/pre>\n","protected":false},"excerpt":{"rendered":"<p>Pusta kolorowanka<\/p>\n","protected":false},"featured_media":10775,"comment_status":"closed","ping_status":"open","template":"","meta":[],"product_brand":[],"product_cat":[18],"product_tag":[],"class_list":{"0":"post-10774","1":"product","2":"type-product","3":"status-publish","4":"has-post-thumbnail","6":"product_cat-iluzja-dla-dzieci","8":"first","9":"instock","10":"purchasable","11":"product-type-simple"},"_links":{"self":[{"href":"https:\/\/magiiik.netstory.com.pl\/index.php?rest_route=\/wp\/v2\/product\/10774","targetHints":{"allow":["GET"]}}],"collection":[{"href":"https:\/\/magiiik.netstory.com.pl\/index.php?rest_route=\/wp\/v2\/product"}],"about":[{"href":"https:\/\/magiiik.netstory.com.pl\/index.php?rest_route=\/wp\/v2\/types\/product"}],"replies":[{"embeddable":true,"href":"https:\/\/magiiik.netstory.com.pl\/index.php?rest_route=%2Fwp%2Fv2%2Fcomments&post=10774"}],"wp:featuredmedia":[{"embeddable":true,"href":"https:\/\/magiiik.netstory.com.pl\/index.php?rest_route=\/wp\/v2\/media\/10775"}],"wp:attachment":[{"href":"https:\/\/magiiik.netstory.com.pl\/index.php?rest_route=%2Fwp%2Fv2%2Fmedia&parent=10774"}],"wp:term":[{"taxonomy":"product_brand","embeddable":true,"href":"https:\/\/magiiik.netstory.com.pl\/index.php?rest_route=%2Fwp%2Fv2%2Fproduct_brand&post=10774"},{"taxonomy":"product_cat","embeddable":true,"href":"https:\/\/magiiik.netstory.com.pl\/index.php?rest_route=%2Fwp%2Fv2%2Fproduct_cat&post=10774"},{"taxonomy":"product_tag","embeddable":true,"href":"https:\/\/magiiik.netstory.com.pl\/index.php?rest_route=%2Fwp%2Fv2%2Fproduct_tag&post=10774"}],"curies":[{"name":"wp","href":"https:\/\/api.w.org\/{rel}","templated":true}]}}