{"id":10772,"date":"2025-09-19T13:43:32","date_gmt":"2025-09-19T11:43:32","guid":{"rendered":"https:\/\/magiiik.netstory.com.pl\/produkt\/fart-toon-card\/"},"modified":"2025-09-19T13:43:54","modified_gmt":"2025-09-19T11:43:54","slug":"fart-toon-card","status":"publish","type":"product","link":"https:\/\/magiiik.netstory.com.pl\/?product=fart-toon-card","title":{"rendered":"Fart-Toon Card"},"content":{"rendered":"<p>karta jest dowolnie nazywana przez twojego widza.<\/p>\n<p>Wy\u015bwietlasz tali\u0119 kart, pokazuj\u0105c\u0105 wszystkie karty w nowej kolejno\u015bci talii.<\/p>\n<p>Na ty\u0142ach kart pokazujesz magika z pa\u0142eczkami i wyja\u015bniasz, \u017ce ujawni wybran\u0105 kart\u0119.<\/p>\n<p>Posta\u0107 kija emituje gazow\u0105 chmur\u0119 ze swojego tylnego ko\u0144ca, a wybrana karta zostaje odkryta w\u015br\u00f3d toksycznych opar\u00f3w!<\/p>\n<p>Z umys\u0142\u00f3w Dana Harlana, tw\u00f3rcy oryginalnego Card-Toona i Dana Alexandra.<\/p>\n","protected":false},"excerpt":{"rendered":"<p>karta jest dowolnie nazywana przez twojego widza. Wy\u015bwietlasz tali\u0119 kart, pokazuj\u0105c\u0105 wszystkie karty w nowej kolejno\u015bci talii. Na ty\u0142ach kart pokazujesz magika z pa\u0142eczkami i wyja\u015bniasz, \u017ce ujawni wybran\u0105 kart\u0119&#8230;.<\/p>\n","protected":false},"featured_media":10773,"comment_status":"closed","ping_status":"open","template":"","meta":[],"product_brand":[],"product_cat":[51],"product_tag":[],"class_list":{"0":"post-10772","1":"product","2":"type-product","3":"status-publish","4":"has-post-thumbnail","6":"product_cat-mikro-iluzja-close-up-karty-trickowe","8":"first","9":"instock","10":"purchasable","11":"product-type-simple"},"_links":{"self":[{"href":"https:\/\/magiiik.netstory.com.pl\/index.php?rest_route=\/wp\/v2\/product\/10772","targetHints":{"allow":["GET"]}}],"collection":[{"href":"https:\/\/magiiik.netstory.com.pl\/index.php?rest_route=\/wp\/v2\/product"}],"about":[{"href":"https:\/\/magiiik.netstory.com.pl\/index.php?rest_route=\/wp\/v2\/types\/product"}],"replies":[{"embeddable":true,"href":"https:\/\/magiiik.netstory.com.pl\/index.php?rest_route=%2Fwp%2Fv2%2Fcomments&post=10772"}],"wp:featuredmedia":[{"embeddable":true,"href":"https:\/\/magiiik.netstory.com.pl\/index.php?rest_route=\/wp\/v2\/media\/10773"}],"wp:attachment":[{"href":"https:\/\/magiiik.netstory.com.pl\/index.php?rest_route=%2Fwp%2Fv2%2Fmedia&parent=10772"}],"wp:term":[{"taxonomy":"product_brand","embeddable":true,"href":"https:\/\/magiiik.netstory.com.pl\/index.php?rest_route=%2Fwp%2Fv2%2Fproduct_brand&post=10772"},{"taxonomy":"product_cat","embeddable":true,"href":"https:\/\/magiiik.netstory.com.pl\/index.php?rest_route=%2Fwp%2Fv2%2Fproduct_cat&post=10772"},{"taxonomy":"product_tag","embeddable":true,"href":"https:\/\/magiiik.netstory.com.pl\/index.php?rest_route=%2Fwp%2Fv2%2Fproduct_tag&post=10772"}],"curies":[{"name":"wp","href":"https:\/\/api.w.org\/{rel}","templated":true}]}}