{"id":10767,"date":"2025-09-19T13:43:32","date_gmt":"2025-09-19T11:43:32","guid":{"rendered":"https:\/\/magiiik.netstory.com.pl\/produkt\/the-packet-trick-wallet\/"},"modified":"2025-09-19T13:43:52","modified_gmt":"2025-09-19T11:43:52","slug":"the-packet-trick-wallet","status":"publish","type":"product","link":"https:\/\/magiiik.netstory.com.pl\/?product=the-packet-trick-wallet","title":{"rendered":"The Packet Trick Wallet"},"content":{"rendered":"<pre id=\"tw-target-text\" class=\"tw-data-text tw-ta tw-text-small\" dir=\"ltr\" data-placeholder=\"T\u0142umaczenie\"><span lang=\"pl\" style=\"font-family: arial, helvetica, sans-serif; font-size: 12pt;\">Portfel Jerry O'Connell Packet Trick to idealne rozwi\u0105zanie do noszenia i zabezpieczania sztuczek i monet w opakowaniach, <br \/>r\u0119cznie wykonane z najwy\u017cszej jako\u015bci sk\u00f3ry, ta stylowa torba w stylu portfela chroni karty przed uszkodzeniami i wilgoci\u0105 cia\u0142a, gdy ich nie u\u017cywasz .  <br \/><br \/><\/span><\/pre>\n","protected":false},"excerpt":{"rendered":"<p>Portfel Jerry O&#8217;Connell Packet Trick to idealne rozwi\u0105zanie do noszenia i zabezpieczania sztuczek i monet w opakowaniach, r\u0119cznie wykonane z najwy\u017cszej jako\u015bci sk\u00f3ry, ta stylowa torba w stylu portfela chroni&#8230;<\/p>\n","protected":false},"featured_media":10768,"comment_status":"closed","ping_status":"open","template":"","meta":[],"product_brand":[],"product_cat":[34],"product_tag":[],"class_list":{"0":"post-10767","1":"product","2":"type-product","3":"status-publish","4":"has-post-thumbnail","6":"product_cat-mikro-iluzja-close-up-inne","8":"first","9":"instock","10":"purchasable","11":"product-type-simple"},"_links":{"self":[{"href":"https:\/\/magiiik.netstory.com.pl\/index.php?rest_route=\/wp\/v2\/product\/10767","targetHints":{"allow":["GET"]}}],"collection":[{"href":"https:\/\/magiiik.netstory.com.pl\/index.php?rest_route=\/wp\/v2\/product"}],"about":[{"href":"https:\/\/magiiik.netstory.com.pl\/index.php?rest_route=\/wp\/v2\/types\/product"}],"replies":[{"embeddable":true,"href":"https:\/\/magiiik.netstory.com.pl\/index.php?rest_route=%2Fwp%2Fv2%2Fcomments&post=10767"}],"wp:featuredmedia":[{"embeddable":true,"href":"https:\/\/magiiik.netstory.com.pl\/index.php?rest_route=\/wp\/v2\/media\/10768"}],"wp:attachment":[{"href":"https:\/\/magiiik.netstory.com.pl\/index.php?rest_route=%2Fwp%2Fv2%2Fmedia&parent=10767"}],"wp:term":[{"taxonomy":"product_brand","embeddable":true,"href":"https:\/\/magiiik.netstory.com.pl\/index.php?rest_route=%2Fwp%2Fv2%2Fproduct_brand&post=10767"},{"taxonomy":"product_cat","embeddable":true,"href":"https:\/\/magiiik.netstory.com.pl\/index.php?rest_route=%2Fwp%2Fv2%2Fproduct_cat&post=10767"},{"taxonomy":"product_tag","embeddable":true,"href":"https:\/\/magiiik.netstory.com.pl\/index.php?rest_route=%2Fwp%2Fv2%2Fproduct_tag&post=10767"}],"curies":[{"name":"wp","href":"https:\/\/api.w.org\/{rel}","templated":true}]}}