{"id":10755,"date":"2025-09-19T13:43:32","date_gmt":"2025-09-19T11:43:32","guid":{"rendered":"https:\/\/magiiik.netstory.com.pl\/produkt\/ez-wallet-small\/"},"modified":"2025-09-19T13:43:46","modified_gmt":"2025-09-19T11:43:46","slug":"ez-wallet-small","status":"publish","type":"product","link":"https:\/\/magiiik.netstory.com.pl\/?product=ez-wallet-small","title":{"rendered":"EZ Wallet Small"},"content":{"rendered":"<p>\u0141atwy portfel na podstawow\u0105 kart\u0119, pier\u015bcionek, zegarek lub ma\u0142y przedmiot na portfel, kt\u00f3ry wyjmuje si\u0119 z przedzia\u0142u na zamek.<\/p>\n<p>To nie ma \u017cadnych innych funkcji tylko podstawy.<\/p>\n<p>Wn\u0119trze ma 6 kieszeni na karty kredytowe z du\u017c\u0105 kieszeni\u0105 pod spodem po drugiej stronie znajduj\u0105 si\u0119 3 kieszenie na pieni\u0105dze.<\/p>\n<p>Codzienny portfel, kt\u00f3ry jest zawsze gotowy na cud.<\/p>\n<p>Portfel EZ jest wykonany w dw\u00f3ch rozmiarach Du\u017ce 175 mm x 98 mm zamkni\u0119te. Ma\u0142e, zamkni\u0119te na 150 mm x 95 mm, tylko 5 kieszeni na karty kredytowe.<\/p>\n","protected":false},"excerpt":{"rendered":"<p>\u0141atwy portfel na podstawow\u0105 kart\u0119, pier\u015bcionek, zegarek lub ma\u0142y przedmiot na portfel, kt\u00f3ry wyjmuje si\u0119 z przedzia\u0142u na zamek. To nie ma \u017cadnych innych funkcji tylko podstawy. Wn\u0119trze ma 6&#8230;<\/p>\n","protected":false},"featured_media":10756,"comment_status":"closed","ping_status":"open","template":"","meta":[],"product_brand":[],"product_cat":[34],"product_tag":[],"class_list":{"0":"post-10755","1":"product","2":"type-product","3":"status-publish","4":"has-post-thumbnail","6":"product_cat-mikro-iluzja-close-up-inne","8":"first","9":"instock","10":"purchasable","11":"product-type-simple"},"_links":{"self":[{"href":"https:\/\/magiiik.netstory.com.pl\/index.php?rest_route=\/wp\/v2\/product\/10755","targetHints":{"allow":["GET"]}}],"collection":[{"href":"https:\/\/magiiik.netstory.com.pl\/index.php?rest_route=\/wp\/v2\/product"}],"about":[{"href":"https:\/\/magiiik.netstory.com.pl\/index.php?rest_route=\/wp\/v2\/types\/product"}],"replies":[{"embeddable":true,"href":"https:\/\/magiiik.netstory.com.pl\/index.php?rest_route=%2Fwp%2Fv2%2Fcomments&post=10755"}],"wp:featuredmedia":[{"embeddable":true,"href":"https:\/\/magiiik.netstory.com.pl\/index.php?rest_route=\/wp\/v2\/media\/10756"}],"wp:attachment":[{"href":"https:\/\/magiiik.netstory.com.pl\/index.php?rest_route=%2Fwp%2Fv2%2Fmedia&parent=10755"}],"wp:term":[{"taxonomy":"product_brand","embeddable":true,"href":"https:\/\/magiiik.netstory.com.pl\/index.php?rest_route=%2Fwp%2Fv2%2Fproduct_brand&post=10755"},{"taxonomy":"product_cat","embeddable":true,"href":"https:\/\/magiiik.netstory.com.pl\/index.php?rest_route=%2Fwp%2Fv2%2Fproduct_cat&post=10755"},{"taxonomy":"product_tag","embeddable":true,"href":"https:\/\/magiiik.netstory.com.pl\/index.php?rest_route=%2Fwp%2Fv2%2Fproduct_tag&post=10755"}],"curies":[{"name":"wp","href":"https:\/\/api.w.org\/{rel}","templated":true}]}}