{"id":10752,"date":"2025-09-19T13:43:32","date_gmt":"2025-09-19T11:43:32","guid":{"rendered":"https:\/\/magiiik.netstory.com.pl\/produkt\/multiplying-balls-by-vernet\/"},"modified":"2025-09-19T13:43:45","modified_gmt":"2025-09-19T11:43:45","slug":"multiplying-balls-by-vernet","status":"publish","type":"product","link":"https:\/\/magiiik.netstory.com.pl\/?product=multiplying-balls-by-vernet","title":{"rendered":"Multiplying Balls by Vernet"},"content":{"rendered":"<pre id=\"tw-target-text\" class=\"tw-data-text tw-ta tw-text-small\" dir=\"ltr\" data-placeholder=\"T\u0142umaczenie\"><span lang=\"pl\" style=\"font-family: arial, helvetica, sans-serif;\">Efekt pomno\u017cenia czterech kul z powietrza jest klasykiem w Magic, ale jest tak\u017ce klasykiem Vernet Magic. <br \/>Jego produkcja sprawia, \u017ce s\u0105 bardzo \u0142atwe do zobaczenia ze sceny i zapewniaj\u0105 pewny chwyt. <br \/>Z ka\u017cdym z nich mo\u017cesz wykona\u0107 dowoln\u0105 klasyczn\u0105 procedur\u0119 z trzema kulkami i jedn\u0105 pow\u0142ok\u0105. <br \/><\/span><\/pre>\n","protected":false},"excerpt":{"rendered":"<p>Efekt pomno\u017cenia czterech kul z powietrza jest klasykiem w Magic, ale jest tak\u017ce klasykiem Vernet Magic. Jego produkcja sprawia, \u017ce s\u0105 bardzo \u0142atwe do zobaczenia ze sceny i zapewniaj\u0105 pewny&#8230;<\/p>\n","protected":false},"featured_media":10753,"comment_status":"closed","ping_status":"open","template":"","meta":[],"product_brand":[],"product_cat":[71],"product_tag":[],"class_list":{"0":"post-10752","1":"product","2":"type-product","3":"status-publish","4":"has-post-thumbnail","6":"product_cat-iluzja-sceniczna-manipulacje","8":"first","9":"instock","10":"purchasable","11":"product-type-simple"},"_links":{"self":[{"href":"https:\/\/magiiik.netstory.com.pl\/index.php?rest_route=\/wp\/v2\/product\/10752","targetHints":{"allow":["GET"]}}],"collection":[{"href":"https:\/\/magiiik.netstory.com.pl\/index.php?rest_route=\/wp\/v2\/product"}],"about":[{"href":"https:\/\/magiiik.netstory.com.pl\/index.php?rest_route=\/wp\/v2\/types\/product"}],"replies":[{"embeddable":true,"href":"https:\/\/magiiik.netstory.com.pl\/index.php?rest_route=%2Fwp%2Fv2%2Fcomments&post=10752"}],"wp:featuredmedia":[{"embeddable":true,"href":"https:\/\/magiiik.netstory.com.pl\/index.php?rest_route=\/wp\/v2\/media\/10753"}],"wp:attachment":[{"href":"https:\/\/magiiik.netstory.com.pl\/index.php?rest_route=%2Fwp%2Fv2%2Fmedia&parent=10752"}],"wp:term":[{"taxonomy":"product_brand","embeddable":true,"href":"https:\/\/magiiik.netstory.com.pl\/index.php?rest_route=%2Fwp%2Fv2%2Fproduct_brand&post=10752"},{"taxonomy":"product_cat","embeddable":true,"href":"https:\/\/magiiik.netstory.com.pl\/index.php?rest_route=%2Fwp%2Fv2%2Fproduct_cat&post=10752"},{"taxonomy":"product_tag","embeddable":true,"href":"https:\/\/magiiik.netstory.com.pl\/index.php?rest_route=%2Fwp%2Fv2%2Fproduct_tag&post=10752"}],"curies":[{"name":"wp","href":"https:\/\/api.w.org\/{rel}","templated":true}]}}