{"id":10748,"date":"2025-09-19T13:43:32","date_gmt":"2025-09-19T11:43:32","guid":{"rendered":"https:\/\/magiiik.netstory.com.pl\/produkt\/multiplying-golf-balls-by-mr-magic\/"},"modified":"2025-09-19T13:43:44","modified_gmt":"2025-09-19T11:43:44","slug":"multiplying-golf-balls-by-mr-magic","status":"publish","type":"product","link":"https:\/\/magiiik.netstory.com.pl\/?product=multiplying-golf-balls-by-mr-magic","title":{"rendered":"Multiplying Golf Balls by Mr Magic"},"content":{"rendered":"<p>\u00a0<\/p>\n<pre id=\"tw-target-text\" class=\"tw-data-text tw-ta tw-text-small\" dir=\"ltr\" data-placeholder=\"T\u0142umaczenie\"><span lang=\"pl\" style=\"font-family: arial, helvetica, sans-serif;\"><span style=\"font-size: 12pt;\">Oto wielki zwrot w klasycznej rutynie \u201ePomno\u017cenie pi\u0142ki\u201d.<\/span><br \/><span style=\"font-size: 12pt;\">Ten klasyk mo\u017cna teraz zrobi\u0107 z pi\u0142kami golfowymi! Zaprojektowane szorstkie powierzchnie kulek sprawiaj\u0105, \u017ce kule te s\u0105 bardzo \u0142atwe w obs\u0142udze. <\/span><br \/><span style=\"font-size: 12pt;\">Pojawiaj\u0105 si\u0119 jako miniaturowy zestaw pi\u0142ek golfowych.<\/span> <\/span><\/pre>\n","protected":false},"excerpt":{"rendered":"<pre id=\"tw-target-text\" class=\"tw-data-text tw-ta tw-text-small\" dir=\"ltr\" data-placeholder=\"T\u0142umaczenie\"><span lang=\"pl\" style=\"font-family: arial, helvetica, sans-serif;\"><span style=\"font-size: 12pt;\"> Zaprojektowane szorstkie powierzchnie kulek sprawiaj\u0105, \u017ce kule te s\u0105 bardzo \u0142atwe w obs\u0142udze. <\/span><\/span><\/pre>\n","protected":false},"featured_media":10749,"comment_status":"closed","ping_status":"open","template":"","meta":[],"product_brand":[],"product_cat":[71],"product_tag":[],"class_list":{"0":"post-10748","1":"product","2":"type-product","3":"status-publish","4":"has-post-thumbnail","6":"product_cat-iluzja-sceniczna-manipulacje","8":"first","9":"instock","10":"purchasable","11":"product-type-simple"},"_links":{"self":[{"href":"https:\/\/magiiik.netstory.com.pl\/index.php?rest_route=\/wp\/v2\/product\/10748","targetHints":{"allow":["GET"]}}],"collection":[{"href":"https:\/\/magiiik.netstory.com.pl\/index.php?rest_route=\/wp\/v2\/product"}],"about":[{"href":"https:\/\/magiiik.netstory.com.pl\/index.php?rest_route=\/wp\/v2\/types\/product"}],"replies":[{"embeddable":true,"href":"https:\/\/magiiik.netstory.com.pl\/index.php?rest_route=%2Fwp%2Fv2%2Fcomments&post=10748"}],"wp:featuredmedia":[{"embeddable":true,"href":"https:\/\/magiiik.netstory.com.pl\/index.php?rest_route=\/wp\/v2\/media\/10749"}],"wp:attachment":[{"href":"https:\/\/magiiik.netstory.com.pl\/index.php?rest_route=%2Fwp%2Fv2%2Fmedia&parent=10748"}],"wp:term":[{"taxonomy":"product_brand","embeddable":true,"href":"https:\/\/magiiik.netstory.com.pl\/index.php?rest_route=%2Fwp%2Fv2%2Fproduct_brand&post=10748"},{"taxonomy":"product_cat","embeddable":true,"href":"https:\/\/magiiik.netstory.com.pl\/index.php?rest_route=%2Fwp%2Fv2%2Fproduct_cat&post=10748"},{"taxonomy":"product_tag","embeddable":true,"href":"https:\/\/magiiik.netstory.com.pl\/index.php?rest_route=%2Fwp%2Fv2%2Fproduct_tag&post=10748"}],"curies":[{"name":"wp","href":"https:\/\/api.w.org\/{rel}","templated":true}]}}