{"id":10743,"date":"2025-09-19T13:43:32","date_gmt":"2025-09-19T11:43:32","guid":{"rendered":"https:\/\/magiiik.netstory.com.pl\/produkt\/denko-idealne-do-znikajacej-butelki-tombaro\/"},"modified":"2025-09-19T13:43:43","modified_gmt":"2025-09-19T11:43:43","slug":"denko-idealne-do-znikajacej-butelki-tombaro","status":"publish","type":"product","link":"https:\/\/magiiik.netstory.com.pl\/?product=denko-idealne-do-znikajacej-butelki-tombaro","title":{"rendered":"Denko idealne do znikaj\u0105cej butelki TomBaro"},"content":{"rendered":"<div style=\"text-align: center;\"><strong>Denko idealne do Znikaj\u0105cej Butelki<\/p>\n<p><\/strong><\/div>\n<div style=\"text-align: center;\">\u00a0<\/div>\n<div style=\"text-align: center;\" align=\"JUSTIFY\">D\u0142ugo oczekiwane przez Was Szklane Denko idealnie nadaj\u0105ce si\u0119 do rutyny ze znikaj\u0105c\u0105 Butelk\u0105. Denko daje idealny d\u017awi\u0119k butelki, jest wyg\u0142adzone po ci\u0119ciu wi\u0119c jest bezpieczne w u\u017cyciu.<\/div>\n<div style=\"text-align: center;\" align=\"JUSTIFY\">Serdecznie zapraszamy !!!!<\/div>\n","protected":false},"excerpt":{"rendered":"<p>Denko do znikaj\u0105cej butelki<\/p>\n","protected":false},"featured_media":10744,"comment_status":"closed","ping_status":"open","template":"","meta":[],"product_brand":[],"product_cat":[60],"product_tag":[],"class_list":{"0":"post-10743","1":"product","2":"type-product","3":"status-publish","4":"has-post-thumbnail","6":"product_cat-akcesoria-zele-pudry-snowstorm-refile-i-inne","8":"first","9":"instock","10":"purchasable","11":"product-type-simple"},"_links":{"self":[{"href":"https:\/\/magiiik.netstory.com.pl\/index.php?rest_route=\/wp\/v2\/product\/10743","targetHints":{"allow":["GET"]}}],"collection":[{"href":"https:\/\/magiiik.netstory.com.pl\/index.php?rest_route=\/wp\/v2\/product"}],"about":[{"href":"https:\/\/magiiik.netstory.com.pl\/index.php?rest_route=\/wp\/v2\/types\/product"}],"replies":[{"embeddable":true,"href":"https:\/\/magiiik.netstory.com.pl\/index.php?rest_route=%2Fwp%2Fv2%2Fcomments&post=10743"}],"wp:featuredmedia":[{"embeddable":true,"href":"https:\/\/magiiik.netstory.com.pl\/index.php?rest_route=\/wp\/v2\/media\/10744"}],"wp:attachment":[{"href":"https:\/\/magiiik.netstory.com.pl\/index.php?rest_route=%2Fwp%2Fv2%2Fmedia&parent=10743"}],"wp:term":[{"taxonomy":"product_brand","embeddable":true,"href":"https:\/\/magiiik.netstory.com.pl\/index.php?rest_route=%2Fwp%2Fv2%2Fproduct_brand&post=10743"},{"taxonomy":"product_cat","embeddable":true,"href":"https:\/\/magiiik.netstory.com.pl\/index.php?rest_route=%2Fwp%2Fv2%2Fproduct_cat&post=10743"},{"taxonomy":"product_tag","embeddable":true,"href":"https:\/\/magiiik.netstory.com.pl\/index.php?rest_route=%2Fwp%2Fv2%2Fproduct_tag&post=10743"}],"curies":[{"name":"wp","href":"https:\/\/api.w.org\/{rel}","templated":true}]}}