{"id":10728,"date":"2025-09-19T13:43:32","date_gmt":"2025-09-19T11:43:32","guid":{"rendered":"https:\/\/magiiik.netstory.com.pl\/produkt\/mental-predition-board-no-force-tombaro\/"},"modified":"2025-09-19T13:43:37","modified_gmt":"2025-09-19T11:43:37","slug":"mental-predition-board-no-force-tombaro","status":"publish","type":"product","link":"https:\/\/magiiik.netstory.com.pl\/?product=mental-predition-board-no-force-tombaro","title":{"rendered":"Mental Predition Board NO FORCE TomBaro"},"content":{"rendered":"<p><strong><a href=\"https:\/\/magiiik.netstory.com.pl\/6\">Mental Prediction Board<\/a>\u00a0by TomBaro jest to jedna z najlepszych dost\u0119pnych na rynku tablic do mentalizmu. Tablica tworzona by\u0142a g\u0142\u00f3wnie z my\u015bl\u0105 o profesjonalistach. Na rynku jak wiemy jest wiele tablic jednak wi\u0119kszo\u015b\u0107 to tablice na kredowe, kt\u00f3re niestety nie s\u0105 praktyczne gdy\u017c brudz\u0105 ubrania podczas ich u\u017cytkowania, whiteboardowe natomiast s\u0105 grube oraz wygl\u0105daj\u0105 bardzo podejrzanie dla widza. Tablica TomBaro dla widza nie wygl\u0105da jak rekwizyt iluzjonistyczny, w jego oczach to zwyk\u0142a tablica do pisania kt\u00f3ra nie wzbudza \u017cadnych podejrze\u0144. Najwi\u0119kszym wyzwaniem by\u0142o stworzenie systemu wymiany whiteboard\u00f3w gdy\u017c jak wiadomo podczas pracy zu\u017cywaj\u0105 si\u0119 a co za tym idzie wymagaj\u0105 wymiany dlatego TomBaro stan\u0105\u0142 na wysoko\u015bci zadania ko\u0144cz\u0105c wielkim sukcesem &#8211; system whiteboard\u00f3w jest wymienny, tani oraz dost\u0119pny dla ka\u017cdego . Jest to produkt godny uwagi ciesz\u0105cy si\u0119 bardzo dobr\u0105 opini\u0105 profesjonalist\u00f3w. Serdecznie Zapraszamy do Zakup\u00f3w<\/strong><\/p>\n<p>\u00a0<\/p>\n<p><strong>W zestawie otrzymamy :<br \/><\/strong><\/p>\n<p>&#8211; Tablic\u0119 o wymiarach 45cm x 30cm<\/p>\n<p>&#8211; Sk\u00f3rzany pokrowiec<\/p>\n<p>&#8211; Marker sucho\u015bcieralny<\/p>\n<p>&#8211; Whiteboardy oraz reffile<\/p>\n<p>&#8211; G\u0105bke<\/p>\n<p>&#8211; 4xKlipy<\/p>\n<p>&#8211; 3x Przes\u0142onki plastikowe\u00a0<\/p>\n<p>&#8211; Instrukcj\u0119 w j\u0119zyku polskim<\/p>\n","protected":false},"excerpt":{"rendered":"<p>Tablica w wersji bez forsowania<\/p>\n","protected":false},"featured_media":10729,"comment_status":"closed","ping_status":"open","template":"","meta":[],"product_brand":[],"product_cat":[24],"product_tag":[],"class_list":{"0":"post-10728","1":"product","2":"type-product","3":"status-publish","4":"has-post-thumbnail","6":"product_cat-mentalizm","8":"first","9":"instock","10":"purchasable","11":"product-type-simple"},"_links":{"self":[{"href":"https:\/\/magiiik.netstory.com.pl\/index.php?rest_route=\/wp\/v2\/product\/10728","targetHints":{"allow":["GET"]}}],"collection":[{"href":"https:\/\/magiiik.netstory.com.pl\/index.php?rest_route=\/wp\/v2\/product"}],"about":[{"href":"https:\/\/magiiik.netstory.com.pl\/index.php?rest_route=\/wp\/v2\/types\/product"}],"replies":[{"embeddable":true,"href":"https:\/\/magiiik.netstory.com.pl\/index.php?rest_route=%2Fwp%2Fv2%2Fcomments&post=10728"}],"wp:featuredmedia":[{"embeddable":true,"href":"https:\/\/magiiik.netstory.com.pl\/index.php?rest_route=\/wp\/v2\/media\/10729"}],"wp:attachment":[{"href":"https:\/\/magiiik.netstory.com.pl\/index.php?rest_route=%2Fwp%2Fv2%2Fmedia&parent=10728"}],"wp:term":[{"taxonomy":"product_brand","embeddable":true,"href":"https:\/\/magiiik.netstory.com.pl\/index.php?rest_route=%2Fwp%2Fv2%2Fproduct_brand&post=10728"},{"taxonomy":"product_cat","embeddable":true,"href":"https:\/\/magiiik.netstory.com.pl\/index.php?rest_route=%2Fwp%2Fv2%2Fproduct_cat&post=10728"},{"taxonomy":"product_tag","embeddable":true,"href":"https:\/\/magiiik.netstory.com.pl\/index.php?rest_route=%2Fwp%2Fv2%2Fproduct_tag&post=10728"}],"curies":[{"name":"wp","href":"https:\/\/api.w.org\/{rel}","templated":true}]}}