{"id":10721,"date":"2025-09-19T13:43:32","date_gmt":"2025-09-19T11:43:32","guid":{"rendered":"https:\/\/magiiik.netstory.com.pl\/produkt\/silk-to-real-brown-egg-by-tombaro\/"},"modified":"2025-09-19T13:43:35","modified_gmt":"2025-09-19T11:43:35","slug":"silk-to-real-brown-egg-by-tombaro","status":"publish","type":"product","link":"https:\/\/magiiik.netstory.com.pl\/?product=silk-to-real-brown-egg-by-tombaro","title":{"rendered":"Silk to REAL Brown Egg by TomBaro"},"content":{"rendered":"<h1 class=\"western\">Silk to REAL Brown Egg by TomBaro<\/h1>\n<p><a name=\"nazwa_produktu1\"><\/a>Przedstawiamy Wam produkt nazywany Exclussive. Silk to REAL Brown Egg by TomBaro to produkt szczeg\u00f3lnie polecany profesjonalistom lub wszystkim ch\u0119tnym, kt\u00f3rzy chc\u0105 wykonywa\u0107 trik Silk to Egg na najwy\u017cszym poziomie. Jako jedyni na \u015bwiecie otrzymali\u015bmy zgod\u0119 oraz patent od jedynego na \u015bwiecie producenta prawdziwych jajek do triku Silk to Egg Dave Bonsalla. Proces produkcji jest wbrew pozorom bardzo trudny oraz pracoch\u0142onny. Ca\u0142kowity czas produkcji jednego jajka trwa oko\u0142o kilku godzin i cz\u0119sto si\u0119 zdarza, \u017ce jajko a w\u0142a\u015bciwie skorupka jajka p\u0119ka podczas tego procesu ale jajko kt\u00f3re przetrwa jest produktem bardzo mocnym i trwa\u0142ym, kt\u00f3re b\u0119dzie s\u0142u\u017cy\u0107 na d\u0142ugie lata. Upadek z du\u017cej wysoko\u015bci nie jest w stanie uszkodzi\u0107 skorupki gdy\u017c produkt jest utwardzany specjalna metod\u0105. Pow\u00f3d dla kt\u00f3rego powsta\u0142 ten produkt jest oczywisty najwi\u0119ksze nazwiska tego \u015bwiata prezentuj\u0105 trik Silk to Egg gdy\u017c jest to nie\u015bmiertelny klasyk w dziedzinie iluzji, kt\u00f3ry \u0142\u0105czy wiele wa\u017cnych element\u00f3w w sobie, a dla widza jest to tak zwany &#8221;Killer&#8221;. Ka\u017cdy kto widzia\u0142 ten trik lub prezentowa\u0142 powinien wiedzie\u0107 o czym jest mowa. Jajka plastikowe, gumowe lub drewniane kt\u00f3re s\u0105 dost\u0119pne w sklepach iluzjonistycznych nie wygl\u0105daj\u0105 realistycznie dlatego widz mo\u017ce szybko zorientowa\u0107 si\u0119 podczas prezentowania triku co iluzjonista zrobi\u0142 i w jakim momencie. Natomiast z naszym jajkiem jest to niemo\u017cliwe gdy\u017c jest ono prawdziwym jajkiem(skorupk\u0105) dzi\u0119ki temu mo\u017cemy skupi\u0107 si\u0119 bardziej na prezentacji a nie na rekwizycie(nie musimy go ukrywa\u0107 przed widzem co daje du\u017cy komfort oraz \u0142atwo\u015b\u0107 w u\u017cyciu). Zestaw zawiera jajko wydmuszk\u0119 oraz bardzo \u0142adne pude\u0142ko do ochrony i przechowywania specjalnej bardzo mocnej i trwa\u0142ej wydmuszki z prawdziwego jajka(chusty nie s\u0105 w zestawie). Produkt nie zawiera instrukcji.<\/p>\n","protected":false},"excerpt":{"rendered":"<p>Zamiana chusteczki w jajko<\/p>\n","protected":false},"featured_media":10722,"comment_status":"closed","ping_status":"open","template":"","meta":[],"product_brand":[],"product_cat":[72],"product_tag":[],"class_list":{"0":"post-10721","1":"product","2":"type-product","3":"status-publish","4":"has-post-thumbnail","6":"product_cat-akcesoria-jajka-i-egg-bags","8":"first","9":"instock","10":"purchasable","11":"product-type-simple"},"_links":{"self":[{"href":"https:\/\/magiiik.netstory.com.pl\/index.php?rest_route=\/wp\/v2\/product\/10721","targetHints":{"allow":["GET"]}}],"collection":[{"href":"https:\/\/magiiik.netstory.com.pl\/index.php?rest_route=\/wp\/v2\/product"}],"about":[{"href":"https:\/\/magiiik.netstory.com.pl\/index.php?rest_route=\/wp\/v2\/types\/product"}],"replies":[{"embeddable":true,"href":"https:\/\/magiiik.netstory.com.pl\/index.php?rest_route=%2Fwp%2Fv2%2Fcomments&post=10721"}],"wp:featuredmedia":[{"embeddable":true,"href":"https:\/\/magiiik.netstory.com.pl\/index.php?rest_route=\/wp\/v2\/media\/10722"}],"wp:attachment":[{"href":"https:\/\/magiiik.netstory.com.pl\/index.php?rest_route=%2Fwp%2Fv2%2Fmedia&parent=10721"}],"wp:term":[{"taxonomy":"product_brand","embeddable":true,"href":"https:\/\/magiiik.netstory.com.pl\/index.php?rest_route=%2Fwp%2Fv2%2Fproduct_brand&post=10721"},{"taxonomy":"product_cat","embeddable":true,"href":"https:\/\/magiiik.netstory.com.pl\/index.php?rest_route=%2Fwp%2Fv2%2Fproduct_cat&post=10721"},{"taxonomy":"product_tag","embeddable":true,"href":"https:\/\/magiiik.netstory.com.pl\/index.php?rest_route=%2Fwp%2Fv2%2Fproduct_tag&post=10721"}],"curies":[{"name":"wp","href":"https:\/\/api.w.org\/{rel}","templated":true}]}}