{"id":10710,"date":"2025-09-19T13:42:57","date_gmt":"2025-09-19T11:42:57","guid":{"rendered":"https:\/\/magiiik.netstory.com.pl\/produkt\/bicycle-arch-angels\/"},"modified":"2025-09-19T13:43:26","modified_gmt":"2025-09-19T11:43:26","slug":"bicycle-arch-angels","status":"publish","type":"product","link":"https:\/\/magiiik.netstory.com.pl\/?product=bicycle-arch-angels","title":{"rendered":"Bicycle Arch Angels"},"content":{"rendered":"<pre id=\"tw-target-text\" class=\"tw-data-text tw-ta tw-text-small\" dir=\"ltr\" data-placeholder=\"T\u0142umaczenie\" data-fulltext=\"\"><span lang=\"pl\" style=\"font-family: arial, helvetica, sans-serif;\" tabindex=\"0\">Natchnieni mitologi\u0105 i ilustrowani r\u0119cznie Arch Angels reprezentuj\u0105 nowy poziom elegancji w projektowaniu kart do gry.    Projekt zosta\u0142 wyprodukowany przez Theory11 i zilustrowany przez Tom Lane w Wielkiej Brytanii. <br \/>Sam projekt wymaga\u0142 p\u00f3\u0142rocznej ilustracji z\u0142o\u017conej z pi\u00f3ra i atramentu. <br \/>Wynik: zapieraj\u0105cy dech w piersiach.    Tylny wz\u00f3r to klejnot koronny talii Archanio\u0142a. Im bli\u017cej patrzysz, tym wi\u0119cej szczeg\u00f3\u0142\u00f3w znajdziesz.<br \/> Archanio\u0142owie przedstawiaj\u0105 zestawienie dobra i z\u0142a, ciemno\u015bci i \u015bwiat\u0142a, nocy i dnia, anio\u0142\u00f3w i demon\u00f3w.<\/span><\/pre>\n","protected":false},"excerpt":{"rendered":"<p><strong>Bicycle Arch Angels<\/strong><\/p>\n","protected":false},"featured_media":10711,"comment_status":"closed","ping_status":"open","template":"","meta":[],"product_brand":[],"product_cat":[46],"product_tag":[],"class_list":{"0":"post-10710","1":"product","2":"type-product","3":"status-publish","4":"has-post-thumbnail","6":"product_cat-mikro-iluzja-close-up-karty-kolekcjonerskie","8":"first","9":"instock","10":"purchasable","11":"product-type-simple"},"_links":{"self":[{"href":"https:\/\/magiiik.netstory.com.pl\/index.php?rest_route=\/wp\/v2\/product\/10710","targetHints":{"allow":["GET"]}}],"collection":[{"href":"https:\/\/magiiik.netstory.com.pl\/index.php?rest_route=\/wp\/v2\/product"}],"about":[{"href":"https:\/\/magiiik.netstory.com.pl\/index.php?rest_route=\/wp\/v2\/types\/product"}],"replies":[{"embeddable":true,"href":"https:\/\/magiiik.netstory.com.pl\/index.php?rest_route=%2Fwp%2Fv2%2Fcomments&post=10710"}],"wp:featuredmedia":[{"embeddable":true,"href":"https:\/\/magiiik.netstory.com.pl\/index.php?rest_route=\/wp\/v2\/media\/10711"}],"wp:attachment":[{"href":"https:\/\/magiiik.netstory.com.pl\/index.php?rest_route=%2Fwp%2Fv2%2Fmedia&parent=10710"}],"wp:term":[{"taxonomy":"product_brand","embeddable":true,"href":"https:\/\/magiiik.netstory.com.pl\/index.php?rest_route=%2Fwp%2Fv2%2Fproduct_brand&post=10710"},{"taxonomy":"product_cat","embeddable":true,"href":"https:\/\/magiiik.netstory.com.pl\/index.php?rest_route=%2Fwp%2Fv2%2Fproduct_cat&post=10710"},{"taxonomy":"product_tag","embeddable":true,"href":"https:\/\/magiiik.netstory.com.pl\/index.php?rest_route=%2Fwp%2Fv2%2Fproduct_tag&post=10710"}],"curies":[{"name":"wp","href":"https:\/\/api.w.org\/{rel}","templated":true}]}}