{"id":10708,"date":"2025-09-19T13:42:57","date_gmt":"2025-09-19T11:42:57","guid":{"rendered":"https:\/\/magiiik.netstory.com.pl\/produkt\/bicycle-steam-punk-silver\/"},"modified":"2025-09-19T13:43:25","modified_gmt":"2025-09-19T11:43:25","slug":"bicycle-steam-punk-silver","status":"publish","type":"product","link":"https:\/\/magiiik.netstory.com.pl\/?product=bicycle-steam-punk-silver","title":{"rendered":"Bicycle Steam Punk Silver"},"content":{"rendered":"<pre class=\"tw-data-text tw-ta tw-text-small\" dir=\"ltr\" data-placeholder=\"T\u0142umaczenie\" data-fulltext=\"\"><span lang=\"pl\" style=\"font-family: arial, helvetica, sans-serif;\" tabindex=\"0\">Prawdziwi mi\u0142o\u015bnicy Steampunk\u00f3w wiedz\u0105, \u017ce mieszanie metali jest w porz\u0105dku, dlatego do naszej kolekcji dodali\u015bmy Silver Steampunk deck.<br \/><strong><\/strong><\/span><\/pre>\n<pre id=\"tw-target-text\" class=\"tw-data-text tw-ta tw-text-small\" dir=\"ltr\" data-placeholder=\"T\u0142umaczenie\" data-fulltext=\"\"><span lang=\"pl\" style=\"font-family: arial, helvetica, sans-serif;\" tabindex=\"0\">Silver Steampunk zawiera oryginalne dzie\u0142a na Ace of Spades, Joker, back design i tuck. Sama ta\u015bma jest wyt\u0142aczana w polerowane, metalowe kontury. <br \/><br \/>Wyprodukowano w USA<\/span><\/pre>\n<pre id=\"tw-target-text\" class=\"tw-data-text tw-ta tw-text-small\" dir=\"ltr\" data-placeholder=\"T\u0142umaczenie\" data-fulltext=\"\"><span lang=\"pl\" style=\"font-family: arial, helvetica, sans-serif;\" tabindex=\"0\">\u00a0<\/span><\/pre>\n","protected":false},"excerpt":{"rendered":"<p><strong>Bicycle Steam Punk Silver<\/strong><\/p>\n","protected":false},"featured_media":10709,"comment_status":"closed","ping_status":"open","template":"","meta":[],"product_brand":[],"product_cat":[46],"product_tag":[],"class_list":{"0":"post-10708","1":"product","2":"type-product","3":"status-publish","4":"has-post-thumbnail","6":"product_cat-mikro-iluzja-close-up-karty-kolekcjonerskie","8":"first","9":"instock","10":"purchasable","11":"product-type-simple"},"_links":{"self":[{"href":"https:\/\/magiiik.netstory.com.pl\/index.php?rest_route=\/wp\/v2\/product\/10708","targetHints":{"allow":["GET"]}}],"collection":[{"href":"https:\/\/magiiik.netstory.com.pl\/index.php?rest_route=\/wp\/v2\/product"}],"about":[{"href":"https:\/\/magiiik.netstory.com.pl\/index.php?rest_route=\/wp\/v2\/types\/product"}],"replies":[{"embeddable":true,"href":"https:\/\/magiiik.netstory.com.pl\/index.php?rest_route=%2Fwp%2Fv2%2Fcomments&post=10708"}],"wp:featuredmedia":[{"embeddable":true,"href":"https:\/\/magiiik.netstory.com.pl\/index.php?rest_route=\/wp\/v2\/media\/10709"}],"wp:attachment":[{"href":"https:\/\/magiiik.netstory.com.pl\/index.php?rest_route=%2Fwp%2Fv2%2Fmedia&parent=10708"}],"wp:term":[{"taxonomy":"product_brand","embeddable":true,"href":"https:\/\/magiiik.netstory.com.pl\/index.php?rest_route=%2Fwp%2Fv2%2Fproduct_brand&post=10708"},{"taxonomy":"product_cat","embeddable":true,"href":"https:\/\/magiiik.netstory.com.pl\/index.php?rest_route=%2Fwp%2Fv2%2Fproduct_cat&post=10708"},{"taxonomy":"product_tag","embeddable":true,"href":"https:\/\/magiiik.netstory.com.pl\/index.php?rest_route=%2Fwp%2Fv2%2Fproduct_tag&post=10708"}],"curies":[{"name":"wp","href":"https:\/\/api.w.org\/{rel}","templated":true}]}}