{"id":10694,"date":"2025-09-19T13:42:57","date_gmt":"2025-09-19T11:42:57","guid":{"rendered":"https:\/\/magiiik.netstory.com.pl\/produkt\/bicycle-bourbon\/"},"modified":"2025-09-19T13:43:15","modified_gmt":"2025-09-19T11:43:15","slug":"bicycle-bourbon","status":"publish","type":"product","link":"https:\/\/magiiik.netstory.com.pl\/?product=bicycle-bourbon","title":{"rendered":"Bicycle Bourbon"},"content":{"rendered":"<pre id=\"tw-target-text\" class=\"tw-data-text tw-ta tw-text-small\" dir=\"ltr\" data-placeholder=\"T\u0142umaczenie\" data-fulltext=\"\"><span lang=\"pl\" style=\"font-family: arial, helvetica, sans-serif; font-size: 12pt;\" tabindex=\"0\">Oto stare przys\u0142owie z Kentucky, kt\u00f3re m\u00f3wi: \u201eTrzymaj przyjaci\u00f3\u0142 blisko, a Bourbon bli\u017cej\u201d. Jest to co\u015b, w co wierzymy, \u017ce mo\u017cna osi\u0105gn\u0105\u0107 dzi\u0119ki kartom Bicycle Bourbon\u00ae. <br \/>  Talia inspirowana stylem vintage wyra\u017anie oddaj\u0105 smak dobrego \u017cycia.  Wydrukowano na kartonie marki Premium Bicycle\u00ae  Klasyczne wyko\u0144czenie Air-Cushion Finish\u00ae dla \u0142atwego tasowania i optymalnej wydajno\u015bci    Wykonane w USA<\/span><\/pre>\n","protected":false},"excerpt":{"rendered":"<p><strong>Bicycle Bourbon<\/strong><\/p>\n","protected":false},"featured_media":10695,"comment_status":"closed","ping_status":"open","template":"","meta":[],"product_brand":[],"product_cat":[46],"product_tag":[],"class_list":{"0":"post-10694","1":"product","2":"type-product","3":"status-publish","4":"has-post-thumbnail","6":"product_cat-mikro-iluzja-close-up-karty-kolekcjonerskie","8":"first","9":"instock","10":"purchasable","11":"product-type-simple"},"_links":{"self":[{"href":"https:\/\/magiiik.netstory.com.pl\/index.php?rest_route=\/wp\/v2\/product\/10694","targetHints":{"allow":["GET"]}}],"collection":[{"href":"https:\/\/magiiik.netstory.com.pl\/index.php?rest_route=\/wp\/v2\/product"}],"about":[{"href":"https:\/\/magiiik.netstory.com.pl\/index.php?rest_route=\/wp\/v2\/types\/product"}],"replies":[{"embeddable":true,"href":"https:\/\/magiiik.netstory.com.pl\/index.php?rest_route=%2Fwp%2Fv2%2Fcomments&post=10694"}],"wp:featuredmedia":[{"embeddable":true,"href":"https:\/\/magiiik.netstory.com.pl\/index.php?rest_route=\/wp\/v2\/media\/10695"}],"wp:attachment":[{"href":"https:\/\/magiiik.netstory.com.pl\/index.php?rest_route=%2Fwp%2Fv2%2Fmedia&parent=10694"}],"wp:term":[{"taxonomy":"product_brand","embeddable":true,"href":"https:\/\/magiiik.netstory.com.pl\/index.php?rest_route=%2Fwp%2Fv2%2Fproduct_brand&post=10694"},{"taxonomy":"product_cat","embeddable":true,"href":"https:\/\/magiiik.netstory.com.pl\/index.php?rest_route=%2Fwp%2Fv2%2Fproduct_cat&post=10694"},{"taxonomy":"product_tag","embeddable":true,"href":"https:\/\/magiiik.netstory.com.pl\/index.php?rest_route=%2Fwp%2Fv2%2Fproduct_tag&post=10694"}],"curies":[{"name":"wp","href":"https:\/\/api.w.org\/{rel}","templated":true}]}}