{"id":10678,"date":"2025-09-19T13:42:57","date_gmt":"2025-09-19T11:42:57","guid":{"rendered":"https:\/\/magiiik.netstory.com.pl\/produkt\/three-way-force-bag-by-tombaro\/"},"modified":"2025-09-19T13:43:04","modified_gmt":"2025-09-19T11:43:04","slug":"three-way-force-bag-by-tombaro","status":"publish","type":"product","link":"https:\/\/magiiik.netstory.com.pl\/?product=three-way-force-bag-by-tombaro","title":{"rendered":"Three Way Force Bag by TomBaro"},"content":{"rendered":"<h1 id=\"nazwa_produktu\">Three Way Force Bag by TomBaro<\/h1>\n<h1 style=\"text-align: center;\"><span style=\"font-family: arial, helvetica, sans-serif; font-size: 10pt;\">Three Way Force Bag by TomBaroMagic\u00a0to produkt przeznaczony dla os\u00f3b, kt\u00f3re ceni\u0105 sobie najwy\u017csz\u0105 jako\u015b\u0107. <\/span><\/h1>\n<h1 style=\"text-align: center;\"><span style=\"font-family: arial, helvetica, sans-serif; font-size: 10pt;\">Force Bag wykonany jest bardzo starannie z bardzo dobrej jako\u015bci materia\u0142u dzi\u0119ki czemu pos\u0142u\u017cy na d\u0142ugi czas u\u017cytkowania. <\/span><\/h1>\n<h1 style=\"text-align: center;\"><span style=\"font-family: arial, helvetica, sans-serif; font-size: 10pt;\">Jako\u015b\u0107 wykonania wp\u0142ywa na \u0142atwo\u015b\u0107 pracy z workiem podczas prezentacji.<\/span><\/h1>\n","protected":false},"excerpt":{"rendered":"<h1 id=\"nazwa_produktu\">Three Way Force Bag by TomBaro<\/h1>\n","protected":false},"featured_media":10679,"comment_status":"closed","ping_status":"open","template":"","meta":[],"product_brand":[],"product_cat":[24],"product_tag":[],"class_list":{"0":"post-10678","1":"product","2":"type-product","3":"status-publish","4":"has-post-thumbnail","6":"product_cat-mentalizm","8":"first","9":"instock","10":"purchasable","11":"product-type-simple"},"_links":{"self":[{"href":"https:\/\/magiiik.netstory.com.pl\/index.php?rest_route=\/wp\/v2\/product\/10678","targetHints":{"allow":["GET"]}}],"collection":[{"href":"https:\/\/magiiik.netstory.com.pl\/index.php?rest_route=\/wp\/v2\/product"}],"about":[{"href":"https:\/\/magiiik.netstory.com.pl\/index.php?rest_route=\/wp\/v2\/types\/product"}],"replies":[{"embeddable":true,"href":"https:\/\/magiiik.netstory.com.pl\/index.php?rest_route=%2Fwp%2Fv2%2Fcomments&post=10678"}],"wp:featuredmedia":[{"embeddable":true,"href":"https:\/\/magiiik.netstory.com.pl\/index.php?rest_route=\/wp\/v2\/media\/10679"}],"wp:attachment":[{"href":"https:\/\/magiiik.netstory.com.pl\/index.php?rest_route=%2Fwp%2Fv2%2Fmedia&parent=10678"}],"wp:term":[{"taxonomy":"product_brand","embeddable":true,"href":"https:\/\/magiiik.netstory.com.pl\/index.php?rest_route=%2Fwp%2Fv2%2Fproduct_brand&post=10678"},{"taxonomy":"product_cat","embeddable":true,"href":"https:\/\/magiiik.netstory.com.pl\/index.php?rest_route=%2Fwp%2Fv2%2Fproduct_cat&post=10678"},{"taxonomy":"product_tag","embeddable":true,"href":"https:\/\/magiiik.netstory.com.pl\/index.php?rest_route=%2Fwp%2Fv2%2Fproduct_tag&post=10678"}],"curies":[{"name":"wp","href":"https:\/\/api.w.org\/{rel}","templated":true}]}}