{"id":10676,"date":"2025-09-19T13:42:57","date_gmt":"2025-09-19T11:42:57","guid":{"rendered":"https:\/\/magiiik.netstory.com.pl\/produkt\/egg-bag-hq-by-tombaro\/"},"modified":"2025-09-19T13:43:04","modified_gmt":"2025-09-19T11:43:04","slug":"egg-bag-hq-by-tombaro","status":"publish","type":"product","link":"https:\/\/magiiik.netstory.com.pl\/?product=egg-bag-hq-by-tombaro","title":{"rendered":"Egg Bag HQ by TomBaro"},"content":{"rendered":"<h1 id=\"nazwa_produktu\" style=\"text-align: center;\">Egg Bag HQ by TomBaroMagic<\/h1>\n<div style=\"text-align: center;\">Przedstawiamy jeden z topowych Egg Bag\u00f3w dost\u0119pnych na rynku. Po wielu miesi\u0105cach, konsultacjach oraz stworzeniu kilkunastu prototyp\u00f3w powsta\u0142 finalny niezawodny oraz bardzo elegancko wygl\u0105daj\u0105cy Egg Bag, kt\u00f3rego cechuje niezawodno\u015b\u0107\u00a0 podczas wykonywania tego efektu.<\/div>\n<div style=\"text-align: center;\">Realistycznie wygl\u0105daj\u0105ce jajko w po\u0142\u0105czniu z idealnie dobranym materia\u0142em sprawi wiele przyjemno\u015bci podczas u\u017cytkowania.\u00a0<br \/>Egg Bag HQ wyeliminowa\u0142 na sta\u0142e blokowanie si\u0119 jajka.<\/p>\n<\/div>\n<div style=\"text-align: center;\"><strong>Egg Bag HQ by TomBaroMagic zosta\u0142 stworzony w wersji dla prawor\u0119cznych oraz lewor\u0119cznych<\/strong><\/p>\n<\/div>\n<div><strong>Zestaw zawiera :<\/strong><\/p>\n<\/div>\n<div>&#8211; Egg Bag HQ<\/div>\n<div>&#8211; dwa realistyczne jajka &#8211; jedno bia\u0142e, \u00a0jedno br\u0105zowe<\/div>\n<div>\n<\/div>\n<div>Rozmiar Egg Baga 20cm x 20cm<\/div>\n<div>Rozmiar jajka 5,5cm x 4cm<\/div>\n","protected":false},"excerpt":{"rendered":"<h1 id=\"nazwa_produktu\">Egg Bag HQ by TomBaroMagic<\/h1>\n","protected":false},"featured_media":10677,"comment_status":"closed","ping_status":"open","template":"","meta":[],"product_brand":[],"product_cat":[72],"product_tag":[],"class_list":{"0":"post-10676","1":"product","2":"type-product","3":"status-publish","4":"has-post-thumbnail","6":"product_cat-akcesoria-jajka-i-egg-bags","8":"first","9":"instock","10":"purchasable","11":"product-type-simple"},"_links":{"self":[{"href":"https:\/\/magiiik.netstory.com.pl\/index.php?rest_route=\/wp\/v2\/product\/10676","targetHints":{"allow":["GET"]}}],"collection":[{"href":"https:\/\/magiiik.netstory.com.pl\/index.php?rest_route=\/wp\/v2\/product"}],"about":[{"href":"https:\/\/magiiik.netstory.com.pl\/index.php?rest_route=\/wp\/v2\/types\/product"}],"replies":[{"embeddable":true,"href":"https:\/\/magiiik.netstory.com.pl\/index.php?rest_route=%2Fwp%2Fv2%2Fcomments&post=10676"}],"wp:featuredmedia":[{"embeddable":true,"href":"https:\/\/magiiik.netstory.com.pl\/index.php?rest_route=\/wp\/v2\/media\/10677"}],"wp:attachment":[{"href":"https:\/\/magiiik.netstory.com.pl\/index.php?rest_route=%2Fwp%2Fv2%2Fmedia&parent=10676"}],"wp:term":[{"taxonomy":"product_brand","embeddable":true,"href":"https:\/\/magiiik.netstory.com.pl\/index.php?rest_route=%2Fwp%2Fv2%2Fproduct_brand&post=10676"},{"taxonomy":"product_cat","embeddable":true,"href":"https:\/\/magiiik.netstory.com.pl\/index.php?rest_route=%2Fwp%2Fv2%2Fproduct_cat&post=10676"},{"taxonomy":"product_tag","embeddable":true,"href":"https:\/\/magiiik.netstory.com.pl\/index.php?rest_route=%2Fwp%2Fv2%2Fproduct_tag&post=10676"}],"curies":[{"name":"wp","href":"https:\/\/api.w.org\/{rel}","templated":true}]}}