{"id":10667,"date":"2025-09-19T13:42:57","date_gmt":"2025-09-19T11:42:57","guid":{"rendered":"https:\/\/magiiik.netstory.com.pl\/produkt\/mata-exclusive-tombaro-duza\/"},"modified":"2025-09-19T13:42:58","modified_gmt":"2025-09-19T11:42:58","slug":"mata-exclusive-tombaro-duza","status":"publish","type":"product","link":"https:\/\/magiiik.netstory.com.pl\/?product=mata-exclusive-tombaro-duza","title":{"rendered":"Mata Exclusive  TomBaro Du\u017ca"},"content":{"rendered":"<p style=\"text-align: center;\"><span style=\"font-size: 24pt;\"><strong>MATA EXCLUSIVE TomBaro &#8211; DU\u017bA<\/strong><\/span><\/p>\n<p style=\"text-align: center;\"><span style=\"font-size: 14pt; font-family: arial, helvetica, sans-serif;\">Jedne z Najlepszych dost\u0119pnych Profesjonalnych Mat, kt\u00f3re cechuje wytrzyma\u0142o\u015b\u0107\u00a0 oraz najlepszy sprowadzany za wielkiej wody welur u\u017cywany do produkcji mat karcianych. <\/span><\/p>\n<p style=\"text-align: center;\"><span style=\"font-size: 14pt; font-family: arial, helvetica, sans-serif;\">Warto wspomnie\u0107 \u017ce s\u0105 to Najcie\u0144sze Sztywne Maty na \u015bwiecie. <\/span><\/p>\n<p style=\"text-align: center;\"><span style=\"font-size: 14pt; font-family: arial, helvetica, sans-serif;\">Ka\u017cda Mata to produkt Najwy\u017cszej Jako\u015bci poniewa\u017c jest to r\u0119kodzie\u0142o, kt\u00f3re powstaje z precyzj\u0105 podczas wielogodzinnej pracy .<\/span><\/p>\n","protected":false},"excerpt":{"rendered":"<h1 id=\"nazwa_produktu\">MATA EXCLUSIVE TomBaro &#8211; DU\u017bA<\/h1>\n","protected":false},"featured_media":10668,"comment_status":"closed","ping_status":"open","template":"","meta":[],"product_brand":[],"product_cat":[48],"product_tag":[],"class_list":{"0":"post-10667","1":"product","2":"type-product","3":"status-publish","4":"has-post-thumbnail","6":"product_cat-mikro-iluzja-close-up-maty","8":"first","9":"instock","10":"purchasable","11":"product-type-simple"},"_links":{"self":[{"href":"https:\/\/magiiik.netstory.com.pl\/index.php?rest_route=\/wp\/v2\/product\/10667","targetHints":{"allow":["GET"]}}],"collection":[{"href":"https:\/\/magiiik.netstory.com.pl\/index.php?rest_route=\/wp\/v2\/product"}],"about":[{"href":"https:\/\/magiiik.netstory.com.pl\/index.php?rest_route=\/wp\/v2\/types\/product"}],"replies":[{"embeddable":true,"href":"https:\/\/magiiik.netstory.com.pl\/index.php?rest_route=%2Fwp%2Fv2%2Fcomments&post=10667"}],"wp:featuredmedia":[{"embeddable":true,"href":"https:\/\/magiiik.netstory.com.pl\/index.php?rest_route=\/wp\/v2\/media\/10668"}],"wp:attachment":[{"href":"https:\/\/magiiik.netstory.com.pl\/index.php?rest_route=%2Fwp%2Fv2%2Fmedia&parent=10667"}],"wp:term":[{"taxonomy":"product_brand","embeddable":true,"href":"https:\/\/magiiik.netstory.com.pl\/index.php?rest_route=%2Fwp%2Fv2%2Fproduct_brand&post=10667"},{"taxonomy":"product_cat","embeddable":true,"href":"https:\/\/magiiik.netstory.com.pl\/index.php?rest_route=%2Fwp%2Fv2%2Fproduct_cat&post=10667"},{"taxonomy":"product_tag","embeddable":true,"href":"https:\/\/magiiik.netstory.com.pl\/index.php?rest_route=%2Fwp%2Fv2%2Fproduct_tag&post=10667"}],"curies":[{"name":"wp","href":"https:\/\/api.w.org\/{rel}","templated":true}]}}