{"id":10663,"date":"2025-09-19T13:41:19","date_gmt":"2025-09-19T11:41:19","guid":{"rendered":"https:\/\/magiiik.netstory.com.pl\/produkt\/tivoliland-2-magic-in-restaurant-arthur-tivoli-dvd\/"},"modified":"2025-09-19T13:42:51","modified_gmt":"2025-09-19T11:42:51","slug":"tivoliland-2-magic-in-restaurant-arthur-tivoli-dvd","status":"publish","type":"product","link":"https:\/\/magiiik.netstory.com.pl\/?product=tivoliland-2-magic-in-restaurant-arthur-tivoli-dvd","title":{"rendered":"TIVOLILAND 2: MAGIC IN RESTAURANT &#8211; Arthur Tivoli (DVD)"},"content":{"rendered":"<h1 id=\"hdngItemName\" class=\"hdng3\" style=\"text-align: center;\">TIVOLILAND 2: MAGIC IN RESTAURANT Arthur Tivoli DVD<\/h1>\n<div id=\"tw-target-text-container\" class=\"gsrt tw-ta-container tw-nfl\" style=\"text-align: center;\">\n<pre id=\"tw-target-text\" class=\"tw-data-text tw-ta tw-text-small\" dir=\"ltr\" data-placeholder=\"T\u0142umaczenie\" data-fulltext=\"\"><span lang=\"pl\" style=\"font-size: 12pt; font-family: arial, helvetica, sans-serif;\" tabindex=\"0\">W tym nowym wideo Arthur Tivoli przedstawia procedury, kt\u00f3re wykonuje w restauracjach: <br \/>3 zestawy, po 8 minut ka\u017cdy, z kartami, \u015bmiechami, monetami, niespodziankami, linami, sercami, diamentami ...<br \/> i ca\u0142a ta magia mie\u015bci si\u0119 do jego kieszeni i ma\u0142ego pude\u0142ka.<br \/><br \/><iframe loading=\"lazy\" src=\"\/\/www.youtube.com\/embed\/edi8WYrnghs\" width=\"560\" height=\"314\" allowfullscreen=\"allowfullscreen\"><\/iframe><br \/><\/span><\/pre>\n<pre class=\"tw-data-text tw-ta tw-text-small\" lang=\"pl\">\u00a0<\/pre>\n<\/p><\/div>\n","protected":false},"excerpt":{"rendered":"<h1 id=\"hdngItemName\" class=\"hdng3\">TIVOLILAND 2: MAGIC IN RESTAURANT Arthur Tivoli DVD<\/h1>\n","protected":false},"featured_media":10664,"comment_status":"closed","ping_status":"open","template":"","meta":[],"product_brand":[],"product_cat":[47],"product_tag":[],"class_list":{"0":"post-10663","1":"product","2":"type-product","3":"status-publish","4":"has-post-thumbnail","6":"product_cat-ksiazki-dvd-download-filmy-dvd","8":"first","9":"instock","10":"purchasable","11":"product-type-simple"},"_links":{"self":[{"href":"https:\/\/magiiik.netstory.com.pl\/index.php?rest_route=\/wp\/v2\/product\/10663","targetHints":{"allow":["GET"]}}],"collection":[{"href":"https:\/\/magiiik.netstory.com.pl\/index.php?rest_route=\/wp\/v2\/product"}],"about":[{"href":"https:\/\/magiiik.netstory.com.pl\/index.php?rest_route=\/wp\/v2\/types\/product"}],"replies":[{"embeddable":true,"href":"https:\/\/magiiik.netstory.com.pl\/index.php?rest_route=%2Fwp%2Fv2%2Fcomments&post=10663"}],"wp:featuredmedia":[{"embeddable":true,"href":"https:\/\/magiiik.netstory.com.pl\/index.php?rest_route=\/wp\/v2\/media\/10664"}],"wp:attachment":[{"href":"https:\/\/magiiik.netstory.com.pl\/index.php?rest_route=%2Fwp%2Fv2%2Fmedia&parent=10663"}],"wp:term":[{"taxonomy":"product_brand","embeddable":true,"href":"https:\/\/magiiik.netstory.com.pl\/index.php?rest_route=%2Fwp%2Fv2%2Fproduct_brand&post=10663"},{"taxonomy":"product_cat","embeddable":true,"href":"https:\/\/magiiik.netstory.com.pl\/index.php?rest_route=%2Fwp%2Fv2%2Fproduct_cat&post=10663"},{"taxonomy":"product_tag","embeddable":true,"href":"https:\/\/magiiik.netstory.com.pl\/index.php?rest_route=%2Fwp%2Fv2%2Fproduct_tag&post=10663"}],"curies":[{"name":"wp","href":"https:\/\/api.w.org\/{rel}","templated":true}]}}