{"id":10661,"date":"2025-09-19T13:41:19","date_gmt":"2025-09-19T11:41:19","guid":{"rendered":"https:\/\/magiiik.netstory.com.pl\/produkt\/giant-bouquet-from-silk-to-stand\/"},"modified":"2025-09-19T13:42:50","modified_gmt":"2025-09-19T11:42:50","slug":"giant-bouquet-from-silk-to-stand","status":"publish","type":"product","link":"https:\/\/magiiik.netstory.com.pl\/?product=giant-bouquet-from-silk-to-stand","title":{"rendered":"Giant Bouquet from silk to stand"},"content":{"rendered":"<p style=\"text-align: center;\"><span style=\"font-size: 14pt;\"><strong>Giant Bouquet from silk to stand<\/strong><\/span><\/p>\n<div id=\"tw-target-text-container\" class=\"gsrt tw-ta-container tw-nfl\" style=\"text-align: center;\">\n<pre id=\"tw-target-text\" class=\"tw-data-text tw-ta tw-text-small\" dir=\"ltr\" data-placeholder=\"T\u0142umaczenie\" data-fulltext=\"\"><span lang=\"pl\" style=\"font-size: 12pt; font-family: arial, helvetica, sans-serif;\" tabindex=\"0\">Wykonawca jest widziany trzymaj\u0105c trzy r\u00f3\u017cne kolorowe chusteczki za rogi w d\u0142oni. <br \/>Pokazuje wszystkie trzy chusteczki oddzielnie jeden po drugim.<br \/>Zakrywa du\u017c\u0105 doniczk\u0119 na pod\u0142odze dolnymi ko\u0144cami chusteczki.<br \/>Gdy chusteczki zostan\u0105 usuni\u0119te, na doniczce wida\u0107 gigantyczny bukiet kwiat\u00f3w!<\/span><\/pre>\n<pre class=\"tw-data-text tw-ta tw-text-small\" lang=\"pl\">\u00a0<\/pre>\n<\/p><\/div>\n","protected":false},"excerpt":{"rendered":"<p><strong>Giant Bouquet from silk to stand<\/strong><\/p>\n","protected":false},"featured_media":10662,"comment_status":"closed","ping_status":"open","template":"","meta":[],"product_brand":[],"product_cat":[70],"product_tag":[],"class_list":{"0":"post-10661","1":"product","2":"type-product","3":"status-publish","4":"has-post-thumbnail","6":"product_cat-iluzja-sceniczna-kwiaty","8":"first","9":"instock","10":"purchasable","11":"product-type-simple"},"_links":{"self":[{"href":"https:\/\/magiiik.netstory.com.pl\/index.php?rest_route=\/wp\/v2\/product\/10661","targetHints":{"allow":["GET"]}}],"collection":[{"href":"https:\/\/magiiik.netstory.com.pl\/index.php?rest_route=\/wp\/v2\/product"}],"about":[{"href":"https:\/\/magiiik.netstory.com.pl\/index.php?rest_route=\/wp\/v2\/types\/product"}],"replies":[{"embeddable":true,"href":"https:\/\/magiiik.netstory.com.pl\/index.php?rest_route=%2Fwp%2Fv2%2Fcomments&post=10661"}],"wp:featuredmedia":[{"embeddable":true,"href":"https:\/\/magiiik.netstory.com.pl\/index.php?rest_route=\/wp\/v2\/media\/10662"}],"wp:attachment":[{"href":"https:\/\/magiiik.netstory.com.pl\/index.php?rest_route=%2Fwp%2Fv2%2Fmedia&parent=10661"}],"wp:term":[{"taxonomy":"product_brand","embeddable":true,"href":"https:\/\/magiiik.netstory.com.pl\/index.php?rest_route=%2Fwp%2Fv2%2Fproduct_brand&post=10661"},{"taxonomy":"product_cat","embeddable":true,"href":"https:\/\/magiiik.netstory.com.pl\/index.php?rest_route=%2Fwp%2Fv2%2Fproduct_cat&post=10661"},{"taxonomy":"product_tag","embeddable":true,"href":"https:\/\/magiiik.netstory.com.pl\/index.php?rest_route=%2Fwp%2Fv2%2Fproduct_tag&post=10661"}],"curies":[{"name":"wp","href":"https:\/\/api.w.org\/{rel}","templated":true}]}}