{"id":10651,"date":"2025-09-19T13:41:19","date_gmt":"2025-09-19T11:41:19","guid":{"rendered":"https:\/\/magiiik.netstory.com.pl\/produkt\/super-latex-brown-beer-bottle-polowa-by-twister-magic\/"},"modified":"2025-09-19T13:42:47","modified_gmt":"2025-09-19T11:42:47","slug":"super-latex-brown-beer-bottle-polowa-by-twister-magic","status":"publish","type":"product","link":"https:\/\/magiiik.netstory.com.pl\/?product=super-latex-brown-beer-bottle-polowa-by-twister-magic","title":{"rendered":"Super Latex Brown Beer Bottle (po\u0142owa) by Twister Magic"},"content":{"rendered":"<p><strong><span style=\"font-family: arial, helvetica, sans-serif; font-size: 14pt;\">Twister Magic\u00a0<\/span><\/strong><span style=\"font-family: arial, helvetica, sans-serif; font-size: 14pt;\">prezentuje\u00a0<strong>Super Latex Brown Beer,\u00a0<\/strong>jeden z najlepszych element\u00f3w, jaki zosta\u0142 dodany do produkt\u00f3w\u00a0<strong>Super Latex Geaorge Iglesias<\/strong>&#8217;a.<\/span><\/p>\n<p style=\"font-family: Tahoma, Arial, sans-serif; text-align: center;\"><span style=\"font-size: 14pt; font-family: arial, helvetica, sans-serif;\">Prze\u017aroczysta, do po\u0142owy pe\u0142na butelka\u00a0<\/span><span style=\"font-size: 14pt; font-family: arial, helvetica, sans-serif;\"><span style=\"font-size: 18.6667px;\">piwa<\/span><span style=\"font-size: 14pt;\">, kt\u00f3ra wygl\u0105da w\u00a0<\/span><span style=\"font-size: 18.6667px;\">100%<\/span><span style=\"font-size: 14pt;\">\u00a0realistycznie!<\/span><\/span><\/p>\n<p style=\"font-size: 12px; font-family: Tahoma, Arial, sans-serif; text-align: center;\"><span style=\"font-size: 14pt; font-family: arial, helvetica, sans-serif;\">Mo\u017cesz j\u0105 pokaza\u0107 nawet kilka centymetr\u00f3w od oczu widz\u00f3w!\u00a0<\/span><\/p>\n<p style=\"font-size: 12px; font-family: Tahoma, Arial, sans-serif; text-align: center;\"><span style=\"font-size: 14pt; font-family: arial, helvetica, sans-serif;\">To niezwykle przydatny rekwizyt, kt\u00f3ry mo\u017cesz wykorzysta\u0107 na wiele sposob\u00f3w!<\/span><\/p>\n<p style=\"font-size: 12px; font-family: Tahoma, Arial, sans-serif; text-align: center;\"><span style=\"font-size: 14pt; font-family: arial, helvetica, sans-serif;\">Nowa linia produkt\u00f3w\u00a0<span style=\"font-size: 18.6667px;\">&#8222;<strong><span style=\"font-size: 18.6667px;\">Super Latex<\/span><\/strong>&#8222;<\/span>\u00a0zosta\u0142a stworzona z niesamowitego materia\u0142u, kt\u00f3ry ju\u017c zrewolucjonizowa\u0142 \u015bwiat magii!<\/span><\/p>\n<p style=\"font-size: 12px; font-family: Tahoma, Arial, sans-serif; text-align: center;\"><span style=\"font-size: 14pt; font-family: arial, helvetica, sans-serif;\">Butelka, kt\u00f3ra wygl\u0105da naprawd\u0119 realistycznie i wsp\u00f3\u0142cze\u015bnie!<\/span><\/p>\n<p style=\"font-size: 12px; font-family: Tahoma, Arial, sans-serif; text-align: center;\"><span style=\"font-size: 14pt; font-family: arial, helvetica, sans-serif;\"><iframe loading=\"lazy\" src=\"\/\/www.youtube.com\/embed\/Vo4D2L9vh-o\" width=\"425\" height=\"350\"><\/iframe><\/span><\/p>\n<p style=\"font-size: 12px; font-family: Tahoma, Arial, sans-serif; text-align: center;\">\u00a0<\/p>\n<p style=\"font-size: 12px; font-family: Tahoma, Arial, sans-serif; text-align: center;\"><strong><span style=\"font-size: 12pt; font-family: arial, helvetica, sans-serif;\">Polecamy,<\/span><\/strong><\/p>\n","protected":false},"excerpt":{"rendered":"<p><strong>Super Latex Brown Beer Bottle (po\u0142owa) by Twister Magic<\/strong><\/p>\n","protected":false},"featured_media":10652,"comment_status":"closed","ping_status":"open","template":"","meta":[],"product_brand":[],"product_cat":[17],"product_tag":[],"class_list":{"0":"post-10651","1":"product","2":"type-product","3":"status-publish","4":"has-post-thumbnail","6":"product_cat-iluzja-sceniczna","8":"first","9":"instock","10":"purchasable","11":"product-type-simple"},"_links":{"self":[{"href":"https:\/\/magiiik.netstory.com.pl\/index.php?rest_route=\/wp\/v2\/product\/10651","targetHints":{"allow":["GET"]}}],"collection":[{"href":"https:\/\/magiiik.netstory.com.pl\/index.php?rest_route=\/wp\/v2\/product"}],"about":[{"href":"https:\/\/magiiik.netstory.com.pl\/index.php?rest_route=\/wp\/v2\/types\/product"}],"replies":[{"embeddable":true,"href":"https:\/\/magiiik.netstory.com.pl\/index.php?rest_route=%2Fwp%2Fv2%2Fcomments&post=10651"}],"wp:featuredmedia":[{"embeddable":true,"href":"https:\/\/magiiik.netstory.com.pl\/index.php?rest_route=\/wp\/v2\/media\/10652"}],"wp:attachment":[{"href":"https:\/\/magiiik.netstory.com.pl\/index.php?rest_route=%2Fwp%2Fv2%2Fmedia&parent=10651"}],"wp:term":[{"taxonomy":"product_brand","embeddable":true,"href":"https:\/\/magiiik.netstory.com.pl\/index.php?rest_route=%2Fwp%2Fv2%2Fproduct_brand&post=10651"},{"taxonomy":"product_cat","embeddable":true,"href":"https:\/\/magiiik.netstory.com.pl\/index.php?rest_route=%2Fwp%2Fv2%2Fproduct_cat&post=10651"},{"taxonomy":"product_tag","embeddable":true,"href":"https:\/\/magiiik.netstory.com.pl\/index.php?rest_route=%2Fwp%2Fv2%2Fproduct_tag&post=10651"}],"curies":[{"name":"wp","href":"https:\/\/api.w.org\/{rel}","templated":true}]}}