{"id":10644,"date":"2025-09-19T13:41:19","date_gmt":"2025-09-19T11:41:19","guid":{"rendered":"https:\/\/magiiik.netstory.com.pl\/produkt\/oouch-by-hugo-valenzuela\/"},"modified":"2025-09-19T13:42:42","modified_gmt":"2025-09-19T11:42:42","slug":"oouch-by-hugo-valenzuela","status":"publish","type":"product","link":"https:\/\/magiiik.netstory.com.pl\/?product=oouch-by-hugo-valenzuela","title":{"rendered":"Oouch! by Hugo Valenzuela"},"content":{"rendered":"<p><span style=\"font-size: 12pt; font-family: arial, helvetica, sans-serif;\">Poni\u017cszy film m\u00f3wi sam za siebie!<\/span><\/p>\n<p><span style=\"font-size: 12pt; font-family: arial, helvetica, sans-serif;\"><iframe loading=\"lazy\" src=\"\/\/www.youtube.com\/embed\/FqCE4Ig9TLs\" width=\"560\" height=\"314\" allowfullscreen=\"allowfullscreen\"><\/iframe><\/span><\/p>\n<p><span style=\"font-size: 12pt; font-family: arial, helvetica, sans-serif;\">Widz wybiera z talii kart\u0119 i podpisuje si\u0119 na niej. Standardowo karta gubiona jest w talii. Magik wyci\u0105ga i prezentuje wielk\u0105 lotk\u0119 zako\u0144czon\u0105 ostrzem i przebija na wylot kartk\u0119 papieru. Karty zostaj\u0105 rozrzucone na pod\u0142odze&#8230; Iluzjonista pr\u00f3buje odnale\u017a\u0107 kart\u0119 widza i przebi\u0107 j\u0105 lotk\u0105 zrzucaj\u0105c j\u0105 z g\u00f3ry&#8230; <strong>Nieoczekiwania pope\u0142nia jednak b\u0142\u0105d i przebija na wylot w\u0142asnego buta!<\/strong> Oouch! Us\u0142ysze\u0107 mo\u017cna krzyki widz\u00f3w! Kiedy jednak magik podnosi stop\u0119 do g\u00f3ry, podpisana karta znajduje si\u0119 przybita do buta!<\/span><\/p>\n<p><span style=\"font-size: 12pt; font-family: arial, helvetica, sans-serif;\">Efekt mo\u017cna wykona\u0107 przy u\u017cyciu r\u00f3\u017cnych but\u00f3w!<\/span><\/p>\n<p><strong><span style=\"font-size: 12pt; font-family: arial, helvetica, sans-serif;\">W zestawie otrzymasz:<\/span><\/strong><\/p>\n<p><span style=\"font-size: 12pt; font-family: arial, helvetica, sans-serif;\">&#8211; gimmick;<\/span><\/p>\n<p><span style=\"font-size: 12pt; font-family: arial, helvetica, sans-serif;\">&#8211; video do pobrania ze szczeg\u00f3\u0142owymi instrukcjami.<\/span><\/p>\n<p>\u00a0<\/p>\n","protected":false},"excerpt":{"rendered":"<p><strong>Oouch! by Hugo Valenzuela\u00a0<\/strong><\/p>\n","protected":false},"featured_media":10645,"comment_status":"closed","ping_status":"open","template":"","meta":[],"product_brand":[],"product_cat":[41],"product_tag":[],"class_list":{"0":"post-10644","1":"product","2":"type-product","3":"status-publish","4":"has-post-thumbnail","6":"product_cat-mikro-iluzja-close-up-efekty-z-kartami","8":"first","9":"instock","10":"purchasable","11":"product-type-simple"},"_links":{"self":[{"href":"https:\/\/magiiik.netstory.com.pl\/index.php?rest_route=\/wp\/v2\/product\/10644","targetHints":{"allow":["GET"]}}],"collection":[{"href":"https:\/\/magiiik.netstory.com.pl\/index.php?rest_route=\/wp\/v2\/product"}],"about":[{"href":"https:\/\/magiiik.netstory.com.pl\/index.php?rest_route=\/wp\/v2\/types\/product"}],"replies":[{"embeddable":true,"href":"https:\/\/magiiik.netstory.com.pl\/index.php?rest_route=%2Fwp%2Fv2%2Fcomments&post=10644"}],"wp:featuredmedia":[{"embeddable":true,"href":"https:\/\/magiiik.netstory.com.pl\/index.php?rest_route=\/wp\/v2\/media\/10645"}],"wp:attachment":[{"href":"https:\/\/magiiik.netstory.com.pl\/index.php?rest_route=%2Fwp%2Fv2%2Fmedia&parent=10644"}],"wp:term":[{"taxonomy":"product_brand","embeddable":true,"href":"https:\/\/magiiik.netstory.com.pl\/index.php?rest_route=%2Fwp%2Fv2%2Fproduct_brand&post=10644"},{"taxonomy":"product_cat","embeddable":true,"href":"https:\/\/magiiik.netstory.com.pl\/index.php?rest_route=%2Fwp%2Fv2%2Fproduct_cat&post=10644"},{"taxonomy":"product_tag","embeddable":true,"href":"https:\/\/magiiik.netstory.com.pl\/index.php?rest_route=%2Fwp%2Fv2%2Fproduct_tag&post=10644"}],"curies":[{"name":"wp","href":"https:\/\/api.w.org\/{rel}","templated":true}]}}