{"id":10630,"date":"2025-09-19T13:41:19","date_gmt":"2025-09-19T11:41:19","guid":{"rendered":"https:\/\/magiiik.netstory.com.pl\/produkt\/meltdown-by-jimmy-strange\/"},"modified":"2025-09-19T13:42:23","modified_gmt":"2025-09-19T11:42:23","slug":"meltdown-by-jimmy-strange","status":"publish","type":"product","link":"https:\/\/magiiik.netstory.com.pl\/?product=meltdown-by-jimmy-strange","title":{"rendered":"Meltdown by Jimmy Strange"},"content":{"rendered":"<p><span style=\"font-size: 12pt; font-family: arial, helvetica, sans-serif;\"><strong>Meltdown<\/strong> autorstwa <strong>Jimmy<\/strong>&#8217;go <strong>Strange<\/strong>&#8217;a to ca\u0142kiem improwizowany efekt wykonany przy u\u017cyciu zwyk\u0142ej zapalniczki!<\/span><\/p>\n<p><span style=\"font-size: 12pt; font-family: arial, helvetica, sans-serif;\">Iluzjonista prosi widza, by ten obejrza\u0142 zapalniczk\u0119. Nast\u0119pnie zabiera j\u0105, podpala, aby rozgrza\u0107 swoj\u0105 d\u0142o\u0144. Teraz pozornie wykorzystuj\u0105c to ciep\u0142o, rozci\u0105ga zapalniczk\u0119, jak gum\u0119! Nast\u0119pnie mo\u017cna odda\u0107 j\u0105 widzowi, by ten sprawdzi\u0142, \u017ce zapalniczka nadal jest sprawna!\u00a0<\/span><\/p>\n<p><span style=\"font-size: 12pt; font-family: arial, helvetica, sans-serif;\"><strong>Meltdown<\/strong> naprawd\u0119 rozbudza wyobra\u017ani\u0119! W zestawie otrzymasz wszystko, aby wykona\u0107 ten niesamowity numer. Otrzymasz r\u00f3wnie\u017c bonusowy efekt z prognoz\u0105 wybranej karty na rozci\u0105gni\u0119tej etykiecie.\u00a0<\/span><\/p>\n<p>\u00a0<iframe loading=\"lazy\" src=\"\/\/www.youtube.com\/embed\/DILAV7V3Las\" width=\"560\" height=\"314\" allowfullscreen=\"allowfullscreen\"><\/iframe><\/p>\n<p><span style=\"font-size: 12pt; font-family: arial, helvetica, sans-serif;\">&#8211; \u0142atwe do wykonania;<\/span><\/p>\n<p><span style=\"font-size: 12pt; font-family: arial, helvetica, sans-serif;\">&#8211; bardzo wizualny efekt;<\/span><\/p>\n<p><span style=\"font-size: 12pt; font-family: arial, helvetica, sans-serif;\">&#8211; natychmiastowy reset.<\/span><\/p>\n","protected":false},"excerpt":{"rendered":"<p><strong>Meltdown by Jimmy Strange<\/strong><\/p>\n","protected":false},"featured_media":10631,"comment_status":"closed","ping_status":"open","template":"","meta":[],"product_brand":[],"product_cat":[34],"product_tag":[],"class_list":{"0":"post-10630","1":"product","2":"type-product","3":"status-publish","4":"has-post-thumbnail","6":"product_cat-mikro-iluzja-close-up-inne","8":"first","9":"instock","10":"purchasable","11":"product-type-simple"},"_links":{"self":[{"href":"https:\/\/magiiik.netstory.com.pl\/index.php?rest_route=\/wp\/v2\/product\/10630","targetHints":{"allow":["GET"]}}],"collection":[{"href":"https:\/\/magiiik.netstory.com.pl\/index.php?rest_route=\/wp\/v2\/product"}],"about":[{"href":"https:\/\/magiiik.netstory.com.pl\/index.php?rest_route=\/wp\/v2\/types\/product"}],"replies":[{"embeddable":true,"href":"https:\/\/magiiik.netstory.com.pl\/index.php?rest_route=%2Fwp%2Fv2%2Fcomments&post=10630"}],"wp:featuredmedia":[{"embeddable":true,"href":"https:\/\/magiiik.netstory.com.pl\/index.php?rest_route=\/wp\/v2\/media\/10631"}],"wp:attachment":[{"href":"https:\/\/magiiik.netstory.com.pl\/index.php?rest_route=%2Fwp%2Fv2%2Fmedia&parent=10630"}],"wp:term":[{"taxonomy":"product_brand","embeddable":true,"href":"https:\/\/magiiik.netstory.com.pl\/index.php?rest_route=%2Fwp%2Fv2%2Fproduct_brand&post=10630"},{"taxonomy":"product_cat","embeddable":true,"href":"https:\/\/magiiik.netstory.com.pl\/index.php?rest_route=%2Fwp%2Fv2%2Fproduct_cat&post=10630"},{"taxonomy":"product_tag","embeddable":true,"href":"https:\/\/magiiik.netstory.com.pl\/index.php?rest_route=%2Fwp%2Fv2%2Fproduct_tag&post=10630"}],"curies":[{"name":"wp","href":"https:\/\/api.w.org\/{rel}","templated":true}]}}