{"id":10625,"date":"2025-09-19T13:41:19","date_gmt":"2025-09-19T11:41:19","guid":{"rendered":"https:\/\/magiiik.netstory.com.pl\/produkt\/professionals-magic-wand-magiczna-laseczka-by-murphys-magic-supplies-inc\/"},"modified":"2025-09-19T13:42:18","modified_gmt":"2025-09-19T11:42:18","slug":"professionals-magic-wand-magiczna-laseczka-by-murphys-magic-supplies-inc","status":"publish","type":"product","link":"https:\/\/magiiik.netstory.com.pl\/?product=professionals-magic-wand-magiczna-laseczka-by-murphys-magic-supplies-inc","title":{"rendered":"Professional&#8217;s Magic Wand (magiczna laseczka) by Murphy&#8217;s Magic Supplies Inc."},"content":{"rendered":"<p><span style=\"font-size: 12pt; font-family: arial, helvetica, sans-serif;\">Profesjonalna, jedna z lepszych i \u0142adniejszych magicznych pa\u0142eczek na rynku! Ma r\u0119cznie woskowan\u0105 i polerowan\u0105 r\u0119koje\u015b\u0107 z hebanu, zako\u0144czon\u0105 ko\u0144c\u00f3wk\u0105.\u00a0<\/span><\/p>\n<p><span style=\"font-size: 12pt; font-family: arial, helvetica, sans-serif;\"><strong>Te r\u00f3\u017cd\u017cki s\u0105 po prostu idealne!<\/strong> Idealnie zbalansowane, idealnej d\u0142ugo\u015bci, idealnej wagi do manipulowania, obracania i znikania. Wygl\u0105daj\u0105 elegancko w ka\u017cdych warunkach.\u00a0<\/span><\/p>\n<p><span style=\"font-size: 12pt; font-family: arial, helvetica, sans-serif;\">R\u00f3\u017cd\u017cka zapakowana w aksamitny woreczek ze sznurkiem oraz \u015bciereczk\u0105 z logo producenta do czyszczenia.<\/span><\/p>\n<p>\u00a0<\/p>\n<p><strong><span style=\"font-size: 12pt; font-family: arial, helvetica, sans-serif;\">Otrzymasz:<\/span><\/strong><\/p>\n<p><span style=\"font-size: 12pt; font-family: arial, helvetica, sans-serif;\">&#8211; hebanow\u0105 r\u00f3\u017cd\u017ck\u0119 ze srebrn\u0105 ko\u0144c\u00f3wk\u0105;<\/span><\/p>\n<p><span style=\"font-size: 12pt; font-family: arial, helvetica, sans-serif;\">&#8211; aksamitny woreczek ze sznurkiem;<\/span><\/p>\n<p><span style=\"font-size: 12pt; font-family: arial, helvetica, sans-serif;\">&#8211; \u015bciereczk\u0119 z logo do czyszczenia;<\/span><\/p>\n<p><span style=\"font-size: 12pt; font-family: arial, helvetica, sans-serif;\">&#8211; d\u0142ugo\u015b\u0107 laski: oko\u0142o 34 cm.<\/span><\/p>\n","protected":false},"excerpt":{"rendered":"<p><strong>Professional&#8217;s Magic Wand by Murphy&#8217;s Magic Supplies Inc.\u00a0<\/strong><\/p>\n","protected":false},"featured_media":10626,"comment_status":"closed","ping_status":"open","template":"","meta":[],"product_brand":[],"product_cat":[43],"product_tag":[],"class_list":{"0":"post-10625","1":"product","2":"type-product","3":"status-publish","4":"has-post-thumbnail","6":"product_cat-akcesoria-rozdzki","8":"first","9":"instock","10":"purchasable","11":"product-type-simple"},"_links":{"self":[{"href":"https:\/\/magiiik.netstory.com.pl\/index.php?rest_route=\/wp\/v2\/product\/10625","targetHints":{"allow":["GET"]}}],"collection":[{"href":"https:\/\/magiiik.netstory.com.pl\/index.php?rest_route=\/wp\/v2\/product"}],"about":[{"href":"https:\/\/magiiik.netstory.com.pl\/index.php?rest_route=\/wp\/v2\/types\/product"}],"replies":[{"embeddable":true,"href":"https:\/\/magiiik.netstory.com.pl\/index.php?rest_route=%2Fwp%2Fv2%2Fcomments&post=10625"}],"wp:featuredmedia":[{"embeddable":true,"href":"https:\/\/magiiik.netstory.com.pl\/index.php?rest_route=\/wp\/v2\/media\/10626"}],"wp:attachment":[{"href":"https:\/\/magiiik.netstory.com.pl\/index.php?rest_route=%2Fwp%2Fv2%2Fmedia&parent=10625"}],"wp:term":[{"taxonomy":"product_brand","embeddable":true,"href":"https:\/\/magiiik.netstory.com.pl\/index.php?rest_route=%2Fwp%2Fv2%2Fproduct_brand&post=10625"},{"taxonomy":"product_cat","embeddable":true,"href":"https:\/\/magiiik.netstory.com.pl\/index.php?rest_route=%2Fwp%2Fv2%2Fproduct_cat&post=10625"},{"taxonomy":"product_tag","embeddable":true,"href":"https:\/\/magiiik.netstory.com.pl\/index.php?rest_route=%2Fwp%2Fv2%2Fproduct_tag&post=10625"}],"curies":[{"name":"wp","href":"https:\/\/api.w.org\/{rel}","templated":true}]}}