{"id":10623,"date":"2025-09-19T13:41:19","date_gmt":"2025-09-19T11:41:19","guid":{"rendered":"https:\/\/magiiik.netstory.com.pl\/produkt\/gloves-to-streamer-by-premium-magic\/"},"modified":"2025-09-19T13:42:17","modified_gmt":"2025-09-19T11:42:17","slug":"gloves-to-streamer-by-premium-magic","status":"publish","type":"product","link":"https:\/\/magiiik.netstory.com.pl\/?product=gloves-to-streamer-by-premium-magic","title":{"rendered":"Gloves to Streamer by Premium Magic"},"content":{"rendered":"<p><span style=\"font-size: 12pt; font-family: arial, helvetica, sans-serif;\">Jest to bardzo stary, klasyczny efekt na otwarcie swojego show. Prezentujesz widzom swoje r\u0119kawiczki (jedn\u0105 bia\u0142\u0105, drug\u0105 czarn\u0105), \u015bci\u0105gasz je i \u015bciskasz w d\u0142oni. <strong>W mgnieniu oka, w magiczny spos\u00f3b r\u0119kawiczki zmieniaj\u0105 si\u0119 w bia\u0142o-czarny, jedwabny szal.\u00a0<\/strong><\/span><\/p>\n<p><span style=\"font-size: 12pt; font-family: arial, helvetica, sans-serif;\">Trick bardzo prosty do nauczenia si\u0119.\u00a0<\/span><\/p>\n<p><span style=\"font-size: 12pt; font-family: arial, helvetica, sans-serif;\">Szal ma d\u0142ugo\u015b\u0107 ponad 210 cm, szeroko\u015b\u0107: 10 cm.<\/span><\/p>\n<p>\u00a0<\/p>\n","protected":false},"excerpt":{"rendered":"<p><strong>Gloves to Streamer by Premium Magic\u00a0<\/strong><\/p>\n","protected":false},"featured_media":10624,"comment_status":"closed","ping_status":"open","template":"","meta":[],"product_brand":[],"product_cat":[38],"product_tag":[],"class_list":{"0":"post-10623","1":"product","2":"type-product","3":"status-publish","4":"has-post-thumbnail","6":"product_cat-akcesoria-silks-chusty","8":"first","9":"instock","10":"purchasable","11":"product-type-simple"},"_links":{"self":[{"href":"https:\/\/magiiik.netstory.com.pl\/index.php?rest_route=\/wp\/v2\/product\/10623","targetHints":{"allow":["GET"]}}],"collection":[{"href":"https:\/\/magiiik.netstory.com.pl\/index.php?rest_route=\/wp\/v2\/product"}],"about":[{"href":"https:\/\/magiiik.netstory.com.pl\/index.php?rest_route=\/wp\/v2\/types\/product"}],"replies":[{"embeddable":true,"href":"https:\/\/magiiik.netstory.com.pl\/index.php?rest_route=%2Fwp%2Fv2%2Fcomments&post=10623"}],"wp:featuredmedia":[{"embeddable":true,"href":"https:\/\/magiiik.netstory.com.pl\/index.php?rest_route=\/wp\/v2\/media\/10624"}],"wp:attachment":[{"href":"https:\/\/magiiik.netstory.com.pl\/index.php?rest_route=%2Fwp%2Fv2%2Fmedia&parent=10623"}],"wp:term":[{"taxonomy":"product_brand","embeddable":true,"href":"https:\/\/magiiik.netstory.com.pl\/index.php?rest_route=%2Fwp%2Fv2%2Fproduct_brand&post=10623"},{"taxonomy":"product_cat","embeddable":true,"href":"https:\/\/magiiik.netstory.com.pl\/index.php?rest_route=%2Fwp%2Fv2%2Fproduct_cat&post=10623"},{"taxonomy":"product_tag","embeddable":true,"href":"https:\/\/magiiik.netstory.com.pl\/index.php?rest_route=%2Fwp%2Fv2%2Fproduct_tag&post=10623"}],"curies":[{"name":"wp","href":"https:\/\/api.w.org\/{rel}","templated":true}]}}