{"id":10616,"date":"2025-09-19T13:41:19","date_gmt":"2025-09-19T11:41:19","guid":{"rendered":"https:\/\/magiiik.netstory.com.pl\/produkt\/phoenix-deck-large-index-niebieski-by-card-shark\/"},"modified":"2025-09-19T13:42:06","modified_gmt":"2025-09-19T11:42:06","slug":"phoenix-deck-large-index-niebieski-by-card-shark","status":"publish","type":"product","link":"https:\/\/magiiik.netstory.com.pl\/?product=phoenix-deck-large-index-niebieski-by-card-shark","title":{"rendered":"Phoenix Deck Large Index (niebieski) by Card-Shark"},"content":{"rendered":"<p><span style=\"font-size: 12pt; font-family: arial, helvetica, sans-serif;\"><strong>Czasem ma\u0142e zmiany mog\u0105 spowodowa\u0107 ogromne r\u00f3\u017cnice!<\/strong><\/span><\/p>\n<p><span style=\"font-size: 12pt; font-family: arial, helvetica, sans-serif;\">W 2009 roku rozpocz\u0119\u0142a si\u0119 prawdziwa rewolucja, kiedy pojawi\u0142y si\u0119 karty\u00a0<strong>Phoenix<\/strong>, specjalne karty dla iluzjonist\u00f3w.<\/span><\/p>\n<p><span style=\"font-size: 12pt; font-family: arial, helvetica, sans-serif;\">Teraz mo\u017cesz mie\u0107 te same karty, ale z du\u017cym indexem! Dzi\u0119ki temu, \u017ce zosta\u0142 on o 50% powi\u0119kszony, Twoja magia natychmiast stanie si\u0119 bardziej widoczna dla Twojej publiczno\u015bci.\u00a0<\/span><\/p>\n<p><span style=\"font-size: 12pt; font-family: arial, helvetica, sans-serif;\">Przez wiele lat\u00a0<strong>Card Shark<\/strong>\u00a0pracowa\u0142 nad popraw\u0105 jako\u015bci swoich kart, a je\u015bli kiedykolwiek mia\u0142e\u015b te karty w r\u0119ku, to wiesz, \u017ce to\u00a0<strong>Casino Quality<\/strong>. Niekt\u00f3rzy ju\u017c nawet m\u00f3wi\u0105, \u017ce to standardowe karty do gry, stworzone dla magik\u00f3w.<\/span><\/p>\n<p><span style=\"font-size: 12pt; font-family: arial, helvetica, sans-serif;\">Iluzjoni\u015bci nie raz kombinowali, co i jak zrobi\u0107, by karty by\u0142y bardziej widoczne dla swojej publiczno\u015bci. Cz\u0119sto wprowadzali do swoich repertuar\u00f3w karty Jumbo, kt\u00f3re cz\u0119sto niestety nie sprawdzi\u0142y si\u0119.\u00a0<\/span><\/p>\n<p><span style=\"font-size: 12pt; font-family: arial, helvetica, sans-serif;\">W roku 2017,\u00a0<strong>Card Shark<\/strong>\u00a0rozpocz\u0105\u0142 ewolucj\u0119, zmieniaj\u0105c indexy awers\u00f3w, aby by\u0142y bardziej widoczne. Obejrzyj poni\u017cszy film, aby zobaczy\u0107 r\u00f3\u017cnice.\u00a0<em><strong>Poniewa\u017c karty Phoenix s\u0105 w tak niskiej cenie, nie ma powodu, aby je nie kupi\u0107 i nie wypr\u00f3bowa\u0107 na w\u0142asnej sk\u00f3rze!<\/strong><\/em><\/span><\/p>\n<p><span style=\"font-size: 12pt; font-family: arial, helvetica, sans-serif;\"><em><strong><iframe loading=\"lazy\" src=\"\/\/www.youtube.com\/embed\/GjV0pnUgWxk\" width=\"560\" height=\"314\" allowfullscreen=\"allowfullscreen\"><\/iframe><\/strong><\/em><\/span><\/p>\n<p style=\"text-align: center;\"><span style=\"font-size: 12pt; font-family: arial, helvetica, sans-serif;\"><em>&#8222;Od teraz TYLKO tych kart b\u0119d\u0119 u\u017cywa\u0142 do mojego zwyci\u0119skiego aktu FISM (dream act)! Zadziwiaj\u0105ca widoczno\u015b\u0107 i klarowno\u015b\u0107 przy close-up&#8217;ie, czy na scenie!&#8221;<\/em><\/span><\/p>\n<p style=\"text-align: center;\"><span style=\"font-size: 12pt; font-family: arial, helvetica, sans-serif;\"><strong>&#8211; Shin Lim, FISM Winner<\/strong><\/span><\/p>\n<p style=\"text-align: center;\"><span style=\"font-size: 12pt; font-family: arial, helvetica, sans-serif;\"><em>&#8222;To mo\u017ce by\u0107 nowy standard dla karcianych magik\u00f3w!&#8221;<\/em><strong><br \/>&#8211; Gregory Wilson<\/strong><\/span><\/p>\n<p style=\"text-align: center;\">\u00a0<\/p>\n","protected":false},"excerpt":{"rendered":"<p><strong>Phoenix Deck Large Index (niebieski) by Card-Shark\u00a0<\/strong><\/p>\n","protected":false},"featured_media":10617,"comment_status":"closed","ping_status":"open","template":"","meta":[],"product_brand":[],"product_cat":[32],"product_tag":[],"class_list":{"0":"post-10616","1":"product","2":"type-product","3":"status-publish","4":"has-post-thumbnail","6":"product_cat-karty-standardowe","8":"first","9":"instock","10":"purchasable","11":"product-type-simple"},"_links":{"self":[{"href":"https:\/\/magiiik.netstory.com.pl\/index.php?rest_route=\/wp\/v2\/product\/10616","targetHints":{"allow":["GET"]}}],"collection":[{"href":"https:\/\/magiiik.netstory.com.pl\/index.php?rest_route=\/wp\/v2\/product"}],"about":[{"href":"https:\/\/magiiik.netstory.com.pl\/index.php?rest_route=\/wp\/v2\/types\/product"}],"replies":[{"embeddable":true,"href":"https:\/\/magiiik.netstory.com.pl\/index.php?rest_route=%2Fwp%2Fv2%2Fcomments&post=10616"}],"wp:featuredmedia":[{"embeddable":true,"href":"https:\/\/magiiik.netstory.com.pl\/index.php?rest_route=\/wp\/v2\/media\/10617"}],"wp:attachment":[{"href":"https:\/\/magiiik.netstory.com.pl\/index.php?rest_route=%2Fwp%2Fv2%2Fmedia&parent=10616"}],"wp:term":[{"taxonomy":"product_brand","embeddable":true,"href":"https:\/\/magiiik.netstory.com.pl\/index.php?rest_route=%2Fwp%2Fv2%2Fproduct_brand&post=10616"},{"taxonomy":"product_cat","embeddable":true,"href":"https:\/\/magiiik.netstory.com.pl\/index.php?rest_route=%2Fwp%2Fv2%2Fproduct_cat&post=10616"},{"taxonomy":"product_tag","embeddable":true,"href":"https:\/\/magiiik.netstory.com.pl\/index.php?rest_route=%2Fwp%2Fv2%2Fproduct_tag&post=10616"}],"curies":[{"name":"wp","href":"https:\/\/api.w.org\/{rel}","templated":true}]}}