{"id":10608,"date":"2025-09-19T13:41:19","date_gmt":"2025-09-19T11:41:19","guid":{"rendered":"https:\/\/magiiik.netstory.com.pl\/produkt\/phoenix-deck-niebieski-by-card-shark\/"},"modified":"2025-09-19T13:41:37","modified_gmt":"2025-09-19T11:41:37","slug":"phoenix-deck-niebieski-by-card-shark","status":"publish","type":"product","link":"https:\/\/magiiik.netstory.com.pl\/?product=phoenix-deck-niebieski-by-card-shark","title":{"rendered":"Phoenix Deck (niebieski) by Card-Shark"},"content":{"rendered":"<p>Pomys\u0142 polega\u0142 na tym, aby stworzy\u0107 now\u0105 mark\u0119 i wzornictwo specjalnie dla magik\u00f3w. Ta talia to nie 531 talia fantazyjnie wygl\u0105daj\u0105cych kart, kt\u00f3ra ka\u017cdego miesi\u0105ca trafia do magicznej spo\u0142eczno\u015bci, a ko\u0144czy na p\u00f3\u0142ce kolekcjonerskiej. Tu mowa o czym\u015b zupe\u0142nie innym, mianowicie o pot\u0119\u017cnym narz\u0119dziu dla iluzjonist\u00f3w z ca\u0142ego \u015bwiata!\u00a0<\/p>\n<p>Talia, kt\u00f3ra wygl\u0105da \u0142adnie i nowocze\u015bnie, ale nie fantazyjnie i nie podejrzanie. Talia, kt\u00f3ra zawiera &#8222;tajn\u0105 bro\u0144&#8221;, kt\u00f3r\u0105 mo\u017cesz u\u017cy\u0107 w ka\u017cdej chwili, ale nie musisz. Wszystko jest dobrze ukryte i na tyle tajemne, \u017ce \u017caden laik nie ma mo\u017cliwo\u015b\u0107 pozna\u0107 sekret\u00f3w tej talii!\u00a0<\/p>\n<p>&#8211; karty wydrukowane przez\u00a0<strong>US Playing card company<\/strong>\u00a0z podobnego materia\u0142u co znane\u00a0<strong>Bicycle<\/strong>, dzi\u0119ki czemu maj\u0105 dobrze znan\u0105 jako\u015b\u0107;\u00a0<br \/>&#8211; specjalna produkcja umo\u017cliwia doskona\u0142e tasowanie;<\/p>\n<p>&#8211; awers kart\u00a0<strong>Phoenix<\/strong>\u00a0jest identyczny, jak w przypadku kart\u00a0<strong>Bicycle<\/strong>\u00a0(z kilkoma wyj\u0105tkami);<br \/>&#8211; As Pik jest bardzo zbli\u017cony do Asa Pik w\u00a0<strong>Bicycle<\/strong>;<\/p>\n<p>&#8211; wszystkie inne asy zosta\u0142y specjalnie zaprojektowane dla lepszej widoczno\u015bci. Drobne szczeg\u00f3\u0142y sprawiaj\u0105, \u017ce s\u0105 pi\u0119kne, r\u00f3wnie\u017c w przypadku zbli\u017cenia, rozmazuj\u0105 si\u0119 jednak na odleg\u0142o\u015b\u0107 i staj\u0105 si\u0119 zupe\u0142nie niewidoczne na scenie;<\/p>\n<p>&#8211; popularne asy zosta\u0142y uwzgl\u0119dnione w naszej talii w pierwszych dwu drukach, aby si\u0119 przekona\u0107 czy nowe asy, czy stare s\u0105 tymi bardziej po\u017c\u0105danymi. Informacja zwrotna by\u0142a jasna i konkretna &#8211; nowe, wi\u0119ksze asy\u00a0<strong>Phoenix<\/strong>!<br \/>&#8211; rewers jest nowoczesny i elegancki, niezbyt wyszukany, by nie wzbudza\u0107 podejrze\u0144;<\/p>\n<p>&#8211; rewers ma bardzo widoczne, ale bardzo dobrze ukryte znaczenia;<\/p>\n<p>&#8211; awers ma r\u00f3wnie\u017c dobrze ukryte, niewidzialne znaczenia!\u00a0<\/p>\n<p>&#8211; do talii s\u0105 do\u0142\u0105czone karty trickowe &#8211; bia\u0142e karty, podw\u00f3jny rewers.<\/p>\n","protected":false},"excerpt":{"rendered":"<p><strong>Phoenix Deck (niebieski) by Card-Shark\u00a0<\/strong><\/p>\n","protected":false},"featured_media":10609,"comment_status":"closed","ping_status":"open","template":"","meta":[],"product_brand":[],"product_cat":[32],"product_tag":[],"class_list":{"0":"post-10608","1":"product","2":"type-product","3":"status-publish","4":"has-post-thumbnail","6":"product_cat-karty-standardowe","8":"first","9":"instock","10":"purchasable","11":"product-type-simple"},"_links":{"self":[{"href":"https:\/\/magiiik.netstory.com.pl\/index.php?rest_route=\/wp\/v2\/product\/10608","targetHints":{"allow":["GET"]}}],"collection":[{"href":"https:\/\/magiiik.netstory.com.pl\/index.php?rest_route=\/wp\/v2\/product"}],"about":[{"href":"https:\/\/magiiik.netstory.com.pl\/index.php?rest_route=\/wp\/v2\/types\/product"}],"replies":[{"embeddable":true,"href":"https:\/\/magiiik.netstory.com.pl\/index.php?rest_route=%2Fwp%2Fv2%2Fcomments&post=10608"}],"wp:featuredmedia":[{"embeddable":true,"href":"https:\/\/magiiik.netstory.com.pl\/index.php?rest_route=\/wp\/v2\/media\/10609"}],"wp:attachment":[{"href":"https:\/\/magiiik.netstory.com.pl\/index.php?rest_route=%2Fwp%2Fv2%2Fmedia&parent=10608"}],"wp:term":[{"taxonomy":"product_brand","embeddable":true,"href":"https:\/\/magiiik.netstory.com.pl\/index.php?rest_route=%2Fwp%2Fv2%2Fproduct_brand&post=10608"},{"taxonomy":"product_cat","embeddable":true,"href":"https:\/\/magiiik.netstory.com.pl\/index.php?rest_route=%2Fwp%2Fv2%2Fproduct_cat&post=10608"},{"taxonomy":"product_tag","embeddable":true,"href":"https:\/\/magiiik.netstory.com.pl\/index.php?rest_route=%2Fwp%2Fv2%2Fproduct_tag&post=10608"}],"curies":[{"name":"wp","href":"https:\/\/api.w.org\/{rel}","templated":true}]}}