{"id":10598,"date":"2025-09-19T13:41:19","date_gmt":"2025-09-19T11:41:19","guid":{"rendered":"https:\/\/magiiik.netstory.com.pl\/produkt\/the-prism-deck-by-joshua-jay-and-card-shark\/"},"modified":"2025-09-19T13:41:25","modified_gmt":"2025-09-19T11:41:25","slug":"the-prism-deck-by-joshua-jay-and-card-shark","status":"publish","type":"product","link":"https:\/\/magiiik.netstory.com.pl\/?product=the-prism-deck-by-joshua-jay-and-card-shark","title":{"rendered":"The PRISM Deck by Joshua Jay and Card-Shark"},"content":{"rendered":"<p><span style=\"font-size: 12pt; font-family: arial, helvetica, sans-serif;\">To jest po prostu najlepszy zestaw ze zmian\u0105 koloru talii kart.<\/span><\/p>\n<p><span style=\"font-size: 12pt; font-family: arial, helvetica, sans-serif;\">Otrzymujesz tali\u0119 <strong>PRISM<\/strong> (zaprojektowa\u0142 j\u0105 <strong>Andi Gladwin<\/strong>), tali\u0119, w kt\u00f3rej ka\u017cde karta ma inn\u0105 grafik\u0119 oraz DVD z rutyn\u0105 <strong>Joshua Jay<\/strong>&#8217;a.\u00a0<\/span><\/p>\n<p><span style=\"font-size: 12pt; font-family: arial, helvetica, sans-serif;\">Dzi\u0119ki tej talii wykonasz ca\u0142y efekt, kt\u00f3ry zako\u0144czysz zmian\u0105 koloru talii kart. Niesamowita grafika oraz staranne szczeg\u00f3\u0142y na ka\u017cdej karcie sprawiaj\u0105, \u017ce jest to najdoskonalszy deck z t\u0119cz\u0105, jaki kiedykolwiek wyprodukowano. Je\u015bli robisz &#8222;color-changing deck&#8221;, b\u0105d\u017a chcia\u0142by\u015b zrobi\u0107 ten efekt, to z tali\u0105 <strong>PRISM<\/strong> zrobisz to najlepiej.\u00a0<\/span><\/p>\n<p><span style=\"font-size: 12pt; font-family: arial, helvetica, sans-serif;\"><iframe loading=\"lazy\" src=\"\/\/www.youtube.com\/embed\/9ZknO_Aaiuc\" width=\"560\" height=\"314\" allowfullscreen=\"allowfullscreen\"><\/iframe><\/span><\/p>\n<p><span style=\"font-size: 12pt; font-family: arial, helvetica, sans-serif;\"><strong>UWAGA! Talia jest znaczona!<\/strong> Brzmi to g\u0142upio przy &#8222;t\u0119czowej talii&#8221;, ale ka\u017cdy, kto zna <strong>Joshua<\/strong>, niech pomy\u015bli dwa razy! To czysty geniusz!\u00a0<\/span><\/p>\n<p><span style=\"font-size: 12pt; font-family: arial, helvetica, sans-serif;\">Talia <strong>PRISM<\/strong> jest tali\u0105, kt\u00f3rej mo\u017cesz u\u017cy\u0107 w JAKIEJKOLWIEK rutynie zmieniaj\u0105cej kolor.\u00a0<\/span><\/p>\n<p><span style=\"font-size: 12pt; font-family: arial, helvetica, sans-serif;\">Je\u015bli chcesz wykona\u0107 pe\u0142n\u0105 rutyn\u0119, kt\u00f3r\u0105 prezentuje <strong>Joshua<\/strong> w zwiastunie, koniecznie<strong> kup dodatkowo standardow\u0105 tali\u0119 kart Bicycle, oraz tali\u0119 kart Phoenix. <span style=\"color: #ff0000;\">Obie dost\u0119pne w naszym sklepie!<\/span><\/strong><\/span><\/p>\n","protected":false},"excerpt":{"rendered":"<p><strong>The PRISM Deck by Joshua Jay and Card-Shark\u00a0<\/strong><\/p>\n","protected":false},"featured_media":10599,"comment_status":"closed","ping_status":"open","template":"","meta":[],"product_brand":[],"product_cat":[41],"product_tag":[],"class_list":{"0":"post-10598","1":"product","2":"type-product","3":"status-publish","4":"has-post-thumbnail","6":"product_cat-mikro-iluzja-close-up-efekty-z-kartami","8":"first","9":"instock","10":"purchasable","11":"product-type-simple"},"_links":{"self":[{"href":"https:\/\/magiiik.netstory.com.pl\/index.php?rest_route=\/wp\/v2\/product\/10598","targetHints":{"allow":["GET"]}}],"collection":[{"href":"https:\/\/magiiik.netstory.com.pl\/index.php?rest_route=\/wp\/v2\/product"}],"about":[{"href":"https:\/\/magiiik.netstory.com.pl\/index.php?rest_route=\/wp\/v2\/types\/product"}],"replies":[{"embeddable":true,"href":"https:\/\/magiiik.netstory.com.pl\/index.php?rest_route=%2Fwp%2Fv2%2Fcomments&post=10598"}],"wp:featuredmedia":[{"embeddable":true,"href":"https:\/\/magiiik.netstory.com.pl\/index.php?rest_route=\/wp\/v2\/media\/10599"}],"wp:attachment":[{"href":"https:\/\/magiiik.netstory.com.pl\/index.php?rest_route=%2Fwp%2Fv2%2Fmedia&parent=10598"}],"wp:term":[{"taxonomy":"product_brand","embeddable":true,"href":"https:\/\/magiiik.netstory.com.pl\/index.php?rest_route=%2Fwp%2Fv2%2Fproduct_brand&post=10598"},{"taxonomy":"product_cat","embeddable":true,"href":"https:\/\/magiiik.netstory.com.pl\/index.php?rest_route=%2Fwp%2Fv2%2Fproduct_cat&post=10598"},{"taxonomy":"product_tag","embeddable":true,"href":"https:\/\/magiiik.netstory.com.pl\/index.php?rest_route=%2Fwp%2Fv2%2Fproduct_tag&post=10598"}],"curies":[{"name":"wp","href":"https:\/\/api.w.org\/{rel}","templated":true}]}}