{"id":10591,"date":"2025-09-19T13:41:19","date_gmt":"2025-09-19T11:41:19","guid":{"rendered":"https:\/\/magiiik.netstory.com.pl\/produkt\/lightpaint-by-mathieu-bich-and-gentlemens-magic\/"},"modified":"2025-09-19T13:41:19","modified_gmt":"2025-09-19T11:41:19","slug":"lightpaint-by-mathieu-bich-and-gentlemens-magic","status":"publish","type":"product","link":"https:\/\/magiiik.netstory.com.pl\/?product=lightpaint-by-mathieu-bich-and-gentlemens-magic","title":{"rendered":"LightPaint by Mathieu Bich and Gentlemen&#8217;s Magic"},"content":{"rendered":"<p><span style=\"font-size: 12pt; font-family: arial, helvetica, sans-serif;\">A co je\u015bli m\u00f3g\u0142by\u015b odkry\u0107 kart\u0119 widza robi\u0105c zdj\u0119cie po\u017cyczonym telefonem kom\u00f3rkowym? Wystarczy tylko jedno zdj\u0119cie, lubi filmik, aby odkry\u0107 wyb\u00f3r widza! <strong>Obraz ten mo\u017cesz od razu udost\u0119pni\u0107 w sieci na portalach spo\u0142eczno\u015bciowych!<\/strong><\/span><\/p>\n<p><strong><span style=\"font-size: 12pt; font-family: arial, helvetica, sans-serif;\">WYJ\u0104TKOWO WIZUALNY I NOWOCZESNY<\/span><\/strong><\/p>\n<p><span style=\"font-size: 12pt; font-family: arial, helvetica, sans-serif;\"><strong>LightPaint<\/strong> to pierwsze wydawnictwo <strong>Gentlemen&#8217;s Magic<\/strong> i jest bardzo mocne! Efekt jest niezwykle wizualny i nowoczesny, a foto pozostawi widzom niezapomnian\u0105 pami\u0105tk\u0119! Oryginalny pomys\u0142 <strong>Mathieu Bich<\/strong>&#8217;a.\u00a0<\/span><\/p>\n<p><strong><span style=\"font-size: 12pt; font-family: arial, helvetica, sans-serif;\">EFEKT<\/span><\/strong><\/p>\n<p><span style=\"font-size: 12pt; font-family: arial, helvetica, sans-serif;\">Pokazujesz p\u00f3\u0142przezroczyst\u0105 kart\u0119, kt\u00f3ra b\u0119dzie twoj\u0105 prognoz\u0105. Ka\u017cdy mo\u017ce j\u0105 zobaczy\u0107, nie kryje w sobie nic szczeg\u00f3lnego. Po\u017cyczasz telefon od widza i robisz zdj\u0119cie widzowi trzymaj\u0105cemu kart\u0119 w r\u0119ku, kt\u00f3re b\u0119dzie specjaln\u0105 pami\u0105tk\u0105 na koniec rutyny&#8230;<\/span><\/p>\n<p><span style=\"font-size: 12pt; font-family: arial, helvetica, sans-serif;\">Prezentujesz zwyk\u0142\u0105 tali\u0119 kart, a widz wybiera jedn\u0105 z nich. Popro\u015b go teraz, aby rzuci\u0142 okiem na zdj\u0119cie, kt\u00f3re zrobi\u0142e\u015b chwil\u0119 wcze\u015bniej&#8230; Wybrana karta pojawia si\u0119 b\u0142yskawicznie! <strong>To naprawd\u0119 mega silny i magiczny efekt!<\/strong><\/span><\/p>\n<p><span style=\"font-size: 12pt; font-family: arial, helvetica, sans-serif;\"><strong><iframe loading=\"lazy\" src=\"\/\/www.youtube.com\/embed\/YP7Hv359Q7I\" width=\"560\" height=\"314\" allowfullscreen=\"allowfullscreen\"><\/iframe><\/strong><\/span><\/p>\n<p><strong><span style=\"font-size: 12pt; font-family: arial, helvetica, sans-serif;\">DLA AMATOR\u00d3W I PROFESJONALIST\u00d3W<\/span><\/strong><\/p>\n<p><span style=\"font-size: 12pt; font-family: arial, helvetica, sans-serif;\"><strong>LightPaint<\/strong> jest idealny dla ka\u017cdego! Niezale\u017cnie od tego, czy jeste\u015b pocz\u0105tkuj\u0105cym, czy profesjonalnym iluzjonist\u0105. Czy Twoje show robisz dla rodziny i przyjaci\u00f3\u0142, czy w profesjonalnych warunkach, imprezie koktajlowej, bankiecie, w barze, czy restauracji. <strong>Gimmick wykonuje ca\u0142\u0105 prac\u0119 za Ciebie!<\/strong> B\u0142yskawiczny reset pozwala Ci by\u0107 zawsze gotowym, aby ponownie wykona\u0107 ten trick z inn\u0105 kart\u0105.\u00a0<\/span><\/p>\n<p><strong><span style=\"font-size: 12pt; font-family: arial, helvetica, sans-serif;\">SPECJALNY GIMMICK WYKONUJE CA\u0141\u0104 PRAC\u0118 ZA CIEBIE<\/span><\/strong><\/p>\n<p><span style=\"font-size: 12pt; font-family: arial, helvetica, sans-serif;\">Mo\u017cesz si\u0119 w pe\u0142ni skupi\u0107 na prezentacji, gdy\u017c specjalny gimmick wykona ca\u0142\u0105 prac\u0119 za Ciebie. Nie jest Ci potrzebna \u017cadna aplikacja, dzia\u0142a z ka\u017cdym smartfonem, nie wymaga po\u0142\u0105czenia z internetem.\u00a0<\/span><\/p>\n<p>\u00a0<\/p>\n<p><span style=\"font-size: 12pt; font-family: arial, helvetica, sans-serif;\">&#8211; naprawd\u0119 \u0142atwe do wykonania;<\/span><\/p>\n<p><span style=\"font-size: 12pt; font-family: arial, helvetica, sans-serif;\">&#8211; dzia\u0142a na wszystkich smartfonach z lamp\u0105 b\u0142yskow\u0105;<\/span><\/p>\n<p><span style=\"font-size: 12pt; font-family: arial, helvetica, sans-serif;\">&#8211; nie potrzebujesz \u017cadnej aplikacji;<\/span><\/p>\n<p><span style=\"font-size: 12pt; font-family: arial, helvetica, sans-serif;\">&#8211; efekt wykonujesz na po\u017cyczonym telefonie;<\/span><\/p>\n<p><span style=\"font-size: 12pt; font-family: arial, helvetica, sans-serif;\">&#8211; efekt jest bardzo wizualny, nowoczesny i dynamiczny;<\/span><\/p>\n<p><span style=\"font-size: 12pt; font-family: arial, helvetica, sans-serif;\">&#8211; pozostawiasz niezapomnian\u0105 pami\u0105tk\u0119 swoich widzom;<\/span><\/p>\n<p><span style=\"font-size: 12pt; font-family: arial, helvetica, sans-serif;\">&#8211; obraz mo\u017cna natychmiast udost\u0119pni\u0107 w sieci.<\/span><\/p>\n","protected":false},"excerpt":{"rendered":"<p><strong>LightPaint by Mathieu Bich and Gentlemen&#8217;s Magic\u00a0<\/strong><\/p>\n","protected":false},"featured_media":10592,"comment_status":"closed","ping_status":"open","template":"","meta":[],"product_brand":[],"product_cat":[41],"product_tag":[],"class_list":{"0":"post-10591","1":"product","2":"type-product","3":"status-publish","4":"has-post-thumbnail","6":"product_cat-mikro-iluzja-close-up-efekty-z-kartami","8":"first","9":"instock","10":"purchasable","11":"product-type-simple"},"_links":{"self":[{"href":"https:\/\/magiiik.netstory.com.pl\/index.php?rest_route=\/wp\/v2\/product\/10591","targetHints":{"allow":["GET"]}}],"collection":[{"href":"https:\/\/magiiik.netstory.com.pl\/index.php?rest_route=\/wp\/v2\/product"}],"about":[{"href":"https:\/\/magiiik.netstory.com.pl\/index.php?rest_route=\/wp\/v2\/types\/product"}],"replies":[{"embeddable":true,"href":"https:\/\/magiiik.netstory.com.pl\/index.php?rest_route=%2Fwp%2Fv2%2Fcomments&post=10591"}],"wp:featuredmedia":[{"embeddable":true,"href":"https:\/\/magiiik.netstory.com.pl\/index.php?rest_route=\/wp\/v2\/media\/10592"}],"wp:attachment":[{"href":"https:\/\/magiiik.netstory.com.pl\/index.php?rest_route=%2Fwp%2Fv2%2Fmedia&parent=10591"}],"wp:term":[{"taxonomy":"product_brand","embeddable":true,"href":"https:\/\/magiiik.netstory.com.pl\/index.php?rest_route=%2Fwp%2Fv2%2Fproduct_brand&post=10591"},{"taxonomy":"product_cat","embeddable":true,"href":"https:\/\/magiiik.netstory.com.pl\/index.php?rest_route=%2Fwp%2Fv2%2Fproduct_cat&post=10591"},{"taxonomy":"product_tag","embeddable":true,"href":"https:\/\/magiiik.netstory.com.pl\/index.php?rest_route=%2Fwp%2Fv2%2Fproduct_tag&post=10591"}],"curies":[{"name":"wp","href":"https:\/\/api.w.org\/{rel}","templated":true}]}}