{"id":10575,"date":"2025-09-19T13:40:24","date_gmt":"2025-09-19T11:40:24","guid":{"rendered":"https:\/\/magiiik.netstory.com.pl\/produkt\/smart-pen-by-henry-evans\/"},"modified":"2025-09-19T13:41:01","modified_gmt":"2025-09-19T11:41:01","slug":"smart-pen-by-henry-evans","status":"publish","type":"product","link":"https:\/\/magiiik.netstory.com.pl\/?product=smart-pen-by-henry-evans","title":{"rendered":"Smart Pen by Henry Evans"},"content":{"rendered":"<p><span style=\"font-size: 12pt; font-family: arial, helvetica, sans-serif;\">Szukasz niesamowitego efektu, kt\u00f3ry dzieje si\u0119 tu\u017c pod nosem Twojego widza? Tricku, kt\u00f3ry jest niesamowicie mocny i \u0142\u0105czy w sobie dwa efekty? Je\u015bli tak, to <strong>Henry Evans<\/strong> ma co\u015b dla Ciebie.\u00a0<\/span><\/p>\n<p><span style=\"font-size: 12pt; font-family: arial, helvetica, sans-serif;\">Iluzjonista opowiada publiczno\u015bci histori\u0119 o swoim zmar\u0142ym dziadku, kt\u00f3rego duch jest przy nim w ka\u017cdej chwili i tajemniczo pomaga mu w magii. Wyci\u0105ga tali\u0119 kart. Widz wybiera kart\u0119 i pokazuje j\u0105 publiczno\u015bci, a nast\u0119pnie wk\u0142ada ponownie do talii. Teraz dziadek wchodzi do gry, by pom\u00f3c odnale\u017a\u0107 wybran\u0105 kart\u0119. Magik stawia na stole ma\u0142y kieliszek i k\u0142adzie na nim d\u0142ugopis. Widz odk\u0142ada teraz na st\u00f3\u0142 kart\u0119 po karcie&#8230; <strong>W pewnym momencie d\u0142ugopis reaguje i spada z kieliszka!<\/strong> Dzieje si\u0119 to dok\u0142adnie w momencie, kiedy widz odk\u0142ada wybran\u0105 przez siebie kart\u0119!<\/span><\/p>\n<p><span style=\"font-size: 12pt; font-family: arial, helvetica, sans-serif;\"><iframe loading=\"lazy\" src=\"\/\/www.youtube.com\/embed\/EtI0caM6MWs\" width=\"560\" height=\"314\" allowfullscreen=\"allowfullscreen\"><\/iframe><\/span><\/p>\n<p><span style=\"font-size: 12pt; font-family: arial, helvetica, sans-serif;\"><strong>Wszystko dzia\u0142a automatycznie.<\/strong> Nie potrzeba \u017cadnych specjalnych umiej\u0119tno\u015bci. Bez wzgl\u0119du na to, co b\u0119dzie robi\u0142 widz, d\u0142ugopis zawsze spadnie w odpowiednim momencie.\u00a0<\/span><\/p>\n<p><strong><span style=\"font-size: 12pt; font-family: arial, helvetica, sans-serif;\">W zestawie otrzymasz:<\/span><\/strong><\/p>\n<p><span style=\"font-size: 12pt; font-family: arial, helvetica, sans-serif;\">&#8211; d\u0142ugopis,<\/span><\/p>\n<p><span style=\"font-size: 12pt; font-family: arial, helvetica, sans-serif;\">&#8211; tali\u0119 kart;<\/span><\/p>\n<p><span style=\"font-size: 12pt; font-family: arial, helvetica, sans-serif;\">&#8211; video do pobrania z dok\u0142adn\u0105 instrukcj\u0105.\u00a0<\/span><\/p>\n<p>\u00a0<\/p>\n","protected":false},"excerpt":{"rendered":"<p><strong>Smart Pen by Henry Evans\u00a0<\/strong><\/p>\n","protected":false},"featured_media":10576,"comment_status":"closed","ping_status":"open","template":"","meta":[],"product_brand":[],"product_cat":[24],"product_tag":[],"class_list":{"0":"post-10575","1":"product","2":"type-product","3":"status-publish","4":"has-post-thumbnail","6":"product_cat-mentalizm","8":"first","9":"instock","10":"purchasable","11":"product-type-simple"},"_links":{"self":[{"href":"https:\/\/magiiik.netstory.com.pl\/index.php?rest_route=\/wp\/v2\/product\/10575","targetHints":{"allow":["GET"]}}],"collection":[{"href":"https:\/\/magiiik.netstory.com.pl\/index.php?rest_route=\/wp\/v2\/product"}],"about":[{"href":"https:\/\/magiiik.netstory.com.pl\/index.php?rest_route=\/wp\/v2\/types\/product"}],"replies":[{"embeddable":true,"href":"https:\/\/magiiik.netstory.com.pl\/index.php?rest_route=%2Fwp%2Fv2%2Fcomments&post=10575"}],"wp:featuredmedia":[{"embeddable":true,"href":"https:\/\/magiiik.netstory.com.pl\/index.php?rest_route=\/wp\/v2\/media\/10576"}],"wp:attachment":[{"href":"https:\/\/magiiik.netstory.com.pl\/index.php?rest_route=%2Fwp%2Fv2%2Fmedia&parent=10575"}],"wp:term":[{"taxonomy":"product_brand","embeddable":true,"href":"https:\/\/magiiik.netstory.com.pl\/index.php?rest_route=%2Fwp%2Fv2%2Fproduct_brand&post=10575"},{"taxonomy":"product_cat","embeddable":true,"href":"https:\/\/magiiik.netstory.com.pl\/index.php?rest_route=%2Fwp%2Fv2%2Fproduct_cat&post=10575"},{"taxonomy":"product_tag","embeddable":true,"href":"https:\/\/magiiik.netstory.com.pl\/index.php?rest_route=%2Fwp%2Fv2%2Fproduct_tag&post=10575"}],"curies":[{"name":"wp","href":"https:\/\/api.w.org\/{rel}","templated":true}]}}