{"id":10573,"date":"2025-09-19T13:40:24","date_gmt":"2025-09-19T11:40:24","guid":{"rendered":"https:\/\/magiiik.netstory.com.pl\/produkt\/cut-no-cut-scissor-nozyczki-by-mr-magic\/"},"modified":"2025-09-19T13:41:00","modified_gmt":"2025-09-19T11:41:00","slug":"cut-no-cut-scissor-nozyczki-by-mr-magic","status":"publish","type":"product","link":"https:\/\/magiiik.netstory.com.pl\/?product=cut-no-cut-scissor-nozyczki-by-mr-magic","title":{"rendered":"Cut No Cut Scissor (no\u017cyczki) by Mr. Magic"},"content":{"rendered":"<p><span style=\"font-size: 12pt; font-family: arial, helvetica, sans-serif;\">Iluzjonista trzymaj\u0105c sznur, podaje widzowi no\u017cyczki i prosi o przeci\u0119cie liny. Widz nie mo\u017ce otworzy\u0107 no\u017cyczek. Pr\u00f3buje z ca\u0142ych swoich si\u0142, ale niestety nie jest w stanie ich otworzy\u0107. Magik odbiera je widzowi i bez problemu przecina lin\u0119 na p\u00f3\u0142. Podaje ponownie no\u017cyczki widzowi, by przeci\u0105\u0142 sznur w nast\u0119pnym miejscu, ale tym razem zn\u00f3w pojawia si\u0119 problem, bo widz nie mo\u017ce zamkn\u0105\u0107 no\u017cyczek, a tym samym nie mo\u017ce przeci\u0105\u0107 liny!\u00a0<\/span><\/p>\n<p><span style=\"font-size: 12pt; font-family: arial, helvetica, sans-serif;\">To rekwizyt, kt\u00f3ry za ka\u017cdym razem wywo\u0142uje \u015bmiech na sali. <strong>Idealnie sprawdza si\u0119 w iluzji komicznej i w efektach ze sznurami.<\/strong><\/span><\/p>\n<p>\u00a0<\/p>\n","protected":false},"excerpt":{"rendered":"<p><strong>Cut No Cut Scissor by Mr. Magic\u00a0<\/strong><\/p>\n","protected":false},"featured_media":10574,"comment_status":"closed","ping_status":"open","template":"","meta":[],"product_brand":[],"product_cat":[40],"product_tag":[],"class_list":{"0":"post-10573","1":"product","2":"type-product","3":"status-publish","4":"has-post-thumbnail","6":"product_cat-iluzja-sceniczna-sznury","8":"first","9":"instock","10":"purchasable","11":"product-type-simple"},"_links":{"self":[{"href":"https:\/\/magiiik.netstory.com.pl\/index.php?rest_route=\/wp\/v2\/product\/10573","targetHints":{"allow":["GET"]}}],"collection":[{"href":"https:\/\/magiiik.netstory.com.pl\/index.php?rest_route=\/wp\/v2\/product"}],"about":[{"href":"https:\/\/magiiik.netstory.com.pl\/index.php?rest_route=\/wp\/v2\/types\/product"}],"replies":[{"embeddable":true,"href":"https:\/\/magiiik.netstory.com.pl\/index.php?rest_route=%2Fwp%2Fv2%2Fcomments&post=10573"}],"wp:featuredmedia":[{"embeddable":true,"href":"https:\/\/magiiik.netstory.com.pl\/index.php?rest_route=\/wp\/v2\/media\/10574"}],"wp:attachment":[{"href":"https:\/\/magiiik.netstory.com.pl\/index.php?rest_route=%2Fwp%2Fv2%2Fmedia&parent=10573"}],"wp:term":[{"taxonomy":"product_brand","embeddable":true,"href":"https:\/\/magiiik.netstory.com.pl\/index.php?rest_route=%2Fwp%2Fv2%2Fproduct_brand&post=10573"},{"taxonomy":"product_cat","embeddable":true,"href":"https:\/\/magiiik.netstory.com.pl\/index.php?rest_route=%2Fwp%2Fv2%2Fproduct_cat&post=10573"},{"taxonomy":"product_tag","embeddable":true,"href":"https:\/\/magiiik.netstory.com.pl\/index.php?rest_route=%2Fwp%2Fv2%2Fproduct_tag&post=10573"}],"curies":[{"name":"wp","href":"https:\/\/api.w.org\/{rel}","templated":true}]}}