{"id":10566,"date":"2025-09-19T13:40:24","date_gmt":"2025-09-19T11:40:24","guid":{"rendered":"https:\/\/magiiik.netstory.com.pl\/produkt\/the-vault-tubular-by-paul-harris-video-download\/"},"modified":"2025-09-19T13:40:56","modified_gmt":"2025-09-19T11:40:56","slug":"the-vault-tubular-by-paul-harris-video-download","status":"publish","type":"product","link":"https:\/\/magiiik.netstory.com.pl\/?product=the-vault-tubular-by-paul-harris-video-download","title":{"rendered":"The Vault &#8211; Tubular by Paul Harris video DOWNLOAD"},"content":{"rendered":"<p><span style=\"font-family: arial, helvetica, sans-serif; font-size: 12pt;\"><strong>Paul Harris<\/strong> robi to po raz kolejny! Ju\u017c wystarczy samo nazwisko, by wiedzie\u0107, \u017ce ten efekt zadziwi Twoich widz\u00f3w! To jest totalny cud, w kt\u00f3rym <strong>dwa podpisane banknoty zamieniaj\u0105 si\u0119 w jeden z dwoma podpisami<\/strong>, a wszystko dzieje si\u0119 w r\u0119kach widza!<\/span><\/p>\n<p><span style=\"font-family: arial, helvetica, sans-serif; font-size: 12pt;\">Widz widzi dwa banknoty osobno podpisane &#8211; ich podpis na jednym banknocie, Tw\u00f3j podpis na drugiem. Sk\u0142ada banknot, a Ty sk\u0142adasz sw\u00f3j. Oba umieszczane s\u0105 w d\u0142oniach widza. Gdy otwiera d\u0142onie jest szok! Widzi jeden banknot z dwoma podpisami!<\/span><\/p>\n<p><span style=\"font-family: arial, helvetica, sans-serif; font-size: 12pt;\"><iframe loading=\"lazy\" src=\"\/\/www.youtube.com\/embed\/l2HlOFYs2WI\" width=\"560\" height=\"314\" allowfullscreen=\"allowfullscreen\"><\/iframe><\/span><\/p>\n<p><span style=\"font-family: arial, helvetica, sans-serif; font-size: 12pt;\">To jest prawdziwa magia, kt\u00f3rej mo\u017cesz nauczy\u0107 si\u0119 i Ty pobieraj\u0105c to video ju\u017c teraz!<\/span><\/p>\n<p>\u00a0<\/p>\n","protected":false},"excerpt":{"rendered":"<p><strong>The Vault &#8211; Tubular by Paul Harris<\/strong><\/p>\n","protected":false},"featured_media":10567,"comment_status":"closed","ping_status":"open","template":"","meta":[],"product_brand":[],"product_cat":[74],"product_tag":[],"class_list":{"0":"post-10566","1":"product","2":"type-product","3":"status-publish","4":"has-post-thumbnail","6":"product_cat-the-vault-nowosc","8":"first","9":"instock","10":"purchasable","11":"product-type-simple"},"_links":{"self":[{"href":"https:\/\/magiiik.netstory.com.pl\/index.php?rest_route=\/wp\/v2\/product\/10566","targetHints":{"allow":["GET"]}}],"collection":[{"href":"https:\/\/magiiik.netstory.com.pl\/index.php?rest_route=\/wp\/v2\/product"}],"about":[{"href":"https:\/\/magiiik.netstory.com.pl\/index.php?rest_route=\/wp\/v2\/types\/product"}],"replies":[{"embeddable":true,"href":"https:\/\/magiiik.netstory.com.pl\/index.php?rest_route=%2Fwp%2Fv2%2Fcomments&post=10566"}],"wp:featuredmedia":[{"embeddable":true,"href":"https:\/\/magiiik.netstory.com.pl\/index.php?rest_route=\/wp\/v2\/media\/10567"}],"wp:attachment":[{"href":"https:\/\/magiiik.netstory.com.pl\/index.php?rest_route=%2Fwp%2Fv2%2Fmedia&parent=10566"}],"wp:term":[{"taxonomy":"product_brand","embeddable":true,"href":"https:\/\/magiiik.netstory.com.pl\/index.php?rest_route=%2Fwp%2Fv2%2Fproduct_brand&post=10566"},{"taxonomy":"product_cat","embeddable":true,"href":"https:\/\/magiiik.netstory.com.pl\/index.php?rest_route=%2Fwp%2Fv2%2Fproduct_cat&post=10566"},{"taxonomy":"product_tag","embeddable":true,"href":"https:\/\/magiiik.netstory.com.pl\/index.php?rest_route=%2Fwp%2Fv2%2Fproduct_tag&post=10566"}],"curies":[{"name":"wp","href":"https:\/\/api.w.org\/{rel}","templated":true}]}}