{"id":10554,"date":"2025-09-19T13:40:24","date_gmt":"2025-09-19T11:40:24","guid":{"rendered":"https:\/\/magiiik.netstory.com.pl\/produkt\/the-vault-think-and-sync-by-john-carey-video-download\/"},"modified":"2025-09-19T13:40:49","modified_gmt":"2025-09-19T11:40:49","slug":"the-vault-think-and-sync-by-john-carey-video-download","status":"publish","type":"product","link":"https:\/\/magiiik.netstory.com.pl\/?product=the-vault-think-and-sync-by-john-carey-video-download","title":{"rendered":"The Vault &#8211; Think and Sync by John Carey video DOWNLOAD"},"content":{"rendered":"<p><span style=\"font-family: arial, helvetica, sans-serif; font-size: 12pt;\">Je\u015bli szukasz efektu mentalnego, kt\u00f3ry totalnie znokautuje Twojego widza, to jeste\u015b we w\u0142a\u015bciwym miejscu.\u00a0<\/span><\/p>\n<p><span style=\"font-family: arial, helvetica, sans-serif; font-size: 12pt;\">Jeden z najlepszych magik\u00f3w w Wielkiej Brytanii zaprezentuje Ci efekt karciany, kt\u00f3ry mo\u017cesz wykona\u0107 zawsze i w dowolnym miejscu.<\/span><\/p>\n<p><span style=\"font-family: arial, helvetica, sans-serif; font-size: 12pt;\">Obejrzyj poni\u017csze video i zobacz sam ten niesamowity trick.\u00a0<\/span><\/p>\n<p><span style=\"font-family: arial, helvetica, sans-serif; font-size: 12pt;\"><iframe loading=\"lazy\" src=\"\/\/www.youtube.com\/embed\/8bdPVK6ivqQ\" width=\"560\" height=\"314\" allowfullscreen=\"allowfullscreen\"><\/iframe><\/span><\/p>\n<p>\u00a0<\/p>\n<p>\u00a0<\/p>\n","protected":false},"excerpt":{"rendered":"<p><strong>The Vault &#8211; Think and Sync by John Carey<\/strong><\/p>\n","protected":false},"featured_media":10555,"comment_status":"closed","ping_status":"open","template":"","meta":[],"product_brand":[],"product_cat":[74],"product_tag":[],"class_list":{"0":"post-10554","1":"product","2":"type-product","3":"status-publish","4":"has-post-thumbnail","6":"product_cat-the-vault-nowosc","8":"first","9":"instock","10":"purchasable","11":"product-type-simple"},"_links":{"self":[{"href":"https:\/\/magiiik.netstory.com.pl\/index.php?rest_route=\/wp\/v2\/product\/10554","targetHints":{"allow":["GET"]}}],"collection":[{"href":"https:\/\/magiiik.netstory.com.pl\/index.php?rest_route=\/wp\/v2\/product"}],"about":[{"href":"https:\/\/magiiik.netstory.com.pl\/index.php?rest_route=\/wp\/v2\/types\/product"}],"replies":[{"embeddable":true,"href":"https:\/\/magiiik.netstory.com.pl\/index.php?rest_route=%2Fwp%2Fv2%2Fcomments&post=10554"}],"wp:featuredmedia":[{"embeddable":true,"href":"https:\/\/magiiik.netstory.com.pl\/index.php?rest_route=\/wp\/v2\/media\/10555"}],"wp:attachment":[{"href":"https:\/\/magiiik.netstory.com.pl\/index.php?rest_route=%2Fwp%2Fv2%2Fmedia&parent=10554"}],"wp:term":[{"taxonomy":"product_brand","embeddable":true,"href":"https:\/\/magiiik.netstory.com.pl\/index.php?rest_route=%2Fwp%2Fv2%2Fproduct_brand&post=10554"},{"taxonomy":"product_cat","embeddable":true,"href":"https:\/\/magiiik.netstory.com.pl\/index.php?rest_route=%2Fwp%2Fv2%2Fproduct_cat&post=10554"},{"taxonomy":"product_tag","embeddable":true,"href":"https:\/\/magiiik.netstory.com.pl\/index.php?rest_route=%2Fwp%2Fv2%2Fproduct_tag&post=10554"}],"curies":[{"name":"wp","href":"https:\/\/api.w.org\/{rel}","templated":true}]}}