{"id":10552,"date":"2025-09-19T13:40:24","date_gmt":"2025-09-19T11:40:24","guid":{"rendered":"https:\/\/magiiik.netstory.com.pl\/produkt\/the-vault-psychokinetic-silverware-by-gerry-and-banachek-video-download\/"},"modified":"2025-09-19T13:40:48","modified_gmt":"2025-09-19T11:40:48","slug":"the-vault-psychokinetic-silverware-by-gerry-and-banachek-video-download","status":"publish","type":"product","link":"https:\/\/magiiik.netstory.com.pl\/?product=the-vault-psychokinetic-silverware-by-gerry-and-banachek-video-download","title":{"rendered":"The Vault &#8211; Psychokinetic Silverware by Gerry and Banachek video DOWNLOAD"},"content":{"rendered":"<p><span style=\"font-family: arial, helvetica, sans-serif; font-size: 12pt;\">Je\u015bli m\u00f3g\u0142by\u015b naprawd\u0119 si\u0142\u0105 woli wygina\u0107 metalowe przedmioty, to &#8222;<strong>Psychokinetic Silverware<\/strong>&#8221; poka\u017ce Ci, jakby to dok\u0142adnie wygl\u0105da\u0142o!<\/span><\/p>\n<p><span style=\"font-family: arial, helvetica, sans-serif; font-size: 12pt;\">Na tym filmie zobaczysz, jak twarda stal topi si\u0119, jak mas\u0142o, zginaj\u0105c si\u0119, skr\u0119caj\u0105c, \u0142ami\u0105c, pozornie samoistnie, nawet w d\u0142oni widza!<\/span><\/p>\n<p><span style=\"font-family: arial, helvetica, sans-serif; font-size: 12pt;\"><iframe loading=\"lazy\" src=\"\/\/www.youtube.com\/embed\/AOBQiVmCoTo\" width=\"560\" height=\"314\" allowfullscreen=\"allowfullscreen\"><\/iframe><\/span><\/p>\n<p><span style=\"font-family: arial, helvetica, sans-serif; font-size: 12pt;\">Metody <strong>Banachek<\/strong>&#8217;a s\u0105 tak niezwyk\u0142e i tak realistyczne, \u017ce cz\u0119sto s\u0105 &#8222;oskar\u017cane&#8221; o prawdziwe! Po przestudiowaniu i przeanalizowaniu tych efekt\u00f3w,\u00a0<strong>McDonnell Laboratory for Psychic Research<\/strong> z dum\u0105 og\u0142osi\u0142o spo\u0142eczno\u015bci naukowej, \u017ce odkryli kogo\u015b z prawdziwymi zdolno\u015bciami paranormalnymi!\u00a0<strong>The National Enquirer<\/strong> i inne media r\u00f3wnie\u017c informowa\u0142y o psychokinetycznych zdolno\u015bciach <strong>Banachek<\/strong>&#8217;a!<\/span><\/p>\n<p><span style=\"font-family: arial, helvetica, sans-serif; font-size: 12pt;\"><iframe loading=\"lazy\" src=\"\/\/www.youtube.com\/embed\/bCeAIBbySGE\" width=\"560\" height=\"314\" allowfullscreen=\"allowfullscreen\"><\/iframe><\/span><\/p>\n<p><span style=\"font-family: arial, helvetica, sans-serif; font-size: 12pt;\">W tym niezwyk\u0142ym video, <strong>Gerry<\/strong> i <strong>Banachek<\/strong> w ko\u0144cu ujawniaj\u0105 prawdziwe sekrety tych zadziwiaj\u0105cych rutyn! Nie tylko poznasz sekrety tych trick\u00f3w, ale tak\u017ce nauczysz si\u0119 tego, jak to wszystko dzia\u0142a &#8222;od \u015brodka&#8221;, psychologii gi\u0119cia metalu. To s\u0105 tajemnice, kt\u00f3re by\u0142y bardzo \u015bci\u015ble strze\u017cone&#8230; a\u017c do teraz.<\/span><\/p>\n<p>\u00a0<\/p>\n","protected":false},"excerpt":{"rendered":"<p><strong>The Vault &#8211; Psychokinetic Silverware by Gerry and Banachek<\/strong><\/p>\n","protected":false},"featured_media":10553,"comment_status":"closed","ping_status":"open","template":"","meta":[],"product_brand":[],"product_cat":[74],"product_tag":[],"class_list":{"0":"post-10552","1":"product","2":"type-product","3":"status-publish","4":"has-post-thumbnail","6":"product_cat-the-vault-nowosc","8":"first","9":"instock","10":"purchasable","11":"product-type-simple"},"_links":{"self":[{"href":"https:\/\/magiiik.netstory.com.pl\/index.php?rest_route=\/wp\/v2\/product\/10552","targetHints":{"allow":["GET"]}}],"collection":[{"href":"https:\/\/magiiik.netstory.com.pl\/index.php?rest_route=\/wp\/v2\/product"}],"about":[{"href":"https:\/\/magiiik.netstory.com.pl\/index.php?rest_route=\/wp\/v2\/types\/product"}],"replies":[{"embeddable":true,"href":"https:\/\/magiiik.netstory.com.pl\/index.php?rest_route=%2Fwp%2Fv2%2Fcomments&post=10552"}],"wp:featuredmedia":[{"embeddable":true,"href":"https:\/\/magiiik.netstory.com.pl\/index.php?rest_route=\/wp\/v2\/media\/10553"}],"wp:attachment":[{"href":"https:\/\/magiiik.netstory.com.pl\/index.php?rest_route=%2Fwp%2Fv2%2Fmedia&parent=10552"}],"wp:term":[{"taxonomy":"product_brand","embeddable":true,"href":"https:\/\/magiiik.netstory.com.pl\/index.php?rest_route=%2Fwp%2Fv2%2Fproduct_brand&post=10552"},{"taxonomy":"product_cat","embeddable":true,"href":"https:\/\/magiiik.netstory.com.pl\/index.php?rest_route=%2Fwp%2Fv2%2Fproduct_cat&post=10552"},{"taxonomy":"product_tag","embeddable":true,"href":"https:\/\/magiiik.netstory.com.pl\/index.php?rest_route=%2Fwp%2Fv2%2Fproduct_tag&post=10552"}],"curies":[{"name":"wp","href":"https:\/\/api.w.org\/{rel}","templated":true}]}}